{"id":10695,"date":"2017-03-23T16:02:20","date_gmt":"2017-03-23T14:02:20","guid":{"rendered":"https:\/\/id-david.com\/aviso-legal\/"},"modified":"2023-12-11T13:48:09","modified_gmt":"2023-12-11T11:48:09","slug":"aviso-legal","status":"publish","type":"page","link":"https:\/\/id-david.com\/de\/aviso-legal\/","title":{"rendered":"Rechtliche Hinweise"},"content":{"rendered":"[vc_row type=&#8221;in_container&#8221; full_screen_row_position=&#8221;middle&#8221; scene_position=&#8221;center&#8221; text_color=&#8221;dark&#8221; text_align=&#8221;left&#8221; overlay_strength=&#8221;0.3&#8243; shape_divider_position=&#8221;bottom&#8221; bg_image_animation=&#8221;none&#8221;][vc_column column_padding=&#8221;no-extra-padding&#8221; column_padding_position=&#8221;all&#8221; background_color_opacity=&#8221;1&#8243; background_hover_color_opacity=&#8221;1&#8243; column_link_target=&#8221;_self&#8221; column_shadow=&#8221;none&#8221; column_border_radius=&#8221;none&#8221; width=&#8221;1\/1&#8243; tablet_width_inherit=&#8221;default&#8221; tablet_text_alignment=&#8221;default&#8221; phone_text_alignment=&#8221;default&#8221; column_border_width=&#8221;none&#8221; column_border_style=&#8221;solid&#8221; bg_image_animation=&#8221;none&#8221;][vc_column_text]<strong>Rechtliche Hinweise f\u00fcr die Website<\/strong><\/p>\n<p>&nbsp;<\/p>\n<p>Um Artikel 10 des Gesetzes 34\/2002 \u00fcber die Dienste der Informationsgesellschaft und des elektronischen Gesch\u00e4ftsverkehrs einzuhalten, informieren wir den Benutzer \u00fcber unsere Daten:<\/p>\n<p>&nbsp;<\/p>\n<p>Firmenname: INDUSTRIAS DAVID, S.LU.<\/p>\n<p>Sitz der Gesellschaft: PI. URBAYECLA II, S\/N PARCELAS 28\/30 APDO 6 &#8211; 30510 &#8211; YECLA &#8211; MURCIA<\/p>\n<p>Steuernummer: B30019616<\/p>\n<p>Telefon: 968718119<\/p>\n<p>E-Mail: info@industriasdavid.com<\/p>\n<p>Registrierungsdaten: Eingetragen im Handelsregister von MURCIA T 454, F 108, S 8, H MU 8677<\/p>\n<p>Webseite: https:\/\/id-david.com\/.<\/p>\n<p>&nbsp;<\/p>\n<p><strong>Objekt<\/strong><\/p>\n<p>Der f\u00fcr die Website verantwortliche Anbieter stellt dieses Dokument den Nutzern zur Verf\u00fcgung, mit denen er beabsichtigt, die im Gesetz 34\/2002 \u00fcber Dienste der Informationsgesellschaft und des elektronischen Gesch\u00e4ftsverkehrs (LSSI-CE) festgelegten Verpflichtungen zu erf\u00fcllen, und informiert alle Benutzer der Website \u00fcber die Nutzungsbedingungen der Website.<\/p>\n<p>Jede Person, die auf diese Website zugreift, \u00fcbernimmt die Rolle des Benutzers und verpflichtet sich zur Einhaltung und strikten Einhaltung der hierin enthaltenen Bestimmungen sowie aller anderen m\u00f6glicherweise anwendbaren gesetzlichen Bestimmungen.<\/p>\n<p>Der Anbieter beh\u00e4lt sich das Recht vor, jede Art von Informationen, die auf der Website erscheinen k\u00f6nnen, zu \u00e4ndern, ohne dass eine Verpflichtung zur vorherigen Ank\u00fcndigung oder Information der Nutzer besteht, wobei die Ver\u00f6ffentlichung auf der Website des Anbieters als ausreichend angesehen wird.<\/p>\n<p>&nbsp;<\/p>\n<p>&nbsp;<\/p>\n<p><strong>Haftung<\/strong><\/p>\n<p>Der Anbieter lehnt jegliche Haftung ab, die sich aus den auf seiner Website ver\u00f6ffentlichten Informationen ergibt, sofern diese Informationen von einem Dritten au\u00dferhalb dieser Informationen manipuliert oder eingef\u00fchrt wurden.<\/p>\n<p>Die Website des Anbieters kann Cookies verwenden (kleine Informationsdateien, die der Server an das Ger\u00e4t der Person sendet, die auf die Seite zugreift). Weitere Informationen finden Sie in unserer Cookie-Richtlinie\u00a0.<\/p>\n<p>&nbsp;<\/p>\n<p>Von der Website des Kunden aus ist es m\u00f6glich, auf Inhalte von Websites Dritter weitergeleitet zu werden. Da der Anbieter die von Dritten auf seinen Webseiten eingestellten Inhalte nicht immer kontrollieren kann, \u00fcbernimmt er keinerlei Verantwortung f\u00fcr diese Inhalte. In jedem Fall erkl\u00e4rt der Anbieter, dass er alle Inhalte, die gegen nationale oder internationale Gesetze, die guten Sitten oder die \u00f6ffentliche Ordnung versto\u00dfen k\u00f6nnten, unverz\u00fcglich zur\u00fcckzieht, die Weiterleitung auf diese Website unverz\u00fcglich zur\u00fcckzieht und die zust\u00e4ndigen Beh\u00f6rden \u00fcber den betreffenden Inhalt informiert.<\/p>\n<p>&nbsp;<\/p>\n<p>Der Anbieter ist nicht verantwortlich f\u00fcr die Informationen und Inhalte, die beispielsweise in Foren, Chats, Blog-Generatoren, Kommentaren, sozialen Netzwerken oder anderen Mitteln gespeichert sind, die es Dritten erm\u00f6glichen, Inhalte unabh\u00e4ngig auf der Website des Anbieters zu ver\u00f6ffentlichen. In \u00dcbereinstimmung mit den Bestimmungen der Art. 11 und 16 des LSSI-CE steht der Anbieter jedoch allen Nutzern, Beh\u00f6rden und Sicherheitskr\u00e4ften zur Verf\u00fcgung und arbeitet aktiv an der Entfernung oder Sperrung aller Inhalte mit, die die nationale oder internationale Gesetzgebung, die Rechte Dritter oder die Moral und die \u00f6ffentliche Ordnung beeintr\u00e4chtigen oder verletzen k\u00f6nnten. Sollte der Nutzer der Ansicht sein, dass es auf der Website Inhalte gibt, die f\u00fcr diese Einstufung in Frage kommen k\u00f6nnten, benachrichtigen Sie bitte unverz\u00fcglich den Administrator der Website.<\/p>\n<p>&nbsp;<\/p>\n<p>Diese Website wurde gepr\u00fcft und getestet, um sicherzustellen, dass sie korrekt funktioniert. Im Prinzip kann garantiert werden, dass sie 365 Tage im Jahr, 24 Stunden am Tag, korrekt funktioniert. Der Anbieter schlie\u00dft jedoch nicht aus, dass bestimmte Programmierfehler auftreten k\u00f6nnen oder dass h\u00f6here Gewalt, Naturkatastrophen, Streiks oder \u00e4hnliche Umst\u00e4nde den Zugang zur Website unm\u00f6glich machen.<\/p>\n<p>&nbsp;<\/p>\n<p>&nbsp;<\/p>\n<p><strong>Geistiges und gewerbliches Eigentum<\/strong><\/p>\n<p>Die Website, einschlie\u00dflich, aber nicht beschr\u00e4nkt auf ihre Programmierung, Bearbeitung, Zusammenstellung und andere Elemente, die f\u00fcr ihren Betrieb notwendig sind, die Designs, Logos, Texte und \/ oder Grafiken sind Eigentum des Anbieters oder haben gegebenenfalls eine Lizenz oder ausdr\u00fcckliche Genehmigung der Autoren. Alle Inhalte der Website sind ordnungsgem\u00e4\u00df durch die Vorschriften \u00fcber geistiges und gewerbliches Eigentum gesch\u00fctzt und in den entsprechenden \u00f6ffentlichen Registern eingetragen.<\/p>\n<p>&nbsp;<\/p>\n<p>Unabh\u00e4ngig davon, f\u00fcr welchen Zweck sie bestimmt waren, bedarf die vollst\u00e4ndige oder teilweise Vervielf\u00e4ltigung, Nutzung, Verwertung, Verbreitung und Kommerzialisierung in jedem Fall der vorherigen schriftlichen Genehmigung durch den Anbieter. Jede Nutzung, die nicht zuvor vom Anbieter autorisiert wurde, gilt als schwerwiegende Verletzung der geistigen oder gewerblichen Eigentumsrechte des Urhebers.<\/p>\n<p>&nbsp;<\/p>\n<p>Die Designs, Logos, Texte und\/oder Grafiken, die nicht dem Anbieter geh\u00f6ren und die auf der Website erscheinen k\u00f6nnen, geh\u00f6ren ihren jeweiligen Eigent\u00fcmern, die selbst f\u00fcr eventuelle Streitigkeiten in Bezug auf diese verantwortlich sind. In jedem Fall muss der Anbieter die ausdr\u00fcckliche vorherige Genehmigung der Eigent\u00fcmer einholen.<\/p>\n<p>&nbsp;<\/p>\n<p>Der Anbieter gestattet Dritten ausdr\u00fccklich NICHT, direkt auf die spezifischen Inhalte der Website weiterzuleiten, und muss in jedem Fall auf die Hauptwebsite des Anbieters weiterleiten.<\/p>\n<p>&nbsp;<\/p>\n<p>Der Anbieter erkennt zugunsten seiner Eigent\u00fcmer die entsprechenden gewerblichen und geistigen Eigentumsrechte an und impliziert nicht deren blo\u00dfe Erw\u00e4hnung oder Erscheinen auf der Website das Bestehen von Rechten oder einer Verantwortung des Anbieters \u00fcber sie, noch eine Billigung, F\u00f6rderung oder Empfehlung durch diese.<\/p>\n<p>Um jede Art von Bemerkungen in Bezug auf m\u00f6gliche Verletzungen von Rechten an geistigem oder gewerblichem Eigentum sowie von Inhalten der Website zu machen, k\u00f6nnen Sie dies \u00fcber die folgende E-Mail tun.<\/p>\n<p>&nbsp;<\/p>\n<p>&nbsp;<\/p>\n<p><strong>Wahrhaftigkeit der Informationen und Minderj\u00e4hrige.<\/strong><\/p>\n<p>Alle vom Benutzer bereitgestellten Informationen m\u00fcssen wahrheitsgem\u00e4\u00df sein. Zu diesem Zweck garantiert der Nutzer die Authentizit\u00e4t der Daten, die \u00fcber die Formulare f\u00fcr die Anmeldung zu den Diensten \u00fcbermittelt werden. Es liegt in der Verantwortung des Nutzers, alle Informationen, die INDUSTRIAS DAVID, S.LU. zur Verf\u00fcgung gestellt werden, st\u00e4ndig auf dem neuesten Stand zu halten, damit sie jederzeit auf die tats\u00e4chliche Situation des Benutzers reagieren. In jedem Fall ist der Nutzer allein verantwortlich f\u00fcr die falschen oder ungenauen Angaben und die Sch\u00e4den, die dem Anbieter oder Dritten entstehen. F\u00fcr die Nutzung der Dienste dieser Website m\u00fcssen Minderj\u00e4hrige immer die vorherige Zustimmung der Eltern, Erziehungsberechtigten oder gesetzlichen Vertreter einholen, die letztendlich f\u00fcr alle Handlungen verantwortlich sind, die von den Minderj\u00e4hrigen unter ihrer Aufsicht ausgef\u00fchrt werden. Die Verantwortung f\u00fcr die Bestimmung der spezifischen Inhalte, auf die Minderj\u00e4hrige zugreifen, liegt bei ihnen. Wenn sie auf ungeeignete Inhalte im Internet zugreifen, m\u00fcssen daher Mechanismen, insbesondere Software, Filter und Sperren, auf ihren Computern eingerichtet werden, um die verf\u00fcgbaren Inhalte zu begrenzen.<\/p>\n<p>&nbsp;<\/p>\n<p><strong>Verpflichtung zur korrekten Nutzung der Website.<\/strong><\/p>\n<p>Der Nutzer verpflichtet sich, die Website in \u00dcbereinstimmung mit dem Gesetz und diesem rechtlichen Hinweis sowie der Moral und den guten Sitten zu nutzen. Zu diesem Zweck wird der Nutzer davon absehen, die Seite f\u00fcr illegale oder verbotene Zwecke zu nutzen, die den Rechten und Interessen Dritter schaden oder die in irgendeiner Weise die normale Nutzung von Computerausr\u00fcstung oder Dokumenten, Dateien und allen Arten von Inhalten, die auf Computerger\u00e4ten des Anbieters gespeichert sind, besch\u00e4digen, deaktivieren, \u00fcberlasten, verschlechtern oder verhindern k\u00f6nnen.<\/p>\n<p>Insbesondere verpflichtet sich der Nutzer unter allem anderen, keine Informationen, Daten, Inhalte, Nachrichten, Grafiken, Zeichnungen, Ton- oder Bilddateien, Fotos, Aufzeichnungen, Software und im Allgemeinen jegliche Art von Material zu \u00fcbermitteln, zu verbreiten oder Dritten zur Verf\u00fcgung zu stellen, die:<\/p>\n<p>&nbsp;<\/p>\n<ol>\n<li>a) gegen die Grundrechte und \u00f6ffentlichen Freiheiten verst\u00f6\u00dft, die in internationalen Vertr\u00e4gen und anderen geltenden Normen verfassungsm\u00e4\u00dfig anerkannt sind, diese verachtet oder verletzt;<\/li>\n<li>b) kriminelle, erniedrigende, verleumderische, gewaltt\u00e4tige oder allgemein gegen das Gesetz, die Moral und die \u00f6ffentliche Ordnung versto\u00dfende Straftaten anstiftet, anstiftet oder f\u00f6rdert;<\/li>\n<li>c) diskriminierende Handlungen, Einstellungen oder Gedanken aufgrund von Geschlecht, Rasse, Religion, Weltanschauung, Alter oder Zustand anregt, anstiftet oder f\u00f6rdert;<\/li>\n<\/ol>\n<p>(d) gegen das Recht auf Ehre, pers\u00f6nliche oder famili\u00e4re Privatsph\u00e4re oder das Erscheinungsbild von Personen verst\u00f6\u00dft;<\/p>\n<p>(e) in irgendeiner Weise die Glaubw\u00fcrdigkeit des Anbieters oder Dritter besch\u00e4digt; und<\/p>\n<ol>\n<li>f) eine rechtswidrige, irref\u00fchrende oder unlautere Werbung darstellt.<\/li>\n<\/ol>\n<p>&nbsp;<\/p>\n<p>&nbsp;<\/p>\n<p><strong>Anwendbares Recht und Gerichtsstand.<\/strong><\/p>\n<p>F\u00fcr die Beilegung aller Streitigkeiten oder Probleme im Zusammenhang mit dieser Website oder den darin entwickelten Aktivit\u00e4ten gilt die spanische Gesetzgebung, der sich die Parteien ausdr\u00fccklich unterwerfen, und die Gerichte von YECLA sind f\u00fcr die Beilegung aller Streitigkeiten zust\u00e4ndig, die sich aus der Nutzung dieser Website ergeben oder damit zusammenh\u00e4ngen.<\/p>\n<p>&nbsp;<\/p>\n<p>Hyperlink zur Cookie-Richtlinie.[\/vc_column_text][\/vc_column][\/vc_row]\n","protected":false},"excerpt":{"rendered":"<p>[vc_row type=&#8221;in_container&#8221; full_screen_row_position=&#8221;middle&#8221; scene_position=&#8221;center&#8221; text_color=&#8221;dark&#8221; text_align=&#8221;left&#8221; overlay_strength=&#8221;0.3&#8243; shape_divider_position=&#8221;bottom&#8221; bg_image_animation=&#8221;none&#8221;][vc_column column_padding=&#8221;no-extra-padding&#8221; column_padding_position=&#8221;all&#8221; background_color_opacity=&#8221;1&#8243; background_hover_color_opacity=&#8221;1&#8243; column_link_target=&#8221;_self&#8221; column_shadow=&#8221;none&#8221; column_border_radius=&#8221;none&#8221; width=&#8221;1\/1&#8243; tablet_width_inherit=&#8221;default&#8221; tablet_text_alignment=&#8221;default&#8221; phone_text_alignment=&#8221;default&#8221; column_border_width=&#8221;none&#8221; column_border_style=&#8221;solid&#8221; bg_image_animation=&#8221;none&#8221;][vc_column_text]Rechtliche Hinweise f\u00fcr die Website &nbsp; Um Artikel&#8230;<\/p>\n","protected":false},"author":1,"featured_media":0,"parent":0,"menu_order":0,"comment_status":"closed","ping_status":"closed","template":"","meta":{"inline_featured_image":false},"yoast_head":"<!-- This site is optimized with the Yoast SEO Premium plugin v18.5 (Yoast SEO v19.13) - https:\/\/yoast.com\/wordpress\/plugins\/seo\/ -->\n<title>Rechtliche Hinweise - ID-DAVID<\/title>\n<meta name=\"robots\" content=\"noindex, follow\" \/>\n<meta property=\"og:locale\" content=\"de_DE\" \/>\n<meta property=\"og:type\" content=\"article\" \/>\n<meta property=\"og:title\" content=\"Rechtliche Hinweise\" \/>\n<meta property=\"og:description\" content=\"[vc_row type=&#8221;in_container&#8221; full_screen_row_position=&#8221;middle&#8221; scene_position=&#8221;center&#8221; text_color=&#8221;dark&#8221; text_align=&#8221;left&#8221; overlay_strength=&#8221;0.3&#8243; shape_divider_position=&#8221;bottom&#8221; bg_image_animation=&#8221;none&#8221;][vc_column column_padding=&#8221;no-extra-padding&#8221; column_padding_position=&#8221;all&#8221; background_color_opacity=&#8221;1&#8243; background_hover_color_opacity=&#8221;1&#8243; column_link_target=&#8221;_self&#8221; column_shadow=&#8221;none&#8221; column_border_radius=&#8221;none&#8221; width=&#8221;1\/1&#8243; tablet_width_inherit=&#8221;default&#8221; tablet_text_alignment=&#8221;default&#8221; phone_text_alignment=&#8221;default&#8221; column_border_width=&#8221;none&#8221; column_border_style=&#8221;solid&#8221; bg_image_animation=&#8221;none&#8221;][vc_column_text]Rechtliche Hinweise f\u00fcr die Website &nbsp; Um Artikel...\" \/>\n<meta property=\"og:url\" content=\"https:\/\/id-david.com\/de\/aviso-legal\/\" \/>\n<meta property=\"og:site_name\" content=\"ID-DAVID\" \/>\n<meta property=\"article:publisher\" content=\"https:\/\/www.facebook.com\/industriasdavid\/\" \/>\n<meta property=\"article:modified_time\" content=\"2023-12-11T11:48:09+00:00\" \/>\n<meta name=\"twitter:card\" content=\"summary_large_image\" \/>\n<meta name=\"twitter:site\" content=\"@IDdavidslu\" \/>\n<meta name=\"twitter:label1\" content=\"Gesch\u00e4tzte Lesezeit\" \/>\n\t<meta name=\"twitter:data1\" content=\"7\u00a0Minuten\" \/>\n<script type=\"application\/ld+json\" class=\"yoast-schema-graph\">{\"@context\":\"https:\/\/schema.org\",\"@graph\":[{\"@type\":\"WebPage\",\"@id\":\"https:\/\/id-david.com\/de\/aviso-legal\/\",\"url\":\"https:\/\/id-david.com\/de\/aviso-legal\/\",\"name\":\"Rechtliche Hinweise - ID-DAVID\",\"isPartOf\":{\"@id\":\"https:\/\/id-david.com\/#website\"},\"datePublished\":\"2017-03-23T14:02:20+00:00\",\"dateModified\":\"2023-12-11T11:48:09+00:00\",\"breadcrumb\":{\"@id\":\"https:\/\/id-david.com\/de\/aviso-legal\/#breadcrumb\"},\"inLanguage\":\"de\",\"potentialAction\":[{\"@type\":\"ReadAction\",\"target\":[\"https:\/\/id-david.com\/de\/aviso-legal\/\"]}]},{\"@type\":\"BreadcrumbList\",\"@id\":\"https:\/\/id-david.com\/de\/aviso-legal\/#breadcrumb\",\"itemListElement\":[{\"@type\":\"ListItem\",\"position\":1,\"name\":\"Home\",\"item\":\"https:\/\/id-david.com\/de\/\"},{\"@type\":\"ListItem\",\"position\":2,\"name\":\"Rechtliche Hinweise\"}]},{\"@type\":\"WebSite\",\"@id\":\"https:\/\/id-david.com\/#website\",\"url\":\"https:\/\/id-david.com\/\",\"name\":\"ID-DAVID\",\"description\":\"Eficacia y tecnolog\u00eda para sus cultivos\",\"publisher\":{\"@id\":\"https:\/\/id-david.com\/#organization\"},\"potentialAction\":[{\"@type\":\"SearchAction\",\"target\":{\"@type\":\"EntryPoint\",\"urlTemplate\":\"https:\/\/id-david.com\/?s={search_term_string}\"},\"query-input\":\"required name=search_term_string\"}],\"inLanguage\":\"de\"},{\"@type\":\"Organization\",\"@id\":\"https:\/\/id-david.com\/#organization\",\"name\":\"Industrias David S.L.U.\",\"url\":\"https:\/\/id-david.com\/\",\"logo\":{\"@type\":\"ImageObject\",\"inLanguage\":\"de\",\"@id\":\"https:\/\/id-david.com\/#\/schema\/logo\/image\/\",\"url\":\"https:\/\/id-david.com\/wp-content\/uploads\/2017\/03\/id-david_logo_2017.png\",\"contentUrl\":\"https:\/\/id-david.com\/wp-content\/uploads\/2017\/03\/id-david_logo_2017.png\",\"width\":350,\"height\":128,\"caption\":\"Industrias David S.L.U.\"},\"image\":{\"@id\":\"https:\/\/id-david.com\/#\/schema\/logo\/image\/\"},\"sameAs\":[\"https:\/\/es.linkedin.com\/company\/industrias-david-s-l-u\",\"https:\/\/www.youtube.com\/user\/industriasdavid\",\"https:\/\/www.facebook.com\/industriasdavid\/\",\"https:\/\/twitter.com\/IDdavidslu\"]}]}<\/script>\n<!-- \/ Yoast SEO Premium plugin. -->","yoast_head_json":{"title":"Rechtliche Hinweise - ID-DAVID","robots":{"index":"noindex","follow":"follow"},"og_locale":"de_DE","og_type":"article","og_title":"Rechtliche Hinweise","og_description":"[vc_row type=&#8221;in_container&#8221; full_screen_row_position=&#8221;middle&#8221; scene_position=&#8221;center&#8221; text_color=&#8221;dark&#8221; text_align=&#8221;left&#8221; overlay_strength=&#8221;0.3&#8243; shape_divider_position=&#8221;bottom&#8221; bg_image_animation=&#8221;none&#8221;][vc_column column_padding=&#8221;no-extra-padding&#8221; column_padding_position=&#8221;all&#8221; background_color_opacity=&#8221;1&#8243; background_hover_color_opacity=&#8221;1&#8243; column_link_target=&#8221;_self&#8221; column_shadow=&#8221;none&#8221; column_border_radius=&#8221;none&#8221; width=&#8221;1\/1&#8243; tablet_width_inherit=&#8221;default&#8221; tablet_text_alignment=&#8221;default&#8221; phone_text_alignment=&#8221;default&#8221; column_border_width=&#8221;none&#8221; column_border_style=&#8221;solid&#8221; bg_image_animation=&#8221;none&#8221;][vc_column_text]Rechtliche Hinweise f\u00fcr die Website &nbsp; Um Artikel...","og_url":"https:\/\/id-david.com\/de\/aviso-legal\/","og_site_name":"ID-DAVID","article_publisher":"https:\/\/www.facebook.com\/industriasdavid\/","article_modified_time":"2023-12-11T11:48:09+00:00","twitter_card":"summary_large_image","twitter_site":"@IDdavidslu","twitter_misc":{"Gesch\u00e4tzte Lesezeit":"7\u00a0Minuten"},"schema":{"@context":"https:\/\/schema.org","@graph":[{"@type":"WebPage","@id":"https:\/\/id-david.com\/de\/aviso-legal\/","url":"https:\/\/id-david.com\/de\/aviso-legal\/","name":"Rechtliche Hinweise - ID-DAVID","isPartOf":{"@id":"https:\/\/id-david.com\/#website"},"datePublished":"2017-03-23T14:02:20+00:00","dateModified":"2023-12-11T11:48:09+00:00","breadcrumb":{"@id":"https:\/\/id-david.com\/de\/aviso-legal\/#breadcrumb"},"inLanguage":"de","potentialAction":[{"@type":"ReadAction","target":["https:\/\/id-david.com\/de\/aviso-legal\/"]}]},{"@type":"BreadcrumbList","@id":"https:\/\/id-david.com\/de\/aviso-legal\/#breadcrumb","itemListElement":[{"@type":"ListItem","position":1,"name":"Home","item":"https:\/\/id-david.com\/de\/"},{"@type":"ListItem","position":2,"name":"Rechtliche Hinweise"}]},{"@type":"WebSite","@id":"https:\/\/id-david.com\/#website","url":"https:\/\/id-david.com\/","name":"ID-DAVID","description":"Eficacia y tecnolog\u00eda para sus cultivos","publisher":{"@id":"https:\/\/id-david.com\/#organization"},"potentialAction":[{"@type":"SearchAction","target":{"@type":"EntryPoint","urlTemplate":"https:\/\/id-david.com\/?s={search_term_string}"},"query-input":"required name=search_term_string"}],"inLanguage":"de"},{"@type":"Organization","@id":"https:\/\/id-david.com\/#organization","name":"Industrias David S.L.U.","url":"https:\/\/id-david.com\/","logo":{"@type":"ImageObject","inLanguage":"de","@id":"https:\/\/id-david.com\/#\/schema\/logo\/image\/","url":"https:\/\/id-david.com\/wp-content\/uploads\/2017\/03\/id-david_logo_2017.png","contentUrl":"https:\/\/id-david.com\/wp-content\/uploads\/2017\/03\/id-david_logo_2017.png","width":350,"height":128,"caption":"Industrias David S.L.U."},"image":{"@id":"https:\/\/id-david.com\/#\/schema\/logo\/image\/"},"sameAs":["https:\/\/es.linkedin.com\/company\/industrias-david-s-l-u","https:\/\/www.youtube.com\/user\/industriasdavid","https:\/\/www.facebook.com\/industriasdavid\/","https:\/\/twitter.com\/IDdavidslu"]}]}},"jetpack_sharing_enabled":true,"jetpack_shortlink":"https:\/\/wp.me\/PgBPkj-2Mv","_links":{"self":[{"href":"https:\/\/id-david.com\/de\/wp-json\/wp\/v2\/pages\/10695"}],"collection":[{"href":"https:\/\/id-david.com\/de\/wp-json\/wp\/v2\/pages"}],"about":[{"href":"https:\/\/id-david.com\/de\/wp-json\/wp\/v2\/types\/page"}],"author":[{"embeddable":true,"href":"https:\/\/id-david.com\/de\/wp-json\/wp\/v2\/users\/1"}],"replies":[{"embeddable":true,"href":"https:\/\/id-david.com\/de\/wp-json\/wp\/v2\/comments?post=10695"}],"version-history":[{"count":1,"href":"https:\/\/id-david.com\/de\/wp-json\/wp\/v2\/pages\/10695\/revisions"}],"predecessor-version":[{"id":15373,"href":"https:\/\/id-david.com\/de\/wp-json\/wp\/v2\/pages\/10695\/revisions\/15373"}],"wp:attachment":[{"href":"https:\/\/id-david.com\/de\/wp-json\/wp\/v2\/media?parent=10695"}],"curies":[{"name":"wp","href":"https:\/\/api.w.org\/{rel}","templated":true}]}}