{"id":10703,"date":"2018-05-22T10:58:32","date_gmt":"2018-05-22T08:58:32","guid":{"rendered":"https:\/\/id-david.com\/politica-de-privacidad\/"},"modified":"2023-05-17T09:05:20","modified_gmt":"2023-05-17T07:05:20","slug":"datenschutzerklaerung","status":"publish","type":"page","link":"https:\/\/id-david.com\/de\/datenschutzerklaerung\/","title":{"rendered":"DATENSCHUTZERKL\u00c4RUNG"},"content":{"rendered":"<p>&nbsp;<\/p>\n<h1>DATENSCHUTZERKL\u00c4RUNG<\/h1>\n<p>F\u00dcR DIE WEBSITE https:\/\/id-david.com\/<\/p>\n<p>Diese Datenschutzerkl\u00e4rung beschreibt die Art und Weise, wie wir Informationen sammeln, zu welchem Zweck wir sie verwenden und wie wir sie verwalten. Ihre Privatsph\u00e4re ist uns wichtig und wir legen gro\u00dfen Wert darauf, weshalb wir uns voll und ganz f\u00fcr den Schutz der personenbezogenen Daten unserer Nutzer einsetzen m\u00f6chten. Wir haben die notwendigen technischen und organisatorischen Ma\u00dfnahmen umgesetzt, die in den Datenschutzbestimmungen angegeben sind, um die Vertraulichkeit Ihrer Daten zu gew\u00e4hrleisten, und halten uns dabei an die von der Europ\u00e4ischen Union genehmigte Datenschutz-Grundverordnung (DSGVO) und das Organgesetz 3\/2018 vom 5. Dezember (LOPDGDD). Wir k\u00f6nnen jedoch keine Haftung f\u00fcr Sch\u00e4den \u00fcbernehmen, die sich aus \u00c4nderungen ergeben, die Dritte an den Computersystemen, elektronischen Dokumenten oder Dateien des Nutzers vornehmen k\u00f6nnen.<\/p>\n<p><strong>WER IST F\u00dcR DIE VERARBEITUNG VERANTWORTLICH?<\/strong><\/p>\n<p>Firmenname: INDUSTRIAS DAVID, S.L.U. (im Folgenden das &#8220;Unternehmen&#8221; oder der &#8221; f\u00fcr die Verarbeitung Verantwortliche&#8221;).<\/p>\n<p>Identifikationssteuernummer CIF: B30019616<\/p>\n<p>Anschrift: P.I. URBAYECLA II, S\/N PARCELAS 28\/30 APDO 6- 30510 &#8211; YECLA- MURCIA<\/p>\n<p>Telefon: 968718119<\/p>\n<p>E-Mail f\u00fcr Mitteilungen zum Datenschutz: <a href=\"mailto:info@industriasdavid.com\">info@industriasdavid.com<\/a><\/p>\n<p>&nbsp;<\/p>\n<p><strong>WAS SIND DIE ZWECKE DER VERARBEITUNG?\u00a0 WAS IST DIE LEGITIMIT\u00c4T DER BEHANDLUNG?<\/strong><\/p>\n<p>Die personenbezogenen Daten der interessierten Parteien werden von INDUSTRIAS DAVID, S.L.U. je nach dem Zeitpunkt der Bereitstellung der Informationen zu den folgenden Zwecken verarbeitet:<\/p>\n<ol>\n<li>Um Ihre Anfragen zu bearbeiten oder Ihnen Informationen im Zusammenhang mit Ihrer Anfrage zukommen zu lassen, kann es erforderlich sein, dass wir Informationen von Ihnen einholen, wobei wir Sie bitten werden, diese freiwillig und ausdr\u00fccklich anzugeben. Sie sollten uns die Daten, deren Eigent\u00fcmer Sie sind, oder die Daten Dritter nur dann \u00fcbermitteln, wenn Sie deren gesetzlicher Vertreter sind oder wenn Sie deren eindeutige Zustimmung eingeholt haben. Die Rechtsgrundlage f\u00fcr die Verarbeitung entspricht Art. 6.1 a) DSGVO (Einwilligung der betroffenen Person).<\/li>\n<li>F\u00fcr die Verarbeitung von Registrierungen als Kunde, Aktualisierung der Daten und Verwaltung der Gesch\u00e4ftsbeziehung, die m\u00f6glicherweise bestehen. Die Daten werden zun\u00e4chst \u00fcber das entsprechende Registrierungsformular und sp\u00e4ter \u00fcber kommerzielle Transaktionen erhoben. Im Einzelnen sind die folgenden Aktionen enthalten:<\/li>\n<\/ol>\n<ul>\n<li>Erstellung des Kundenkontos \u00fcber die Website, unter Verwendung der verschiedenen von INDUSTRIAS DAVID, S.L.U. zu diesem Zweck bereitgestellten Links. Zu diesem Zweck wird die in Art. 6.1 a) RPGD vorgesehene Rechtsgrundlage (Zustimmung des Interessenten) ber\u00fccksichtigt.<\/li>\n<li>Verwaltung und Verwaltung des bestehenden Vertragsverh\u00e4ltnisses mit dem Kunden gem\u00e4\u00df Art. 6 Abs. 1 b) RPGD.<\/li>\n<li>Einhaltung unserer vertraglichen Verpflichtungen f\u00fcr den Fall, dass Sie sich entschieden haben, eines unserer Produkte und \/ oder Dienstleistungen zu erwerben, sowie die administrative, steuerliche und buchhalterische Verwaltung durchzuf\u00fchren, die sich aus der von uns geleisteten Arbeit ergibt. Dieser Zweck basiert auf Artikel 6 Absatz 1 Buchstabe c) der RPGD: Erf\u00fcllung einer f\u00fcr das Unternehmen geltenden gesetzlichen Verpflichtung.<\/li>\n<\/ul>\n<ol start=\"3\">\n<li>Zur Verwaltung von Abonnements f\u00fcr den Erhalt kommerzieller Informationen \u00fcber INDUSTRIAS DAVID, S.L.U., f\u00fcr die die Zustimmung des Interessenten in unserem Newsletter \u00fcber die zu diesem Zweck auf der Website vorgesehenen Mechanismen eingeholt wird. Die Verarbeitung beruht auf Art. 6.1 a) DSGVO (Einwilligung der betroffenen Person), die jederzeit widerrufen werden kann, ohne dass die Rechtm\u00e4\u00dfigkeit der Verarbeitung vor dem Widerruf ber\u00fchrt wird.<\/li>\n<li>Zur Verwaltung von Kommentaren in unserem News-Blog. Die Verarbeitung erfolgt auf Grundlage von Art. 6 Abs. 1 a) DSGVO (Einwilligung der betroffenen Person).<\/li>\n<li>F\u00fcr analytische und\/oder statistische Zwecke, falls Sie die von der Website f\u00fcr diese Zwecke verwendeten Cookies akzeptieren. Die Verarbeitung basiert auf der vom Nutzer eingeholten Einwilligung gem\u00e4\u00df Art. 6.1 a) DSGVO und Art. 22 LSSI<\/li>\n<li>Nehmen Sie an den m\u00f6glichen Personalauswahlverfahren teil, die wir durchf\u00fchren k\u00f6nnten, falls Sie uns Ihren Lebenslauf zusenden. Rechtsgrundlage f\u00fcr die Verarbeitung ist die Einwilligung der betroffenen Person gem\u00e4\u00df Art. 6 Abs. 1 a) DSGVO.<\/li>\n<\/ol>\n<p><strong>WAS SIND DIE KRITERIEN F\u00dcR DIE DATENSPEICHERUNG?<\/strong><\/p>\n<p>Ihre Daten werden f\u00fcr die Zeit aufbewahrt, die unbedingt erforderlich ist, um den Zweck zu erf\u00fcllen, f\u00fcr den sie erhoben wurden, und bleiben anschlie\u00dfend so lange gesperrt, wie sich aus der Verarbeitung und\/oder dem Zweck Verantwortlichkeiten ergeben k\u00f6nnen.<\/p>\n<p>In den F\u00e4llen, in denen die Verarbeitung durch Zustimmung genehmigt wurde, werden sie aufbewahrt, solange diese Zustimmung nicht widerrufen wird.<\/p>\n<p>Die erhaltenen Lebensl\u00e4ufe werden vernichtet, falls sie aus den m\u00f6glichen Auswahlverfahren, die wir durchf\u00fchren k\u00f6nnten, verworfen wurden, wobei sie f\u00fcr einen Zeitraum von maximal einem Jahr aufbewahrt werden.<\/p>\n<p>&nbsp;<\/p>\n<p><strong>WIE SOLLTE ICH MEINE PERS\u00d6NLICHEN DATEN AKTUALISIEREN?<\/strong><\/p>\n<p>Der Nutzer garantiert, dass die personenbezogenen Daten, die uns \u00fcber diese Website oder Website zur Verf\u00fcgung gestellt werden, wahr, richtig, aktuell und vollst\u00e4ndig sind. Der Nutzer muss uns \u00fcber jede \u00c4nderung oder Aktualisierung informieren, indem er eine Mitteilung an die im Abschnitt Wo k\u00f6nnen Sie Ihre Rechte aus\u00fcben? angegebenen Post- oder E-Mail-Adressen schickt.<\/p>\n<p><strong>WER SIND DIE EMPF\u00c4NGER DER INFORMATIONEN?<\/strong><\/p>\n<p>Wir werden keine Informationen an Dritte weitergeben, au\u00dfer gesetzlichen Verpflichtungen und solchen, die zur Erbringung der Dienstleistungen erforderlich sind, oder falls Sie Ihre ausdr\u00fcckliche und eindeutige Zustimmung geben.<\/p>\n<p><strong>GIBT ES INTERNATIONALE DATEN\u00dcBERTRAGUNGEN?<\/strong><\/p>\n<p>INDUSTRIAS DAVID, S.L.U. beabsichtigt nicht, Ihre Daten international zu \u00fcbermitteln. Wir k\u00f6nnen jedoch Dienstleister und Datenverarbeiter einsetzen, die im Auftrag von INDUSTRIAS DAVID, S.L.U. arbeiten. Zu den Diensten k\u00f6nnen System-Hosting- und Wartungsdienste, Analysedienste, E-Mail- Nachrichtendienste usw. geh\u00f6ren. Diese Dritt unternehmen sind verpflichtet, zu gew\u00e4hrleisten, dass die Informationen in \u00dcbereinstimmung mit den geltenden Vorschriften verarbeitet werden. Wir werden unsererseits immer unser Bestes tun, um sicherzustellen, dass alle Dritten, mit denen wir zusammenarbeiten, die Sicherheit Ihrer personenbezogenen Daten gew\u00e4hrleisten.<\/p>\n<p><strong>WELCHE RECHTE HABEN DIE BETROFFENEN PERSONEN?<\/strong><\/p>\n<p>Jede Person hat das Recht, eine Best\u00e4tigung dar\u00fcber zu erhalten, ob wir sie betreffende personenbezogene Daten verarbeiten oder nicht. Die betroffenen Personen haben das Recht, auf ihre personenbezogenen Daten zuzugreifen sowie die Berichtigung unrichtiger Daten zu verlangen oder gegebenenfalls deren L\u00f6schung zu verlangen, wenn die Daten unter anderem f\u00fcr die Zwecke, f\u00fcr die sie erhoben wurden, nicht mehr erforderlich sind.<\/p>\n<p>Unter bestimmten Umst\u00e4nden k\u00f6nnen die betroffenen Personen die Einschr\u00e4nkung der Verarbeitung ihrer Daten verlangen, in diesem Fall werden wir sie nur zur Geltendmachung oder Verteidigung von Anspr\u00fcchen aufbewahren. Unter bestimmten Umst\u00e4nden und aus Gr\u00fcnden, die mit ihrer besonderen Situation zusammenh\u00e4ngen, k\u00f6nnen die betroffenen Personen der Verarbeitung ihrer Daten widersprechen. In diesem Fall werden wir die Verarbeitung der Daten einstellen, es sei denn, es liegen zwingende berechtigte Gr\u00fcnde vor oder es geht um die Geltendmachung oder Abwehr von Anspr\u00fcchen. Sie haben auch das Recht, die Einwilligung zur Verarbeitung ihrer Daten jederzeit zu widerrufen, wenn die legitime Grundlage f\u00fcr die Verarbeitung die eigene Zustimmung der betroffenen Person ist.<\/p>\n<p>Sie k\u00f6nnen eine Beschwerde bei der zust\u00e4ndigen Datenschutzbeh\u00f6rde, wie der spanischen Agentur f\u00fcr Datenschutz, einreichen, insbesondere wenn sie bei der Aus\u00fcbung ihrer Rechte keine Genugtuung erhalten haben oder der Ansicht sind, dass die Datenverarbeitung nicht den geltenden Rechtsvorschriften entspricht.<\/p>\n<p><strong>WO K\u00d6NNEN SIE IHRE RECHTE AUS\u00dcBEN?<\/strong><\/p>\n<p>Durch schriftliche Mitteilung an INDUSTRIAS DAVID, S.L.U., P.I. URBAYECLA II, S\/N PARCELAS 28\/30 APDO 6, YECLA, 30510 (MURCIA) oder durch Senden einer E-Mail an die Adresse info@industriasdavid.com, unter Angabe Ihrer Anfrage.<\/p>\n<p>Bei kommerziellen Mitteilungen, einschlie\u00dflich Newslettern, k\u00f6nnen Sie die erteilte Einwilligung widerrufen, indem Sie eine E-Mail an unsere Adresse info@industriasdavid.com senden und in der Nachricht den Satz &#8220;Abmelden vom Kommunikationsdienst&#8221; angeben oder indem Sie auf den Abmeldelink klicken, wenn dies in der E-Mail-Nachricht angegeben ist.<\/p>\n<p><strong>SICHERHEITSMASSNAHMEN<\/strong><\/p>\n<p>In \u00dcbereinstimmung mit den Bestimmungen der geltenden Vorschriften zum Schutz personenbezogener Daten erf\u00fcllt der VERANTWORTLICHE alle Bestimmungen der Datenschutz-Grundverordnung (DSGVO) f\u00fcr die Verarbeitung personenbezogener Daten, f\u00fcr die er verantwortlich ist, in voller \u00dcbereinstimmung mit den in Artikel 5 beschriebenen Grunds\u00e4tzen, nach denen sie rechtm\u00e4\u00dfig, zuverl\u00e4ssig und transparent in Bezug auf die betroffene Person und angemessen, relevant und beschr\u00e4nkt auf das, was in Bezug auf die Zwecke, f\u00fcr die sie verarbeitet werden, notwendig ist. Der VERANTWORTLICHE garantiert, dass er geeignete technische und organisatorische Ma\u00dfnahmen zur Anwendung der von der DSGVO festgelegten Sicherheitsma\u00dfnahmen zum Schutz der Rechte und Freiheiten der Nutzer implementiert und die entsprechenden Informationen \u00fcbermittelt hat, damit sie diese aus\u00fcben k\u00f6nnen.<\/p>\n<p><strong>ANNAHME UND ZUSTIMMUNG<\/strong><\/p>\n<p>Der Nutzer erkl\u00e4rt, dass er \u00fcber unsere Datenschutzpolitik informiert wurde und stimmt deren Verarbeitung zu den oben genannten Zwecken zu. Es wird darauf hingewiesen, dass einige der im Internet angebotenen Dienste besondere Bedingungen haben k\u00f6nnen, und in diesen F\u00e4llen werden die Nutzer ordnungsgem\u00e4\u00df informiert.<\/p>\n","protected":false},"excerpt":{"rendered":"<p>&nbsp; DATENSCHUTZERKL\u00c4RUNG F\u00dcR DIE WEBSITE https:\/\/id-david.com\/ Diese Datenschutzerkl\u00e4rung beschreibt die Art und Weise, wie wir Informationen sammeln, zu welchem Zweck wir sie verwenden und wie wir sie verwalten. Ihre Privatsph\u00e4re&#8230;<\/p>\n","protected":false},"author":1,"featured_media":0,"parent":0,"menu_order":0,"comment_status":"closed","ping_status":"closed","template":"","meta":{"inline_featured_image":false},"yoast_head":"<!-- This site is optimized with the Yoast SEO Premium plugin v18.5 (Yoast SEO v19.13) - https:\/\/yoast.com\/wordpress\/plugins\/seo\/ -->\n<title>DATENSCHUTZERKL\u00c4RUNG - ID-DAVID<\/title>\n<meta name=\"robots\" content=\"noindex, follow\" \/>\n<meta property=\"og:locale\" content=\"de_DE\" \/>\n<meta property=\"og:type\" content=\"article\" \/>\n<meta property=\"og:title\" content=\"DATENSCHUTZERKL\u00c4RUNG\" \/>\n<meta property=\"og:description\" content=\"&nbsp; DATENSCHUTZERKL\u00c4RUNG F\u00dcR DIE WEBSITE https:\/\/id-david.com\/ Diese Datenschutzerkl\u00e4rung beschreibt die Art und Weise, wie wir Informationen sammeln, zu welchem Zweck wir sie verwenden und wie wir sie verwalten. Ihre Privatsph\u00e4re...\" \/>\n<meta property=\"og:url\" content=\"https:\/\/id-david.com\/de\/datenschutzerklaerung\/\" \/>\n<meta property=\"og:site_name\" content=\"ID-DAVID\" \/>\n<meta property=\"article:publisher\" content=\"https:\/\/www.facebook.com\/industriasdavid\/\" \/>\n<meta property=\"article:modified_time\" content=\"2023-05-17T07:05:20+00:00\" \/>\n<meta name=\"twitter:card\" content=\"summary_large_image\" \/>\n<meta name=\"twitter:site\" content=\"@IDdavidslu\" \/>\n<meta name=\"twitter:label1\" content=\"Gesch\u00e4tzte Lesezeit\" \/>\n\t<meta name=\"twitter:data1\" content=\"6\u00a0Minuten\" \/>\n<script type=\"application\/ld+json\" class=\"yoast-schema-graph\">{\"@context\":\"https:\/\/schema.org\",\"@graph\":[{\"@type\":\"WebPage\",\"@id\":\"https:\/\/id-david.com\/de\/datenschutzerklaerung\/\",\"url\":\"https:\/\/id-david.com\/de\/datenschutzerklaerung\/\",\"name\":\"DATENSCHUTZERKL\u00c4RUNG - ID-DAVID\",\"isPartOf\":{\"@id\":\"https:\/\/id-david.com\/#website\"},\"datePublished\":\"2018-05-22T08:58:32+00:00\",\"dateModified\":\"2023-05-17T07:05:20+00:00\",\"breadcrumb\":{\"@id\":\"https:\/\/id-david.com\/de\/datenschutzerklaerung\/#breadcrumb\"},\"inLanguage\":\"de\",\"potentialAction\":[{\"@type\":\"ReadAction\",\"target\":[\"https:\/\/id-david.com\/de\/datenschutzerklaerung\/\"]}]},{\"@type\":\"BreadcrumbList\",\"@id\":\"https:\/\/id-david.com\/de\/datenschutzerklaerung\/#breadcrumb\",\"itemListElement\":[{\"@type\":\"ListItem\",\"position\":1,\"name\":\"Home\",\"item\":\"https:\/\/id-david.com\/de\/\"},{\"@type\":\"ListItem\",\"position\":2,\"name\":\"DATENSCHUTZERKL\u00c4RUNG\"}]},{\"@type\":\"WebSite\",\"@id\":\"https:\/\/id-david.com\/#website\",\"url\":\"https:\/\/id-david.com\/\",\"name\":\"ID-DAVID\",\"description\":\"Eficacia y tecnolog\u00eda para sus cultivos\",\"publisher\":{\"@id\":\"https:\/\/id-david.com\/#organization\"},\"potentialAction\":[{\"@type\":\"SearchAction\",\"target\":{\"@type\":\"EntryPoint\",\"urlTemplate\":\"https:\/\/id-david.com\/?s={search_term_string}\"},\"query-input\":\"required name=search_term_string\"}],\"inLanguage\":\"de\"},{\"@type\":\"Organization\",\"@id\":\"https:\/\/id-david.com\/#organization\",\"name\":\"Industrias David S.L.U.\",\"url\":\"https:\/\/id-david.com\/\",\"logo\":{\"@type\":\"ImageObject\",\"inLanguage\":\"de\",\"@id\":\"https:\/\/id-david.com\/#\/schema\/logo\/image\/\",\"url\":\"https:\/\/id-david.com\/wp-content\/uploads\/2017\/03\/id-david_logo_2017.png\",\"contentUrl\":\"https:\/\/id-david.com\/wp-content\/uploads\/2017\/03\/id-david_logo_2017.png\",\"width\":350,\"height\":128,\"caption\":\"Industrias David S.L.U.\"},\"image\":{\"@id\":\"https:\/\/id-david.com\/#\/schema\/logo\/image\/\"},\"sameAs\":[\"https:\/\/es.linkedin.com\/company\/industrias-david-s-l-u\",\"https:\/\/www.youtube.com\/user\/industriasdavid\",\"https:\/\/www.facebook.com\/industriasdavid\/\",\"https:\/\/twitter.com\/IDdavidslu\"]}]}<\/script>\n<!-- \/ Yoast SEO Premium plugin. -->","yoast_head_json":{"title":"DATENSCHUTZERKL\u00c4RUNG - ID-DAVID","robots":{"index":"noindex","follow":"follow"},"og_locale":"de_DE","og_type":"article","og_title":"DATENSCHUTZERKL\u00c4RUNG","og_description":"&nbsp; DATENSCHUTZERKL\u00c4RUNG F\u00dcR DIE WEBSITE https:\/\/id-david.com\/ Diese Datenschutzerkl\u00e4rung beschreibt die Art und Weise, wie wir Informationen sammeln, zu welchem Zweck wir sie verwenden und wie wir sie verwalten. Ihre Privatsph\u00e4re...","og_url":"https:\/\/id-david.com\/de\/datenschutzerklaerung\/","og_site_name":"ID-DAVID","article_publisher":"https:\/\/www.facebook.com\/industriasdavid\/","article_modified_time":"2023-05-17T07:05:20+00:00","twitter_card":"summary_large_image","twitter_site":"@IDdavidslu","twitter_misc":{"Gesch\u00e4tzte Lesezeit":"6\u00a0Minuten"},"schema":{"@context":"https:\/\/schema.org","@graph":[{"@type":"WebPage","@id":"https:\/\/id-david.com\/de\/datenschutzerklaerung\/","url":"https:\/\/id-david.com\/de\/datenschutzerklaerung\/","name":"DATENSCHUTZERKL\u00c4RUNG - ID-DAVID","isPartOf":{"@id":"https:\/\/id-david.com\/#website"},"datePublished":"2018-05-22T08:58:32+00:00","dateModified":"2023-05-17T07:05:20+00:00","breadcrumb":{"@id":"https:\/\/id-david.com\/de\/datenschutzerklaerung\/#breadcrumb"},"inLanguage":"de","potentialAction":[{"@type":"ReadAction","target":["https:\/\/id-david.com\/de\/datenschutzerklaerung\/"]}]},{"@type":"BreadcrumbList","@id":"https:\/\/id-david.com\/de\/datenschutzerklaerung\/#breadcrumb","itemListElement":[{"@type":"ListItem","position":1,"name":"Home","item":"https:\/\/id-david.com\/de\/"},{"@type":"ListItem","position":2,"name":"DATENSCHUTZERKL\u00c4RUNG"}]},{"@type":"WebSite","@id":"https:\/\/id-david.com\/#website","url":"https:\/\/id-david.com\/","name":"ID-DAVID","description":"Eficacia y tecnolog\u00eda para sus cultivos","publisher":{"@id":"https:\/\/id-david.com\/#organization"},"potentialAction":[{"@type":"SearchAction","target":{"@type":"EntryPoint","urlTemplate":"https:\/\/id-david.com\/?s={search_term_string}"},"query-input":"required name=search_term_string"}],"inLanguage":"de"},{"@type":"Organization","@id":"https:\/\/id-david.com\/#organization","name":"Industrias David S.L.U.","url":"https:\/\/id-david.com\/","logo":{"@type":"ImageObject","inLanguage":"de","@id":"https:\/\/id-david.com\/#\/schema\/logo\/image\/","url":"https:\/\/id-david.com\/wp-content\/uploads\/2017\/03\/id-david_logo_2017.png","contentUrl":"https:\/\/id-david.com\/wp-content\/uploads\/2017\/03\/id-david_logo_2017.png","width":350,"height":128,"caption":"Industrias David S.L.U."},"image":{"@id":"https:\/\/id-david.com\/#\/schema\/logo\/image\/"},"sameAs":["https:\/\/es.linkedin.com\/company\/industrias-david-s-l-u","https:\/\/www.youtube.com\/user\/industriasdavid","https:\/\/www.facebook.com\/industriasdavid\/","https:\/\/twitter.com\/IDdavidslu"]}]}},"jetpack_sharing_enabled":true,"jetpack_shortlink":"https:\/\/wp.me\/PgBPkj-2MD","_links":{"self":[{"href":"https:\/\/id-david.com\/de\/wp-json\/wp\/v2\/pages\/10703"}],"collection":[{"href":"https:\/\/id-david.com\/de\/wp-json\/wp\/v2\/pages"}],"about":[{"href":"https:\/\/id-david.com\/de\/wp-json\/wp\/v2\/types\/page"}],"author":[{"embeddable":true,"href":"https:\/\/id-david.com\/de\/wp-json\/wp\/v2\/users\/1"}],"replies":[{"embeddable":true,"href":"https:\/\/id-david.com\/de\/wp-json\/wp\/v2\/comments?post=10703"}],"version-history":[{"count":2,"href":"https:\/\/id-david.com\/de\/wp-json\/wp\/v2\/pages\/10703\/revisions"}],"predecessor-version":[{"id":12689,"href":"https:\/\/id-david.com\/de\/wp-json\/wp\/v2\/pages\/10703\/revisions\/12689"}],"wp:attachment":[{"href":"https:\/\/id-david.com\/de\/wp-json\/wp\/v2\/media?parent=10703"}],"curies":[{"name":"wp","href":"https:\/\/api.w.org\/{rel}","templated":true}]}}