{"id":5807,"date":"2012-06-19T14:55:47","date_gmt":"2012-06-19T12:55:47","guid":{"rendered":"https:\/\/id-david.com\/qualite\/"},"modified":"2024-09-17T16:24:44","modified_gmt":"2024-09-17T14:24:44","slug":"qualite","status":"publish","type":"page","link":"https:\/\/id-david.com\/fr\/qualite\/","title":{"rendered":"Qualit\u00e9"},"content":{"rendered":"[vc_row type=&#8221;in_container&#8221; full_screen_row_position=&#8221;middle&#8221; scene_position=&#8221;center&#8221; text_color=&#8221;dark&#8221; text_align=&#8221;left&#8221; overlay_strength=&#8221;0.3&#8243; shape_divider_position=&#8221;bottom&#8221;][vc_column column_padding=&#8221;no-extra-padding&#8221; column_padding_position=&#8221;all&#8221; background_color_opacity=&#8221;1&#8243; background_hover_color_opacity=&#8221;1&#8243; column_shadow=&#8221;none&#8221; column_border_radius=&#8221;none&#8221; top_margin=&#8221;50&#8243; width=&#8221;1\/1&#8243; tablet_text_alignment=&#8221;default&#8221; phone_text_alignment=&#8221;default&#8221; column_border_width=&#8221;none&#8221; column_border_style=&#8221;solid&#8221;][vc_column_text]\n<p style=\"text-align: justify;\"><strong>La qualit\u00e9<\/strong> est d\u00e9sormais consid\u00e9r\u00e9e comme une variable qui b\u00e2tit la comp\u00e9titivit\u00e9 de l&#8217;entreprise et affecte de fa\u00e7on significative ses relations avec ses clients.<\/p>\n<p style=\"text-align: justify;\">Le sens du mot QUALIT\u00c9 a plusieurs significations. La qualit\u00e9 d&#8217;un produit ou service est la perception que le client en a, c&#8217;est une fixation mentale du consommateur qui suppose la conformit\u00e9 avec ledit produit ou service et sa capacit\u00e9 \u00e0 satisfaire leurs besoins. <strong>Industrias David est accr\u00e9dit\u00e9 avec les certificats de qualit\u00e9 ISO9001 et la gestion environnementale ISO14001.<\/strong><\/p>\n<p style=\"text-align: justify;\">L&#8217;obtention de ces prix a signifi\u00e9 une am\u00e9lioration significative en termes d&#8217;organisation et d&#8217;efficacit\u00e9 et s a \u00e9galement renforc\u00e9 notre engagement envers l&#8217;environnement et la qualit\u00e9 de nos produits. Tout cela nous aide \u00e0 atteindre notre objectif principal: la pleine satisfaction de nos clients. En am\u00e9liorant toujours l&#8217;automatisation des processus industriels, nous continuons d&#8217;\u00e9valuer la qualit\u00e9 de nos ressources humaines et leur formation.<\/p>\n<p style=\"text-align: justify;\">La pr\u00e9cision, le professionnalisme et les comp\u00e9tences techniques de nos employ\u00e9s sont essentiels \u00e0 notre succ\u00e8s. Nous sommes membres fondateurs de deux importants projets technologiques dans la r\u00e9gion de Murcie et nous collaborons avec des universit\u00e9s et des \u00e9coles polytechniques.<\/p>\n[\/vc_column_text]<div class=\"divider-wrap\" data-alignment=\"default\"><div style=\"height: 40px;\" class=\"divider\"><\/div><\/div>[vc_gallery type=&#8221;nectarslider_style&#8221; images=&#8221;1393,1395,1398,1394,1392,1399,1396,1397,1423,1424,1425,1426,1427,1428,1429&#8243; flexible_slider_height=&#8221;true&#8221; bullet_navigation=&#8221;true&#8221; bullet_navigation_style=&#8221;see_through&#8221; onclick=&#8221;link_no&#8221; img_size=&#8221;1500&#8243;][\/vc_column][\/vc_row][vc_row type=&#8221;in_container&#8221; full_screen_row_position=&#8221;middle&#8221; scene_position=&#8221;center&#8221; text_color=&#8221;dark&#8221; text_align=&#8221;left&#8221; overlay_strength=&#8221;0.3&#8243; shape_divider_position=&#8221;bottom&#8221;][vc_column enable_animation=&#8221;true&#8221; animation=&#8221;fade-in&#8221; centered_text=&#8221;true&#8221; column_padding=&#8221;no-extra-padding&#8221; column_padding_position=&#8221;all&#8221; background_color_opacity=&#8221;1&#8243; background_hover_color_opacity=&#8221;1&#8243; column_shadow=&#8221;none&#8221; column_border_radius=&#8221;none&#8221; top_margin=&#8221;50&#8243; width=&#8221;1\/1&#8243; tablet_text_alignment=&#8221;default&#8221; phone_text_alignment=&#8221;default&#8221; column_border_width=&#8221;none&#8221; column_border_style=&#8221;solid&#8221;][vc_custom_heading text=&#8221;ISO9001 \/ ISO14001&#8243; font_container=&#8221;tag:h3|text_align:center|color:%23306f93&#8243; use_theme_fonts=&#8221;yes&#8221;]<div class=\"divider-wrap\" data-alignment=\"default\"><div style=\"margin-top: 20px; height: 1px; margin-bottom: 20px;\" data-width=\"100%\" data-animate=\"yes\" data-animation-delay=\"\" data-color=\"extra-color-1\" class=\"divider-border\"><\/div><\/div><div class=\"img-with-aniamtion-wrap center\" data-max-width=\"100%\" data-border-radius=\"none\"><div class=\"inner\"><img data-shadow=\"none\" data-shadow-direction=\"middle\" class=\"img-with-animation skip-lazy \" data-delay=\"0\" height=\"212\" width=\"387\"  data-animation=\"fade-in\" src=\"https:\/\/id-david.com\/wp-content\/uploads\/2012\/06\/iso.jpg\" srcset=\"https:\/\/id-david.com\/wp-content\/uploads\/2012\/06\/iso.jpg 387w, https:\/\/id-david.com\/wp-content\/uploads\/2012\/06\/iso-300x164.jpg 300w\" sizes=\"100vw\" alt=\"\" \/><\/div><\/div>[\/vc_column][\/vc_row][vc_row type=&#8221;in_container&#8221; full_screen_row_position=&#8221;middle&#8221; scene_position=&#8221;center&#8221; text_color=&#8221;dark&#8221; text_align=&#8221;left&#8221; overlay_strength=&#8221;0.3&#8243; shape_divider_position=&#8221;bottom&#8221;][vc_column column_padding=&#8221;no-extra-padding&#8221; column_padding_position=&#8221;all&#8221; background_color_opacity=&#8221;1&#8243; background_hover_color_opacity=&#8221;1&#8243; column_shadow=&#8221;none&#8221; column_border_radius=&#8221;none&#8221; width=&#8221;1\/1&#8243; tablet_text_alignment=&#8221;default&#8221; phone_text_alignment=&#8221;default&#8221; column_border_width=&#8221;none&#8221; column_border_style=&#8221;solid&#8221;][vc_custom_heading text=&#8221;Pol\u00edtica de calidad y medio ambiente<br \/>\n&#8221; font_container=&#8221;tag:h3|text_align:center|color:%23306f93&#8243; use_theme_fonts=&#8221;yes&#8221;]<div class=\"divider-wrap\" data-alignment=\"default\"><div style=\"margin-top: 20px; height: 1px; margin-bottom: 20px;\" data-width=\"100%\" data-animate=\"yes\" data-animation-delay=\"\" data-color=\"extra-color-1\" class=\"divider-border\"><\/div><\/div>[vc_column_text]<strong>INDUSTRIAS DAVID, S.L.U<\/strong>, dont l&#8217;activit\u00e9 est la conception, la fabrication et la commercialisation de machines agricoles et de services d&#8217;assistance technique, assume les PRINCIPES qui constituent sa POLITIQUE DE QUALIT\u00c9 ET D&#8217;ENVIRONNEMENT, sp\u00e9cifi\u00e9e dans Satisfaire les attentes des clients, c&#8217;est-\u00e0-dire \u00eatre en mesure d&#8217;offrir, en conformit\u00e9 avec les besoins environnementaux et de s\u00e9curit\u00e9, des produits et services ayant des caract\u00e9ristiques techniques et de qualit\u00e9 En outre, la Soci\u00e9t\u00e9 s&#8217;engage \u00e0 rendre le concept ant\u00e9rieur compatible avec la pr\u00e9vention de la pollution environnementale, non seulement en respectant les lois et r\u00e8glements en vigueur, mais aussi en \u00e9largissant ses exigences lorsque cela est consid\u00e9r\u00e9 comme essentiel pour l&#8217;environnement naturel.<\/p>\n<p>Cela implique d&#8217;\u00e9tablir des lignes d&#8217;action avec des buts et des objectifs sp\u00e9cifiques qui assurent un processus d&#8217;am\u00e9lioration continue: R\u00e9alisation de services de conception, de production, de marketing et d&#8217;assistance technique pour des machines agricoles capables de satisfaire \u00e0 la fois les besoins des clients et les exigences \u00e9tablies par la loi.<\/p>\n<p>Utiliser dans tous nos services, les pratiques et les technologies les plus appropri\u00e9es pour pr\u00e9venir, r\u00e9duire et, dans la mesure du possible, \u00e9liminer les perturbations de toute nature qui peuvent affecter l&#8217;environnement, nous engageant ainsi \u00e0 pr\u00e9venir la pollution Assurez-vous que nos services couvrent et respectent toutes les exigences l\u00e9gales environnementales applicables Fournir un guide de r\u00e9f\u00e9rence pour d\u00e9terminer les objectifs de qualit\u00e9 et les objectifs environnementaux Am\u00e9liorer continuellement le syst\u00e8me de gestion int\u00e9gr\u00e9.[\/vc_column_text]<div class=\"divider-wrap\" data-alignment=\"default\"><div style=\"height: 40px;\" class=\"divider\"><\/div><\/div>[vc_column_text]\n<p style=\"text-align: justify;\">Am\u00e9liorer la gestion des d\u00e9chets en appliquant des mesures ad\u00e9quates pour la r\u00e9duction, la r\u00e9cup\u00e9ration et le recyclage et l&#8217;\u00e9limination correcte des mat\u00e9riaux non r\u00e9cup\u00e9rables <strong>INDUSTRIAS DAVID, S.L.<\/strong> rend cette <strong>Politique Qualit\u00e9 et Environnement accessible au public et \u00e0 toutes les parties int\u00e9ress\u00e9es. <\/strong><\/p>\n<p style=\"text-align: justify;\"><strong>Yecla le 16 Juillet 2008<\/strong><\/p>\n[\/vc_column_text]<div class=\"divider-wrap\" data-alignment=\"default\"><div style=\"height: 40px;\" class=\"divider\"><\/div><\/div>[nectar_btn size=&#8221;large&#8221; open_new_tab=&#8221;true&#8221; button_style=&#8221;see-through-2&#8243; hover_text_color_override=&#8221;#ffffff&#8221; icon_family=&#8221;steadysets&#8221; text=&#8221;Descharger&#8221; url=&#8221;https:\/\/id-david.com\/wp-content\/uploads\/2017\/03\/Politica-de-calidad-y-medio-ambiente.pdf&#8221; css_animation=&#8221;fadeIn&#8221; icon_steadysets=&#8221;steadysets-icon-arrow-down&#8221;][\/vc_column][\/vc_row][vc_row type=&#8221;in_container&#8221; full_screen_row_position=&#8221;middle&#8221; scene_position=&#8221;center&#8221; text_color=&#8221;dark&#8221; text_align=&#8221;left&#8221; overlay_strength=&#8221;0.3&#8243; shape_divider_position=&#8221;bottom&#8221;][vc_column enable_animation=&#8221;true&#8221; animation=&#8221;fade-in&#8221; centered_text=&#8221;true&#8221; column_padding=&#8221;no-extra-padding&#8221; column_padding_position=&#8221;all&#8221; background_color_opacity=&#8221;1&#8243; background_hover_color_opacity=&#8221;1&#8243; column_shadow=&#8221;none&#8221; column_border_radius=&#8221;none&#8221; top_margin=&#8221;50&#8243; bottom_margin=&#8221;50&#8243; width=&#8221;1\/1&#8243; tablet_text_alignment=&#8221;default&#8221; phone_text_alignment=&#8221;default&#8221; column_border_width=&#8221;none&#8221; column_border_style=&#8221;solid&#8221;][vc_custom_heading text=&#8221;Prix&#8221; font_container=&#8221;tag:h3|text_align:center|color:%23306f93&#8243; use_theme_fonts=&#8221;yes&#8221;]<div class=\"divider-wrap\" data-alignment=\"default\"><div style=\"margin-top: 20px; height: 1px; margin-bottom: 20px;\" data-width=\"100%\" data-animate=\"yes\" data-animation-delay=\"\" data-color=\"extra-color-1\" class=\"divider-border\"><\/div><\/div>[vc_column_text]\n<p style=\"text-align: justify;\"><strong>Les prix<\/strong> re\u00e7us dans toutes ces ann\u00e9es, ont \u00e9t\u00e9 obtenus gr\u00e2ce au travail, la pers\u00e9v\u00e9rance et le d\u00e9vouement de notre travail. Reconnaissance de notre croissance constante dans l&#8217;innovation et l&#8217;\u00e9volution technologique de nos produits.<\/p>\n[\/vc_column_text]<div class=\"divider-wrap\" data-alignment=\"default\"><div style=\"height: 60px;\" class=\"divider\"><\/div><\/div><div class=\"iwithtext\"><div class=\"iwt-icon\"> <i class=\"icon-default-style icon-trophy extra-color-1\"><\/i> <\/div><div class=\"iwt-text\"> \n<p style=\"text-align: justify;\"><strong>1975:\u00a0<\/strong>Prix d&#8217;Innovation Technique au FIMA, Foire Internationale des Machines Agricoles de Saragosse, avec INTERCEPS ELECTROHYDRAULIC.<\/p>\n <\/div><div class=\"clear\"><\/div><\/div><div class=\"iwithtext\"><div class=\"iwt-icon\"> <i class=\"icon-default-style icon-trophy extra-color-1\"><\/i> <\/div><div class=\"iwt-text\"> \n<p style=\"text-align: justify;\"><strong>1976:<\/strong> Prix d&#8217;Innovation Technique au FIMA, Foire Internationale des Machines Agricoles de Saragosse, avec CULTIVATEUR EXTENSIBLE HYDRAULIQUE.<\/p>\n <\/div><div class=\"clear\"><\/div><\/div><div class=\"iwithtext\"><div class=\"iwt-icon\"> <i class=\"icon-default-style icon-trophy extra-color-1\"><\/i> <\/div><div class=\"iwt-text\"> \n<p style=\"text-align: justify;\"><strong>2000:<\/strong> PREMIO METAL 2000 dans la cat\u00e9gorie de l&#8217;innovation technologique<\/p>\n <\/div><div class=\"clear\"><\/div><\/div><div class=\"iwithtext\"><div class=\"iwt-icon\"> <i class=\"icon-default-style icon-trophy extra-color-1\"><\/i> <\/div><div class=\"iwt-text\"> <strong>2005:<\/strong> Prix d&#8217;Innovation Technique au\u00a0<span style=\"font-weight: 400;\"><a href=\"http:\/\/www.feriazaragoza.es\/fima_agricola.aspx\" target=\"_blank\" rel=\"noopener\">FIMA, Foire Internationale des Machines Agricoles de Saragosse<\/a><\/span>, avec THERMAL SCREEN, d\u00e9velopp\u00e9 conjointement avec REPSOL (prix partag\u00e9). Dispositif applicable \u00e0 nos Interceps et destin\u00e9 au contr\u00f4le des mauvaises herbes. <\/div><div class=\"clear\"><\/div><\/div><div class=\"iwithtext\"><div class=\"iwt-icon\"> <i class=\"icon-default-style icon-trophy extra-color-1\"><\/i> <\/div><div class=\"iwt-text\"> \n<p style=\"text-align: justify;\"><span style=\"font-weight: 400;\"><strong style=\"font-weight: 400;\">2010<\/strong>:\u00a0<strong style=\"font-weight: 400;\">PREMIO MERCURIO DE INDUSTRIA. <\/strong><\/span><\/p>\n <\/div><div class=\"clear\"><\/div><\/div>[\/vc_column][\/vc_row]\n","protected":false},"excerpt":{"rendered":"<p>[vc_row type=&#8221;in_container&#8221; full_screen_row_position=&#8221;middle&#8221; scene_position=&#8221;center&#8221; text_color=&#8221;dark&#8221; text_align=&#8221;left&#8221; overlay_strength=&#8221;0.3&#8243; shape_divider_position=&#8221;bottom&#8221;][vc_column column_padding=&#8221;no-extra-padding&#8221; column_padding_position=&#8221;all&#8221; background_color_opacity=&#8221;1&#8243; background_hover_color_opacity=&#8221;1&#8243; column_shadow=&#8221;none&#8221; column_border_radius=&#8221;none&#8221; top_margin=&#8221;50&#8243; width=&#8221;1\/1&#8243; tablet_text_alignment=&#8221;default&#8221; phone_text_alignment=&#8221;default&#8221; column_border_width=&#8221;none&#8221; column_border_style=&#8221;solid&#8221;][vc_column_text] La qualit\u00e9 est d\u00e9sormais consid\u00e9r\u00e9e comme une variable qui b\u00e2tit&#8230;<\/p>\n","protected":false},"author":1,"featured_media":0,"parent":0,"menu_order":0,"comment_status":"open","ping_status":"open","template":"","meta":{"inline_featured_image":false},"yoast_head":"<!-- This site is optimized with the Yoast SEO Premium plugin v18.5 (Yoast SEO v19.13) - https:\/\/yoast.com\/wordpress\/plugins\/seo\/ -->\n<title>Qualit\u00e9 - ID-DAVID, fabricant de machines agricoles.<\/title>\n<meta name=\"description\" content=\"La qualit\u00e9 est essentielle pour la comp\u00e9titivit\u00e9 d&#039;ID-David et ses relations clients. ID-David est accr\u00e9dit\u00e9 avec certificats de qualit\u00e9.\" \/>\n<meta name=\"robots\" content=\"index, follow, max-snippet:-1, max-image-preview:large, max-video-preview:-1\" \/>\n<link rel=\"canonical\" href=\"https:\/\/id-david.com\/fr\/qualite\/\" \/>\n<meta property=\"og:locale\" content=\"fr_FR\" \/>\n<meta property=\"og:type\" content=\"article\" \/>\n<meta property=\"og:title\" content=\"Qualit\u00e9\" \/>\n<meta property=\"og:description\" content=\"La qualit\u00e9 est essentielle pour la comp\u00e9titivit\u00e9 d&#039;ID-David et ses relations clients. ID-David est accr\u00e9dit\u00e9 avec certificats de qualit\u00e9.\" \/>\n<meta property=\"og:url\" content=\"https:\/\/id-david.com\/fr\/qualite\/\" \/>\n<meta property=\"og:site_name\" content=\"ID-DAVID\" \/>\n<meta property=\"article:publisher\" content=\"https:\/\/www.facebook.com\/industriasdavid\/\" \/>\n<meta property=\"article:modified_time\" content=\"2024-09-17T14:24:44+00:00\" \/>\n<meta name=\"twitter:card\" content=\"summary_large_image\" \/>\n<meta name=\"twitter:site\" content=\"@IDdavidslu\" \/>\n<meta name=\"twitter:label1\" content=\"Dur\u00e9e de lecture estim\u00e9e\" \/>\n\t<meta name=\"twitter:data1\" content=\"6 minutes\" \/>\n<script type=\"application\/ld+json\" class=\"yoast-schema-graph\">{\"@context\":\"https:\/\/schema.org\",\"@graph\":[{\"@type\":\"WebPage\",\"@id\":\"https:\/\/id-david.com\/fr\/qualite\/\",\"url\":\"https:\/\/id-david.com\/fr\/qualite\/\",\"name\":\"Qualit\u00e9 - ID-DAVID, fabricant de machines agricoles.\",\"isPartOf\":{\"@id\":\"https:\/\/id-david.com\/#website\"},\"datePublished\":\"2012-06-19T12:55:47+00:00\",\"dateModified\":\"2024-09-17T14:24:44+00:00\",\"description\":\"La qualit\u00e9 est essentielle pour la comp\u00e9titivit\u00e9 d'ID-David et ses relations clients. ID-David est accr\u00e9dit\u00e9 avec certificats de qualit\u00e9.\",\"breadcrumb\":{\"@id\":\"https:\/\/id-david.com\/fr\/qualite\/#breadcrumb\"},\"inLanguage\":\"fr-FR\",\"potentialAction\":[{\"@type\":\"ReadAction\",\"target\":[\"https:\/\/id-david.com\/fr\/qualite\/\"]}]},{\"@type\":\"BreadcrumbList\",\"@id\":\"https:\/\/id-david.com\/fr\/qualite\/#breadcrumb\",\"itemListElement\":[{\"@type\":\"ListItem\",\"position\":1,\"name\":\"Home\",\"item\":\"https:\/\/id-david.com\/fr\/\"},{\"@type\":\"ListItem\",\"position\":2,\"name\":\"Qualit\u00e9\"}]},{\"@type\":\"WebSite\",\"@id\":\"https:\/\/id-david.com\/#website\",\"url\":\"https:\/\/id-david.com\/\",\"name\":\"ID-DAVID\",\"description\":\"Eficacia y tecnolog\u00eda para sus cultivos\",\"publisher\":{\"@id\":\"https:\/\/id-david.com\/#organization\"},\"potentialAction\":[{\"@type\":\"SearchAction\",\"target\":{\"@type\":\"EntryPoint\",\"urlTemplate\":\"https:\/\/id-david.com\/?s={search_term_string}\"},\"query-input\":\"required name=search_term_string\"}],\"inLanguage\":\"fr-FR\"},{\"@type\":\"Organization\",\"@id\":\"https:\/\/id-david.com\/#organization\",\"name\":\"Industrias David S.L.U.\",\"url\":\"https:\/\/id-david.com\/\",\"logo\":{\"@type\":\"ImageObject\",\"inLanguage\":\"fr-FR\",\"@id\":\"https:\/\/id-david.com\/#\/schema\/logo\/image\/\",\"url\":\"https:\/\/id-david.com\/wp-content\/uploads\/2017\/03\/id-david_logo_2017.png\",\"contentUrl\":\"https:\/\/id-david.com\/wp-content\/uploads\/2017\/03\/id-david_logo_2017.png\",\"width\":350,\"height\":128,\"caption\":\"Industrias David S.L.U.\"},\"image\":{\"@id\":\"https:\/\/id-david.com\/#\/schema\/logo\/image\/\"},\"sameAs\":[\"https:\/\/es.linkedin.com\/company\/industrias-david-s-l-u\",\"https:\/\/www.youtube.com\/user\/industriasdavid\",\"https:\/\/www.facebook.com\/industriasdavid\/\",\"https:\/\/twitter.com\/IDdavidslu\"]}]}<\/script>\n<!-- \/ Yoast SEO Premium plugin. -->","yoast_head_json":{"title":"Qualit\u00e9 - ID-DAVID, fabricant de machines agricoles.","description":"La qualit\u00e9 est essentielle pour la comp\u00e9titivit\u00e9 d'ID-David et ses relations clients. ID-David est accr\u00e9dit\u00e9 avec certificats de qualit\u00e9.","robots":{"index":"index","follow":"follow","max-snippet":"max-snippet:-1","max-image-preview":"max-image-preview:large","max-video-preview":"max-video-preview:-1"},"canonical":"https:\/\/id-david.com\/fr\/qualite\/","og_locale":"fr_FR","og_type":"article","og_title":"Qualit\u00e9","og_description":"La qualit\u00e9 est essentielle pour la comp\u00e9titivit\u00e9 d'ID-David et ses relations clients. ID-David est accr\u00e9dit\u00e9 avec certificats de qualit\u00e9.","og_url":"https:\/\/id-david.com\/fr\/qualite\/","og_site_name":"ID-DAVID","article_publisher":"https:\/\/www.facebook.com\/industriasdavid\/","article_modified_time":"2024-09-17T14:24:44+00:00","twitter_card":"summary_large_image","twitter_site":"@IDdavidslu","twitter_misc":{"Dur\u00e9e de lecture estim\u00e9e":"6 minutes"},"schema":{"@context":"https:\/\/schema.org","@graph":[{"@type":"WebPage","@id":"https:\/\/id-david.com\/fr\/qualite\/","url":"https:\/\/id-david.com\/fr\/qualite\/","name":"Qualit\u00e9 - ID-DAVID, fabricant de machines agricoles.","isPartOf":{"@id":"https:\/\/id-david.com\/#website"},"datePublished":"2012-06-19T12:55:47+00:00","dateModified":"2024-09-17T14:24:44+00:00","description":"La qualit\u00e9 est essentielle pour la comp\u00e9titivit\u00e9 d'ID-David et ses relations clients. ID-David est accr\u00e9dit\u00e9 avec certificats de qualit\u00e9.","breadcrumb":{"@id":"https:\/\/id-david.com\/fr\/qualite\/#breadcrumb"},"inLanguage":"fr-FR","potentialAction":[{"@type":"ReadAction","target":["https:\/\/id-david.com\/fr\/qualite\/"]}]},{"@type":"BreadcrumbList","@id":"https:\/\/id-david.com\/fr\/qualite\/#breadcrumb","itemListElement":[{"@type":"ListItem","position":1,"name":"Home","item":"https:\/\/id-david.com\/fr\/"},{"@type":"ListItem","position":2,"name":"Qualit\u00e9"}]},{"@type":"WebSite","@id":"https:\/\/id-david.com\/#website","url":"https:\/\/id-david.com\/","name":"ID-DAVID","description":"Eficacia y tecnolog\u00eda para sus cultivos","publisher":{"@id":"https:\/\/id-david.com\/#organization"},"potentialAction":[{"@type":"SearchAction","target":{"@type":"EntryPoint","urlTemplate":"https:\/\/id-david.com\/?s={search_term_string}"},"query-input":"required name=search_term_string"}],"inLanguage":"fr-FR"},{"@type":"Organization","@id":"https:\/\/id-david.com\/#organization","name":"Industrias David S.L.U.","url":"https:\/\/id-david.com\/","logo":{"@type":"ImageObject","inLanguage":"fr-FR","@id":"https:\/\/id-david.com\/#\/schema\/logo\/image\/","url":"https:\/\/id-david.com\/wp-content\/uploads\/2017\/03\/id-david_logo_2017.png","contentUrl":"https:\/\/id-david.com\/wp-content\/uploads\/2017\/03\/id-david_logo_2017.png","width":350,"height":128,"caption":"Industrias David S.L.U."},"image":{"@id":"https:\/\/id-david.com\/#\/schema\/logo\/image\/"},"sameAs":["https:\/\/es.linkedin.com\/company\/industrias-david-s-l-u","https:\/\/www.youtube.com\/user\/industriasdavid","https:\/\/www.facebook.com\/industriasdavid\/","https:\/\/twitter.com\/IDdavidslu"]}]}},"jetpack_sharing_enabled":true,"jetpack_shortlink":"https:\/\/wp.me\/PgBPkj-1vF","_links":{"self":[{"href":"https:\/\/id-david.com\/fr\/wp-json\/wp\/v2\/pages\/5807"}],"collection":[{"href":"https:\/\/id-david.com\/fr\/wp-json\/wp\/v2\/pages"}],"about":[{"href":"https:\/\/id-david.com\/fr\/wp-json\/wp\/v2\/types\/page"}],"author":[{"embeddable":true,"href":"https:\/\/id-david.com\/fr\/wp-json\/wp\/v2\/users\/1"}],"replies":[{"embeddable":true,"href":"https:\/\/id-david.com\/fr\/wp-json\/wp\/v2\/comments?post=5807"}],"version-history":[{"count":1,"href":"https:\/\/id-david.com\/fr\/wp-json\/wp\/v2\/pages\/5807\/revisions"}],"predecessor-version":[{"id":13969,"href":"https:\/\/id-david.com\/fr\/wp-json\/wp\/v2\/pages\/5807\/revisions\/13969"}],"wp:attachment":[{"href":"https:\/\/id-david.com\/fr\/wp-json\/wp\/v2\/media?parent=5807"}],"curies":[{"name":"wp","href":"https:\/\/api.w.org\/{rel}","templated":true}]}}