{"id":5819,"date":"2012-06-29T10:11:04","date_gmt":"2012-06-29T08:11:04","guid":{"rendered":"https:\/\/id-david.com\/reseau-commercial\/"},"modified":"2023-08-29T18:38:04","modified_gmt":"2023-08-29T16:38:04","slug":"reseau-commercial","status":"publish","type":"page","link":"https:\/\/id-david.com\/fr\/reseau-commercial\/","title":{"rendered":"R\u00e9seau commercial"},"content":{"rendered":"[vc_row type=&#8221;in_container&#8221; full_screen_row_position=&#8221;middle&#8221; scene_position=&#8221;center&#8221; text_color=&#8221;dark&#8221; text_align=&#8221;left&#8221; overlay_strength=&#8221;0.3&#8243; shape_divider_position=&#8221;bottom&#8221; bg_image_animation=&#8221;none&#8221;][vc_column column_padding=&#8221;no-extra-padding&#8221; column_padding_position=&#8221;all&#8221; background_color_opacity=&#8221;1&#8243; background_hover_color_opacity=&#8221;1&#8243; column_link_target=&#8221;_self&#8221; column_shadow=&#8221;none&#8221; column_border_radius=&#8221;none&#8221; top_margin=&#8221;50&#8243; width=&#8221;1\/1&#8243; tablet_width_inherit=&#8221;default&#8221; tablet_text_alignment=&#8221;default&#8221; phone_text_alignment=&#8221;default&#8221; column_border_width=&#8221;none&#8221; column_border_style=&#8221;solid&#8221; bg_image_animation=&#8221;none&#8221;][vc_column_text]\n<h1 class=\"vc_custom_heading wpb_animate_when_almost_visible wpb_bounceInLeft bounceInLeft animated wpb_start_animation\" style=\"text-align: justify;\">Notre r\u00e9seau commercial<\/h1>\n<h3><span style=\"color: #ff0000;\">Nous distribuons des machines agricoles dans le monde entier.<\/span><\/h3>\n<div class=\"wpb_text_column wpb_content_element \"><\/div>\n[\/vc_column_text][vc_column_text]\n<h3 class=\"vc_custom_heading wpb_animate_when_almost_visible wpb_bounceInLeft bounceInLeft animated wpb_start_animation\" style=\"text-align: justify;\">Apprenez \u00e0 conna\u00eetre le r\u00e9seau commercial David Industries et d\u00e9couvrez votre distributeur le plus proche ou contactez nos agents.<\/h3>\n<div class=\"wpb_text_column wpb_content_element \"><\/div>\n[\/vc_column_text]<div class=\"divider-wrap\" data-alignment=\"default\"><div style=\"margin-top: 15px; height: 1px; margin-bottom: 15px;\" data-width=\"100%\" data-animate=\"\" data-animation-delay=\"\" data-color=\"extra-color-1\" class=\"divider-border\"><\/div><\/div>[\/vc_column][\/vc_row][vc_row type=&#8221;in_container&#8221; full_screen_row_position=&#8221;middle&#8221; scene_position=&#8221;center&#8221; text_color=&#8221;dark&#8221; text_align=&#8221;left&#8221; overlay_strength=&#8221;0.3&#8243; shape_divider_position=&#8221;bottom&#8221; bg_image_animation=&#8221;none&#8221;][vc_column column_padding=&#8221;no-extra-padding&#8221; column_padding_position=&#8221;all&#8221; background_color_opacity=&#8221;1&#8243; background_hover_color_opacity=&#8221;1&#8243; column_link_target=&#8221;_self&#8221; column_shadow=&#8221;none&#8221; column_border_radius=&#8221;none&#8221; top_margin=&#8221;0&#8243; width=&#8221;1\/1&#8243; tablet_width_inherit=&#8221;default&#8221; tablet_text_alignment=&#8221;default&#8221; phone_text_alignment=&#8221;default&#8221; column_border_width=&#8221;none&#8221; column_border_style=&#8221;solid&#8221; bg_image_animation=&#8221;none&#8221;][vc_column_text]<div id=\"mapsvg-1388\" data-id=\"1388\" class=\"mapsvg\" data-autoload=\"true\" data-load-db=\"true\" data-loading-text=\"Cargando mapa\" style=\"width: 100%; height: 0; padding-bottom: 65.96%\"><\/div>[\/vc_column_text][\/vc_column][\/vc_row]\n","protected":false},"excerpt":{"rendered":"<p>[vc_row type=&#8221;in_container&#8221; full_screen_row_position=&#8221;middle&#8221; scene_position=&#8221;center&#8221; text_color=&#8221;dark&#8221; text_align=&#8221;left&#8221; overlay_strength=&#8221;0.3&#8243; shape_divider_position=&#8221;bottom&#8221; bg_image_animation=&#8221;none&#8221;][vc_column column_padding=&#8221;no-extra-padding&#8221; column_padding_position=&#8221;all&#8221; background_color_opacity=&#8221;1&#8243; background_hover_color_opacity=&#8221;1&#8243; column_link_target=&#8221;_self&#8221; column_shadow=&#8221;none&#8221; column_border_radius=&#8221;none&#8221; top_margin=&#8221;50&#8243; width=&#8221;1\/1&#8243; tablet_width_inherit=&#8221;default&#8221; tablet_text_alignment=&#8221;default&#8221; phone_text_alignment=&#8221;default&#8221; column_border_width=&#8221;none&#8221; column_border_style=&#8221;solid&#8221; bg_image_animation=&#8221;none&#8221;][vc_column_text] Notre r\u00e9seau commercial Nous distribuons des&#8230;<\/p>\n","protected":false},"author":1,"featured_media":0,"parent":0,"menu_order":0,"comment_status":"closed","ping_status":"open","template":"","meta":{"inline_featured_image":false},"yoast_head":"<!-- This site is optimized with the Yoast SEO Premium plugin v18.5 (Yoast SEO v19.13) - https:\/\/yoast.com\/wordpress\/plugins\/seo\/ -->\n<title>R\u00e9seau commercial - ID-DAVID<\/title>\n<meta name=\"description\" content=\"Apprenez \u00e0 conna\u00eetre le r\u00e9seau commercial David Industries et d\u00e9couvrez votre distributeur le plus proche ou contactez nos agents.\" \/>\n<meta name=\"robots\" content=\"index, follow, max-snippet:-1, max-image-preview:large, max-video-preview:-1\" \/>\n<link rel=\"canonical\" href=\"https:\/\/id-david.com\/fr\/reseau-commercial\/\" \/>\n<meta property=\"og:locale\" content=\"fr_FR\" \/>\n<meta property=\"og:type\" content=\"article\" \/>\n<meta property=\"og:title\" content=\"R\u00e9seau commercial\" \/>\n<meta property=\"og:description\" content=\"Apprenez \u00e0 conna\u00eetre le r\u00e9seau commercial David Industries et d\u00e9couvrez votre distributeur le plus proche ou contactez nos agents.\" \/>\n<meta property=\"og:url\" content=\"https:\/\/id-david.com\/fr\/reseau-commercial\/\" \/>\n<meta property=\"og:site_name\" content=\"ID-DAVID\" \/>\n<meta property=\"article:publisher\" content=\"https:\/\/www.facebook.com\/industriasdavid\/\" \/>\n<meta property=\"article:modified_time\" content=\"2023-08-29T16:38:04+00:00\" \/>\n<meta name=\"twitter:card\" content=\"summary_large_image\" \/>\n<meta name=\"twitter:site\" content=\"@IDdavidslu\" \/>\n<meta name=\"twitter:label1\" content=\"Dur\u00e9e de lecture estim\u00e9e\" \/>\n\t<meta name=\"twitter:data1\" content=\"1 minute\" \/>\n<script type=\"application\/ld+json\" class=\"yoast-schema-graph\">{\"@context\":\"https:\/\/schema.org\",\"@graph\":[{\"@type\":\"WebPage\",\"@id\":\"https:\/\/id-david.com\/fr\/reseau-commercial\/\",\"url\":\"https:\/\/id-david.com\/fr\/reseau-commercial\/\",\"name\":\"R\u00e9seau commercial - ID-DAVID\",\"isPartOf\":{\"@id\":\"https:\/\/id-david.com\/#website\"},\"datePublished\":\"2012-06-29T08:11:04+00:00\",\"dateModified\":\"2023-08-29T16:38:04+00:00\",\"description\":\"Apprenez \u00e0 conna\u00eetre le r\u00e9seau commercial David Industries et d\u00e9couvrez votre distributeur le plus proche ou contactez nos agents.\",\"breadcrumb\":{\"@id\":\"https:\/\/id-david.com\/fr\/reseau-commercial\/#breadcrumb\"},\"inLanguage\":\"fr-FR\",\"potentialAction\":[{\"@type\":\"ReadAction\",\"target\":[\"https:\/\/id-david.com\/fr\/reseau-commercial\/\"]}]},{\"@type\":\"BreadcrumbList\",\"@id\":\"https:\/\/id-david.com\/fr\/reseau-commercial\/#breadcrumb\",\"itemListElement\":[{\"@type\":\"ListItem\",\"position\":1,\"name\":\"Home\",\"item\":\"https:\/\/id-david.com\/fr\/\"},{\"@type\":\"ListItem\",\"position\":2,\"name\":\"R\u00e9seau commercial\"}]},{\"@type\":\"WebSite\",\"@id\":\"https:\/\/id-david.com\/#website\",\"url\":\"https:\/\/id-david.com\/\",\"name\":\"ID-DAVID\",\"description\":\"Eficacia y tecnolog\u00eda para sus cultivos\",\"publisher\":{\"@id\":\"https:\/\/id-david.com\/#organization\"},\"potentialAction\":[{\"@type\":\"SearchAction\",\"target\":{\"@type\":\"EntryPoint\",\"urlTemplate\":\"https:\/\/id-david.com\/?s={search_term_string}\"},\"query-input\":\"required name=search_term_string\"}],\"inLanguage\":\"fr-FR\"},{\"@type\":\"Organization\",\"@id\":\"https:\/\/id-david.com\/#organization\",\"name\":\"Industrias David S.L.U.\",\"url\":\"https:\/\/id-david.com\/\",\"logo\":{\"@type\":\"ImageObject\",\"inLanguage\":\"fr-FR\",\"@id\":\"https:\/\/id-david.com\/#\/schema\/logo\/image\/\",\"url\":\"https:\/\/id-david.com\/wp-content\/uploads\/2017\/03\/id-david_logo_2017.png\",\"contentUrl\":\"https:\/\/id-david.com\/wp-content\/uploads\/2017\/03\/id-david_logo_2017.png\",\"width\":350,\"height\":128,\"caption\":\"Industrias David S.L.U.\"},\"image\":{\"@id\":\"https:\/\/id-david.com\/#\/schema\/logo\/image\/\"},\"sameAs\":[\"https:\/\/es.linkedin.com\/company\/industrias-david-s-l-u\",\"https:\/\/www.youtube.com\/user\/industriasdavid\",\"https:\/\/www.facebook.com\/industriasdavid\/\",\"https:\/\/twitter.com\/IDdavidslu\"]}]}<\/script>\n<!-- \/ Yoast SEO Premium plugin. -->","yoast_head_json":{"title":"R\u00e9seau commercial - ID-DAVID","description":"Apprenez \u00e0 conna\u00eetre le r\u00e9seau commercial David Industries et d\u00e9couvrez votre distributeur le plus proche ou contactez nos agents.","robots":{"index":"index","follow":"follow","max-snippet":"max-snippet:-1","max-image-preview":"max-image-preview:large","max-video-preview":"max-video-preview:-1"},"canonical":"https:\/\/id-david.com\/fr\/reseau-commercial\/","og_locale":"fr_FR","og_type":"article","og_title":"R\u00e9seau commercial","og_description":"Apprenez \u00e0 conna\u00eetre le r\u00e9seau commercial David Industries et d\u00e9couvrez votre distributeur le plus proche ou contactez nos agents.","og_url":"https:\/\/id-david.com\/fr\/reseau-commercial\/","og_site_name":"ID-DAVID","article_publisher":"https:\/\/www.facebook.com\/industriasdavid\/","article_modified_time":"2023-08-29T16:38:04+00:00","twitter_card":"summary_large_image","twitter_site":"@IDdavidslu","twitter_misc":{"Dur\u00e9e de lecture estim\u00e9e":"1 minute"},"schema":{"@context":"https:\/\/schema.org","@graph":[{"@type":"WebPage","@id":"https:\/\/id-david.com\/fr\/reseau-commercial\/","url":"https:\/\/id-david.com\/fr\/reseau-commercial\/","name":"R\u00e9seau commercial - ID-DAVID","isPartOf":{"@id":"https:\/\/id-david.com\/#website"},"datePublished":"2012-06-29T08:11:04+00:00","dateModified":"2023-08-29T16:38:04+00:00","description":"Apprenez \u00e0 conna\u00eetre le r\u00e9seau commercial David Industries et d\u00e9couvrez votre distributeur le plus proche ou contactez nos agents.","breadcrumb":{"@id":"https:\/\/id-david.com\/fr\/reseau-commercial\/#breadcrumb"},"inLanguage":"fr-FR","potentialAction":[{"@type":"ReadAction","target":["https:\/\/id-david.com\/fr\/reseau-commercial\/"]}]},{"@type":"BreadcrumbList","@id":"https:\/\/id-david.com\/fr\/reseau-commercial\/#breadcrumb","itemListElement":[{"@type":"ListItem","position":1,"name":"Home","item":"https:\/\/id-david.com\/fr\/"},{"@type":"ListItem","position":2,"name":"R\u00e9seau commercial"}]},{"@type":"WebSite","@id":"https:\/\/id-david.com\/#website","url":"https:\/\/id-david.com\/","name":"ID-DAVID","description":"Eficacia y tecnolog\u00eda para sus cultivos","publisher":{"@id":"https:\/\/id-david.com\/#organization"},"potentialAction":[{"@type":"SearchAction","target":{"@type":"EntryPoint","urlTemplate":"https:\/\/id-david.com\/?s={search_term_string}"},"query-input":"required name=search_term_string"}],"inLanguage":"fr-FR"},{"@type":"Organization","@id":"https:\/\/id-david.com\/#organization","name":"Industrias David S.L.U.","url":"https:\/\/id-david.com\/","logo":{"@type":"ImageObject","inLanguage":"fr-FR","@id":"https:\/\/id-david.com\/#\/schema\/logo\/image\/","url":"https:\/\/id-david.com\/wp-content\/uploads\/2017\/03\/id-david_logo_2017.png","contentUrl":"https:\/\/id-david.com\/wp-content\/uploads\/2017\/03\/id-david_logo_2017.png","width":350,"height":128,"caption":"Industrias David S.L.U."},"image":{"@id":"https:\/\/id-david.com\/#\/schema\/logo\/image\/"},"sameAs":["https:\/\/es.linkedin.com\/company\/industrias-david-s-l-u","https:\/\/www.youtube.com\/user\/industriasdavid","https:\/\/www.facebook.com\/industriasdavid\/","https:\/\/twitter.com\/IDdavidslu"]}]}},"jetpack_sharing_enabled":true,"jetpack_shortlink":"https:\/\/wp.me\/PgBPkj-1vR","_links":{"self":[{"href":"https:\/\/id-david.com\/fr\/wp-json\/wp\/v2\/pages\/5819"}],"collection":[{"href":"https:\/\/id-david.com\/fr\/wp-json\/wp\/v2\/pages"}],"about":[{"href":"https:\/\/id-david.com\/fr\/wp-json\/wp\/v2\/types\/page"}],"author":[{"embeddable":true,"href":"https:\/\/id-david.com\/fr\/wp-json\/wp\/v2\/users\/1"}],"replies":[{"embeddable":true,"href":"https:\/\/id-david.com\/fr\/wp-json\/wp\/v2\/comments?post=5819"}],"version-history":[{"count":2,"href":"https:\/\/id-david.com\/fr\/wp-json\/wp\/v2\/pages\/5819\/revisions"}],"predecessor-version":[{"id":12725,"href":"https:\/\/id-david.com\/fr\/wp-json\/wp\/v2\/pages\/5819\/revisions\/12725"}],"wp:attachment":[{"href":"https:\/\/id-david.com\/fr\/wp-json\/wp\/v2\/media?parent=5819"}],"curies":[{"name":"wp","href":"https:\/\/api.w.org\/{rel}","templated":true}]}}