{"id":5827,"date":"2017-03-23T16:02:20","date_gmt":"2017-03-23T14:02:20","guid":{"rendered":"https:\/\/id-david.com\/mentions-legales\/"},"modified":"2023-12-11T13:53:24","modified_gmt":"2023-12-11T11:53:24","slug":"mentions-legales","status":"publish","type":"page","link":"https:\/\/id-david.com\/fr\/mentions-legales\/","title":{"rendered":"Mentions L\u00e9gales"},"content":{"rendered":"[vc_row type=&#8221;in_container&#8221; full_screen_row_position=&#8221;middle&#8221; scene_position=&#8221;center&#8221; text_color=&#8221;dark&#8221; text_align=&#8221;left&#8221; overlay_strength=&#8221;0.3&#8243; shape_divider_position=&#8221;bottom&#8221; bg_image_animation=&#8221;none&#8221;][vc_column column_padding=&#8221;no-extra-padding&#8221; column_padding_position=&#8221;all&#8221; background_color_opacity=&#8221;1&#8243; background_hover_color_opacity=&#8221;1&#8243; column_link_target=&#8221;_self&#8221; column_shadow=&#8221;none&#8221; column_border_radius=&#8221;none&#8221; width=&#8221;1\/1&#8243; tablet_width_inherit=&#8221;default&#8221; tablet_text_alignment=&#8221;default&#8221; phone_text_alignment=&#8221;default&#8221; column_border_width=&#8221;none&#8221; column_border_style=&#8221;solid&#8221; bg_image_animation=&#8221;none&#8221;][vc_column_text]\n<h1><strong>Mentions l\u00e9gales du site<\/strong><\/h1>\n<p>&nbsp;<\/p>\n<p>Afin de se conformer \u00e0 l&#8217;article 10 de la loi 34\/2002 sur les services de la soci\u00e9t\u00e9 de l&#8217;information et le commerce \u00e9lectronique, nous fournissons \u00e0 l&#8217;utilisateur nos donn\u00e9es\u00a0:<\/p>\n<p>&nbsp;<\/p>\n<p>Raison sociale : INDUSTRIAS DAVID, S.L.U.<\/p>\n<p>Si\u00e8ge social : PI URBAYECLA II, S\/N PARCELAS 28\/30 APDO 6 &#8211; 30510 &#8211; YECLA &#8211; MURCIA<\/p>\n<p>Num\u00e9ro d&#8217;identification fiscale (NIF): B30019616<\/p>\n<p>T\u00e9l\u00e9phone : 968718119<\/p>\n<p>Courriel : info@industriasdavid.com<\/p>\n<p>Donn\u00e9es d&#8217;enregistrement\u00a0: Inscrit au registre du commerce de Murcie, T 454, F 108, S 8, H MU 8677.<\/p>\n<p>Site Web : https:\/\/id-david.com\/.<\/p>\n<p>&nbsp;<\/p>\n<p><strong>Objet<\/strong><\/p>\n<p>Le fournisseur responsable du site Web met ce document \u00e0 la disposition des utilisateurs, sur la base duquel il entend se conformer aux obligations pr\u00e9vues par la loi 34\/2002 sur les services de la soci\u00e9t\u00e9 de l&#8217;information et du commerce \u00e9lectronique (LSSI-CE), et informe tous utilisateurs du site sur les conditions d&#8217;utilisation du site.<\/p>\n<p>Toute personne acc\u00e9dant \u00e0 ce site Web devient un utilisateur, s&#8217;engageant \u00e0 respecter strictement les dispositions \u00e9nonc\u00e9es dans ce document, ainsi que toutes autres dispositions l\u00e9gales applicables.<\/p>\n<p>Le Prestataire se r\u00e9serve le droit de modifier tout type d&#8217;informations pouvant \u00eatre publi\u00e9es sur le site, sans \u00eatre tenu de notifier ou d&#8217;informer les utilisateurs de ces obligations, la publication sur le site du Prestataire \u00e9tant consid\u00e9r\u00e9e comme suffisante.<\/p>\n<p>&nbsp;<\/p>\n<p><strong>Responsabilit\u00e9<\/strong><\/p>\n<p>Le Prestataire est d\u00e9gag\u00e9 de toute responsabilit\u00e9 li\u00e9e aux informations publi\u00e9es sur son site Internet, sous r\u00e9serve que ces informations aient \u00e9t\u00e9 modifi\u00e9es ou saisies par un tiers qui ne lui est pas li\u00e9.<\/p>\n<p>Le site Web du fournisseur peut utiliser des cookies (petits fichiers d&#8217;informations que le serveur envoie \u00e0 l&#8217;appareil de la personne visitant la page). Pour plus d&#8217;informations consultez notre Politique relative aux cookies\u00a0 .<\/p>\n<p>&nbsp;<\/p>\n<p>Le site Internet du client peut \u00eatre redirig\u00e9 vers le contenu de sites tiers. Sachant que le fournisseur ne peut pas toujours contr\u00f4ler le contenu fourni par des tiers sur leurs sites Web, il d\u00e9cline toute responsabilit\u00e9 quant \u00e0 ce contenu. Dans tous les cas, le fournisseur d\u00e9clare qu&#8217;il supprimera imm\u00e9diatement tout contenu contraire aux exigences du droit national ou international, de la morale ou de l&#8217;ordre public, supprimera imm\u00e9diatement la redirection vers le site Web sp\u00e9cifi\u00e9, en informant les autorit\u00e9s comp\u00e9tentes de ce contenu.<\/p>\n<p>&nbsp;<\/p>\n<p>Le fournisseur n&#8217;est pas responsable des informations et du contenu stock\u00e9, y compris les forums, les forums de discussion, les g\u00e9n\u00e9rateurs de blogs, les commentaires, les r\u00e9seaux sociaux ou tout autre moyen permettant \u00e0 des tiers de publier de mani\u00e8re ind\u00e9pendante du contenu sur la page Web du fournisseur. Toutefois, conform\u00e9ment aux dispositions de l&#8217;art. 11 et 16 de la LSSI-CE, le fournisseur r\u00e9pond aux demandes de tous les utilisateurs, autorit\u00e9s et forces de l&#8217;ordre et coop\u00e8re activement \u00e0 la suppression ou au blocage de tout contenu susceptible de violer la loi ou d&#8217;\u00eatre contraire aux droits ou \u00e0 la moralit\u00e9 nationaux ou internationaux de tiers et ordre publique. Si l&#8217;utilisateur pense que le site Web contient un contenu susceptible de relever de cette classification, veuillez en informer imm\u00e9diatement l&#8217;administrateur du site Web.<\/p>\n<p>&nbsp;<\/p>\n<p>Ce site Web a \u00e9t\u00e9 examin\u00e9 et test\u00e9 pour s&#8217;assurer qu&#8217;il fonctionne correctement. En principe, un fonctionnement correct peut \u00eatre garanti 365 jours par an, 24 heures sur 24. Cependant, le fournisseur n&#8217;exclut pas la possibilit\u00e9 de certaines erreurs de programmation, cas de force majeure, catastrophes naturelles, gr\u00e8ves ou circonstances similaires rendant l&#8217;acc\u00e8s au site impossible.<\/p>\n<p>&nbsp;<\/p>\n<p>&nbsp;<\/p>\n<p><strong>Propri\u00e9t\u00e9 intellectuelle et industrielle<\/strong><\/p>\n<p>Le site Web, y compris, mais sans s&#8217;y limiter, sa programmation, son \u00e9dition, sa compilation et d&#8217;autres \u00e9l\u00e9ments n\u00e9cessaires \u00e0 son fonctionnement, sa conception, ses logos, ses textes et \/ ou ses graphiques, est la propri\u00e9t\u00e9 du fournisseur ou, le cas \u00e9ch\u00e9ant, dispose d&#8217;une licence ou d&#8217;une autorisation expresse de les auteurs. Tous les contenus du site Web sont d\u00fbment prot\u00e9g\u00e9s par les r\u00e8gles de propri\u00e9t\u00e9 intellectuelle et industrielle, ainsi que inscrits dans les registres nationaux pertinents.<\/p>\n<p>&nbsp;<\/p>\n<p>La reproduction totale ou partielle, l&#8217;utilisation, l&#8217;exploitation, la distribution et la vente, quelle que soit leur finalit\u00e9, n\u00e9cessitent en tout \u00e9tat de cause l&#8217;autorisation \u00e9crite pr\u00e9alable du fournisseur. Toute utilisation non pr\u00e9alablement autoris\u00e9e par le Prestataire est consid\u00e9r\u00e9e comme une atteinte grave aux droits de propri\u00e9t\u00e9 intellectuelle ou industrielle de l&#8217;auteur.<\/p>\n<p>&nbsp;<\/p>\n<p>Les dessins, logos, textes et\/ou graphiques qui n&#8217;appartiennent pas au fournisseur et qui peuvent appara\u00eetre sur le site appartiennent \u00e0 leurs propri\u00e9taires respectifs, qui sont eux-m\u00eames responsables des \u00e9ventuels litiges qui pourraient survenir \u00e0 leur sujet. En tout \u00e9tat de cause, le prestataire dispose d&#8217;une autorisation expresse et pr\u00e9alable de leur part.<\/p>\n<p>&nbsp;<\/p>\n<p>Le fournisseur N&#8217;AUTORISE PAS EXPRESS\u00c9MENT les tiers \u00e0 cr\u00e9er un lien direct vers un contenu sp\u00e9cifique du site Web, dans tous les cas, ils doivent cr\u00e9er un lien vers le site Web principal du fournisseur.<\/p>\n<p>&nbsp;<\/p>\n<p>Le fournisseur reconna\u00eet les droits des propri\u00e9taires sur leur propri\u00e9t\u00e9 industrielle et intellectuelle, et la simple mention de ceux-ci ou leur apparition sur le site Web n&#8217;implique pas les droits ou toute responsabilit\u00e9 du fournisseur \u00e0 leur \u00e9gard, ni n&#8217;implique l&#8217;approbation, le parrainage ou recommandation du fournisseur.<\/p>\n<p>Tout commentaire concernant d&#8217;\u00e9ventuelles violations des droits de propri\u00e9t\u00e9 intellectuelle ou industrielle, ainsi que tout contenu du site Web, vous pouvez envoyer \u00e0 l&#8217;adresse e-mail suivante.<\/p>\n<p>&nbsp;<\/p>\n<p><strong>Fiabilit\u00e9 des informations et mineurs.<\/strong><\/p>\n<p>Toute information fournie par l&#8217;Utilisateur doit \u00eatre fiable. Pour ce faire, l&#8217;Utilisateur garantit l&#8217;exactitude des donn\u00e9es transmises par le biais des formulaires de souscription aux Services. Il est de la responsabilit\u00e9 de l&#8217;utilisateur de maintenir \u00e0 jour toutes les informations fournies par INDUSTRIAS DAVID, S.L.U. afin qu&#8217;elles correspondent toujours \u00e0 la situation r\u00e9elle. Dans tous les cas, l&#8217;Utilisateur sera seul responsable des d\u00e9clarations fausses ou inexactes faites et des dommages caus\u00e9s au fournisseur ou \u00e0 des tiers. Pour utiliser les services de ce site Web, les mineurs doivent toujours obtenir le consentement pr\u00e9alable de leurs parents, tuteurs ou repr\u00e9sentants l\u00e9gaux, qui sont seuls responsables de toutes les activit\u00e9s r\u00e9alis\u00e9es par les mineurs dont ils ont la garde. Il leur appartient de d\u00e9terminer les contenus sp\u00e9cifiques auxquels les mineurs ont acc\u00e8s, par cons\u00e9quent, en cas d&#8217;acc\u00e8s \u00e0 des contenus inappropri\u00e9s sur Internet, des m\u00e9canismes doivent \u00eatre install\u00e9s sur leurs ordinateurs, notamment des programmes informatiques, des filtres et des blocages, pour restreindre l&#8217;acc\u00e8s aux contenu, car, bien qu&#8217;ils ne fonctionnent pas parfaitement, ils sont particuli\u00e8rement utiles pour contr\u00f4ler et limiter le mat\u00e9riel auquel les mineurs peuvent acc\u00e9der.<\/p>\n<p>&nbsp;<\/p>\n<p>&nbsp;<\/p>\n<p><strong>Engagement \u00e0 utiliser Internet correctement.<\/strong><\/p>\n<p>L&#8217;Utilisateur s&#8217;engage \u00e0 utiliser Internet conform\u00e9ment aux exigences de la loi et des pr\u00e9sentes Mentions L\u00e9gales, ainsi qu\u2019\u00e0 la morale et \u00e0 l\u2019\u00e9thique. \u00c0 ces fins, l&#8217;utilisateur doit s&#8217;abstenir d&#8217;utiliser la page \u00e0 des fins ill\u00e9gales ou interdites qui portent atteinte aux droits et int\u00e9r\u00eats de tiers, ou qui, de quelque mani\u00e8re que ce soit, peuvent endommager, d\u00e9sactiver, surcharger, alt\u00e9rer ou interf\u00e9rer avec l&#8217;utilisation normale de l&#8217;\u00e9quipement informatique ou documents, fichiers et tout type de contenu stock\u00e9s sur tout \u00e9quipement informatique du fournisseur.<\/p>\n<p>En particulier, entre autres, l&#8217;Utilisateur s&#8217;engage \u00e0 ne pas transf\u00e9rer, distribuer ou mettre \u00e0 la disposition de tiers des informations, donn\u00e9es, contenus, messages, graphiques, dessins, fichiers sonores ou graphiques, photographies, enregistrements, logiciels, et en g\u00e9n\u00e9ral tout mat\u00e9riel qui :<\/p>\n<p>&nbsp;<\/p>\n<p>(a) est contraire, n\u00e9glige ou viole les droits fondamentaux et les libert\u00e9s publiques reconnus par la constitution, les trait\u00e9s internationaux et les autres r\u00e9glementations applicables\u00a0;<\/p>\n<p>(b) induit, incite ou encourage des actes criminels, diffamatoires, violents ou g\u00e9n\u00e9ralement contraires \u00e0 la loi, aux bonnes m\u0153urs ou \u00e0 l&#8217;ordre public\u00a0;<\/p>\n<p>(c) induit, incite ou encourage des actes, des attitudes ou des pens\u00e9es discriminatoires fond\u00e9s sur le sexe, la race, la religion, les convictions, l&#8217;\u00e2ge ou et \u00e9tats ;<\/p>\n<p>(d) est contraire au droit \u00e0 l&#8217;honneur, aux secrets personnels ou familiaux ou \u00e0 l&#8217;image publique\u00a0;<\/p>\n<p>(e) porte atteinte de quelque mani\u00e8re que ce soit \u00e0 la cr\u00e9dibilit\u00e9 du Prestataire ou de tiers\u00a0; et<\/p>\n<p>(f) constitue une publicit\u00e9 ill\u00e9gale, trompeuse ou d\u00e9loyale.<\/p>\n<p>&nbsp;<\/p>\n<p>&nbsp;<\/p>\n<p><strong>Droit applicable et juridiction.<\/strong><\/p>\n<p>Pour la r\u00e9solution de tous les litiges ou questions li\u00e9s \u00e0 ce site Web ou aux activit\u00e9s qui y sont men\u00e9es, la loi espagnole s&#8217;applique, \u00e0 laquelle les parties sont express\u00e9ment soumises, avec le droit de r\u00e9soudre tous les litiges d\u00e9coulant de ou li\u00e9s \u00e0 son utilisation devant les tribunaux et les autorit\u00e9s judiciaires de YECLA.<\/p>\n<p>&nbsp;<\/p>\n<p>Lien hypertexte vers la politique relative aux cookies.[\/vc_column_text][\/vc_column][\/vc_row]\n","protected":false},"excerpt":{"rendered":"<p>[vc_row type=&#8221;in_container&#8221; full_screen_row_position=&#8221;middle&#8221; scene_position=&#8221;center&#8221; text_color=&#8221;dark&#8221; text_align=&#8221;left&#8221; overlay_strength=&#8221;0.3&#8243; shape_divider_position=&#8221;bottom&#8221; bg_image_animation=&#8221;none&#8221;][vc_column column_padding=&#8221;no-extra-padding&#8221; column_padding_position=&#8221;all&#8221; background_color_opacity=&#8221;1&#8243; background_hover_color_opacity=&#8221;1&#8243; column_link_target=&#8221;_self&#8221; column_shadow=&#8221;none&#8221; column_border_radius=&#8221;none&#8221; width=&#8221;1\/1&#8243; tablet_width_inherit=&#8221;default&#8221; tablet_text_alignment=&#8221;default&#8221; phone_text_alignment=&#8221;default&#8221; column_border_width=&#8221;none&#8221; column_border_style=&#8221;solid&#8221; bg_image_animation=&#8221;none&#8221;][vc_column_text] Mentions l\u00e9gales du site &nbsp; Afin de&#8230;<\/p>\n","protected":false},"author":1,"featured_media":0,"parent":0,"menu_order":0,"comment_status":"closed","ping_status":"closed","template":"","meta":{"inline_featured_image":false},"yoast_head":"<!-- This site is optimized with the Yoast SEO Premium plugin v18.5 (Yoast SEO v19.13) - https:\/\/yoast.com\/wordpress\/plugins\/seo\/ -->\n<title>Mentions L\u00e9gales - ID-DAVID<\/title>\n<meta name=\"robots\" content=\"noindex, follow\" \/>\n<meta property=\"og:locale\" content=\"fr_FR\" \/>\n<meta property=\"og:type\" content=\"article\" \/>\n<meta property=\"og:title\" content=\"Mentions L\u00e9gales\" \/>\n<meta property=\"og:description\" content=\"[vc_row type=&#8221;in_container&#8221; full_screen_row_position=&#8221;middle&#8221; scene_position=&#8221;center&#8221; text_color=&#8221;dark&#8221; text_align=&#8221;left&#8221; overlay_strength=&#8221;0.3&#8243; shape_divider_position=&#8221;bottom&#8221; bg_image_animation=&#8221;none&#8221;][vc_column column_padding=&#8221;no-extra-padding&#8221; column_padding_position=&#8221;all&#8221; background_color_opacity=&#8221;1&#8243; background_hover_color_opacity=&#8221;1&#8243; column_link_target=&#8221;_self&#8221; column_shadow=&#8221;none&#8221; column_border_radius=&#8221;none&#8221; width=&#8221;1\/1&#8243; tablet_width_inherit=&#8221;default&#8221; tablet_text_alignment=&#8221;default&#8221; phone_text_alignment=&#8221;default&#8221; column_border_width=&#8221;none&#8221; column_border_style=&#8221;solid&#8221; bg_image_animation=&#8221;none&#8221;][vc_column_text] Mentions l\u00e9gales du site &nbsp; Afin de...\" \/>\n<meta property=\"og:url\" content=\"https:\/\/id-david.com\/fr\/mentions-legales\/\" \/>\n<meta property=\"og:site_name\" content=\"ID-DAVID\" \/>\n<meta property=\"article:publisher\" content=\"https:\/\/www.facebook.com\/industriasdavid\/\" \/>\n<meta property=\"article:modified_time\" content=\"2023-12-11T11:53:24+00:00\" \/>\n<meta name=\"twitter:card\" content=\"summary_large_image\" \/>\n<meta name=\"twitter:site\" content=\"@IDdavidslu\" \/>\n<meta name=\"twitter:label1\" content=\"Dur\u00e9e de lecture estim\u00e9e\" \/>\n\t<meta name=\"twitter:data1\" content=\"7 minutes\" \/>\n<script type=\"application\/ld+json\" class=\"yoast-schema-graph\">{\"@context\":\"https:\/\/schema.org\",\"@graph\":[{\"@type\":\"WebPage\",\"@id\":\"https:\/\/id-david.com\/fr\/mentions-legales\/\",\"url\":\"https:\/\/id-david.com\/fr\/mentions-legales\/\",\"name\":\"Mentions L\u00e9gales - ID-DAVID\",\"isPartOf\":{\"@id\":\"https:\/\/id-david.com\/#website\"},\"datePublished\":\"2017-03-23T14:02:20+00:00\",\"dateModified\":\"2023-12-11T11:53:24+00:00\",\"breadcrumb\":{\"@id\":\"https:\/\/id-david.com\/fr\/mentions-legales\/#breadcrumb\"},\"inLanguage\":\"fr-FR\",\"potentialAction\":[{\"@type\":\"ReadAction\",\"target\":[\"https:\/\/id-david.com\/fr\/mentions-legales\/\"]}]},{\"@type\":\"BreadcrumbList\",\"@id\":\"https:\/\/id-david.com\/fr\/mentions-legales\/#breadcrumb\",\"itemListElement\":[{\"@type\":\"ListItem\",\"position\":1,\"name\":\"Home\",\"item\":\"https:\/\/id-david.com\/fr\/\"},{\"@type\":\"ListItem\",\"position\":2,\"name\":\"Mentions L\u00e9gales\"}]},{\"@type\":\"WebSite\",\"@id\":\"https:\/\/id-david.com\/#website\",\"url\":\"https:\/\/id-david.com\/\",\"name\":\"ID-DAVID\",\"description\":\"Eficacia y tecnolog\u00eda para sus cultivos\",\"publisher\":{\"@id\":\"https:\/\/id-david.com\/#organization\"},\"potentialAction\":[{\"@type\":\"SearchAction\",\"target\":{\"@type\":\"EntryPoint\",\"urlTemplate\":\"https:\/\/id-david.com\/?s={search_term_string}\"},\"query-input\":\"required name=search_term_string\"}],\"inLanguage\":\"fr-FR\"},{\"@type\":\"Organization\",\"@id\":\"https:\/\/id-david.com\/#organization\",\"name\":\"Industrias David S.L.U.\",\"url\":\"https:\/\/id-david.com\/\",\"logo\":{\"@type\":\"ImageObject\",\"inLanguage\":\"fr-FR\",\"@id\":\"https:\/\/id-david.com\/#\/schema\/logo\/image\/\",\"url\":\"https:\/\/id-david.com\/wp-content\/uploads\/2017\/03\/id-david_logo_2017.png\",\"contentUrl\":\"https:\/\/id-david.com\/wp-content\/uploads\/2017\/03\/id-david_logo_2017.png\",\"width\":350,\"height\":128,\"caption\":\"Industrias David S.L.U.\"},\"image\":{\"@id\":\"https:\/\/id-david.com\/#\/schema\/logo\/image\/\"},\"sameAs\":[\"https:\/\/es.linkedin.com\/company\/industrias-david-s-l-u\",\"https:\/\/www.youtube.com\/user\/industriasdavid\",\"https:\/\/www.facebook.com\/industriasdavid\/\",\"https:\/\/twitter.com\/IDdavidslu\"]}]}<\/script>\n<!-- \/ Yoast SEO Premium plugin. -->","yoast_head_json":{"title":"Mentions L\u00e9gales - ID-DAVID","robots":{"index":"noindex","follow":"follow"},"og_locale":"fr_FR","og_type":"article","og_title":"Mentions L\u00e9gales","og_description":"[vc_row type=&#8221;in_container&#8221; full_screen_row_position=&#8221;middle&#8221; scene_position=&#8221;center&#8221; text_color=&#8221;dark&#8221; text_align=&#8221;left&#8221; overlay_strength=&#8221;0.3&#8243; shape_divider_position=&#8221;bottom&#8221; bg_image_animation=&#8221;none&#8221;][vc_column column_padding=&#8221;no-extra-padding&#8221; column_padding_position=&#8221;all&#8221; background_color_opacity=&#8221;1&#8243; background_hover_color_opacity=&#8221;1&#8243; column_link_target=&#8221;_self&#8221; column_shadow=&#8221;none&#8221; column_border_radius=&#8221;none&#8221; width=&#8221;1\/1&#8243; tablet_width_inherit=&#8221;default&#8221; tablet_text_alignment=&#8221;default&#8221; phone_text_alignment=&#8221;default&#8221; column_border_width=&#8221;none&#8221; column_border_style=&#8221;solid&#8221; bg_image_animation=&#8221;none&#8221;][vc_column_text] Mentions l\u00e9gales du site &nbsp; Afin de...","og_url":"https:\/\/id-david.com\/fr\/mentions-legales\/","og_site_name":"ID-DAVID","article_publisher":"https:\/\/www.facebook.com\/industriasdavid\/","article_modified_time":"2023-12-11T11:53:24+00:00","twitter_card":"summary_large_image","twitter_site":"@IDdavidslu","twitter_misc":{"Dur\u00e9e de lecture estim\u00e9e":"7 minutes"},"schema":{"@context":"https:\/\/schema.org","@graph":[{"@type":"WebPage","@id":"https:\/\/id-david.com\/fr\/mentions-legales\/","url":"https:\/\/id-david.com\/fr\/mentions-legales\/","name":"Mentions L\u00e9gales - ID-DAVID","isPartOf":{"@id":"https:\/\/id-david.com\/#website"},"datePublished":"2017-03-23T14:02:20+00:00","dateModified":"2023-12-11T11:53:24+00:00","breadcrumb":{"@id":"https:\/\/id-david.com\/fr\/mentions-legales\/#breadcrumb"},"inLanguage":"fr-FR","potentialAction":[{"@type":"ReadAction","target":["https:\/\/id-david.com\/fr\/mentions-legales\/"]}]},{"@type":"BreadcrumbList","@id":"https:\/\/id-david.com\/fr\/mentions-legales\/#breadcrumb","itemListElement":[{"@type":"ListItem","position":1,"name":"Home","item":"https:\/\/id-david.com\/fr\/"},{"@type":"ListItem","position":2,"name":"Mentions L\u00e9gales"}]},{"@type":"WebSite","@id":"https:\/\/id-david.com\/#website","url":"https:\/\/id-david.com\/","name":"ID-DAVID","description":"Eficacia y tecnolog\u00eda para sus cultivos","publisher":{"@id":"https:\/\/id-david.com\/#organization"},"potentialAction":[{"@type":"SearchAction","target":{"@type":"EntryPoint","urlTemplate":"https:\/\/id-david.com\/?s={search_term_string}"},"query-input":"required name=search_term_string"}],"inLanguage":"fr-FR"},{"@type":"Organization","@id":"https:\/\/id-david.com\/#organization","name":"Industrias David S.L.U.","url":"https:\/\/id-david.com\/","logo":{"@type":"ImageObject","inLanguage":"fr-FR","@id":"https:\/\/id-david.com\/#\/schema\/logo\/image\/","url":"https:\/\/id-david.com\/wp-content\/uploads\/2017\/03\/id-david_logo_2017.png","contentUrl":"https:\/\/id-david.com\/wp-content\/uploads\/2017\/03\/id-david_logo_2017.png","width":350,"height":128,"caption":"Industrias David S.L.U."},"image":{"@id":"https:\/\/id-david.com\/#\/schema\/logo\/image\/"},"sameAs":["https:\/\/es.linkedin.com\/company\/industrias-david-s-l-u","https:\/\/www.youtube.com\/user\/industriasdavid","https:\/\/www.facebook.com\/industriasdavid\/","https:\/\/twitter.com\/IDdavidslu"]}]}},"jetpack_sharing_enabled":true,"jetpack_shortlink":"https:\/\/wp.me\/PgBPkj-1vZ","_links":{"self":[{"href":"https:\/\/id-david.com\/fr\/wp-json\/wp\/v2\/pages\/5827"}],"collection":[{"href":"https:\/\/id-david.com\/fr\/wp-json\/wp\/v2\/pages"}],"about":[{"href":"https:\/\/id-david.com\/fr\/wp-json\/wp\/v2\/types\/page"}],"author":[{"embeddable":true,"href":"https:\/\/id-david.com\/fr\/wp-json\/wp\/v2\/users\/1"}],"replies":[{"embeddable":true,"href":"https:\/\/id-david.com\/fr\/wp-json\/wp\/v2\/comments?post=5827"}],"version-history":[{"count":1,"href":"https:\/\/id-david.com\/fr\/wp-json\/wp\/v2\/pages\/5827\/revisions"}],"predecessor-version":[{"id":12721,"href":"https:\/\/id-david.com\/fr\/wp-json\/wp\/v2\/pages\/5827\/revisions\/12721"}],"wp:attachment":[{"href":"https:\/\/id-david.com\/fr\/wp-json\/wp\/v2\/media?parent=5827"}],"curies":[{"name":"wp","href":"https:\/\/api.w.org\/{rel}","templated":true}]}}