{"id":5874,"date":"2018-05-22T10:58:32","date_gmt":"2018-05-22T08:58:32","guid":{"rendered":"https:\/\/id-david.com\/politique-de-confidentialite\/"},"modified":"2023-05-17T10:06:37","modified_gmt":"2023-05-17T08:06:37","slug":"politique-de-confidentialite","status":"publish","type":"page","link":"https:\/\/id-david.com\/fr\/politique-de-confidentialite\/","title":{"rendered":"Politique de confidentialit\u00e9"},"content":{"rendered":"<p><strong><\/p>\n<h1>POLITIQUE DE CONFIDENTIALIT\u00c9 DU SITE<\/h1>\n<p> <\/strong>https:\/\/id-david.com\/<\/p>\n<p>Cette politique de confidentialit\u00e9 d\u00e9crit la mani\u00e8re dont nous recueillons des informations, \u00e0 quelles fins nous les utilisons et comment nous les g\u00e9rons. Votre vie priv\u00e9e est importante pour nous et nous y attachons une grande importance, c&#8217;est pourquoi nous tenons \u00e0 exprimer notre plus grand engagement \u00e0 prot\u00e9ger les donn\u00e9es personnelles de nos Utilisateurs. Nous avons mis en place les mesures techniques et organisationnelles n\u00e9cessaires prescrites par la r\u00e9glementation sur la protection des donn\u00e9es pour assurer la confidentialit\u00e9 de vos donn\u00e9es conform\u00e9ment au R\u00e8glement g\u00e9n\u00e9ral sur la protection des donn\u00e9es approuv\u00e9 par l&#8217;Union europ\u00e9enne (RGPD) et \u00e0 la loi organique n\u00b03 du 5 d\u00e9cembre 2018. (LOPDGDD). Dans le m\u00eame temps, nous ne pouvons \u00eatre tenus responsables des dommages caus\u00e9s \u00e0 la suite de modifications que des tiers pourraient apporter aux syst\u00e8mes informatiques, aux documents \u00e9lectroniques ou aux fichiers de l&#8217;Utilisateur.<\/p>\n<p><strong>\u00a0<\/strong><\/p>\n<p><strong>QUI EST RESPONSABLE DU TRAITEMENT\u00a0?<\/strong><\/p>\n<p>Nom de la soci\u00e9t\u00e9 : INDUSTRIAS DAVID, S.L.U. (ci-apr\u00e8s d\u00e9nomm\u00e9 la \u00abSoci\u00e9t\u00e9\u00bb ou la \u00abPersonne responsable\u00bb).<br \/>\nCode d&#8217;identification fiscale (CIF) : B30019616<br \/>\nAdresse : PI URBAYECLA II, S\/N PARCELAS 28\/30 APDO 6-30510 &#8211; YECLA- MURCIA<br \/>\nT\u00e9l\u00e9phone : 968718119<br \/>\nE-mail de contact pour les probl\u00e8mes de protection des donn\u00e9es\u00a0: info@industriasdavid.com<\/p>\n<p><strong>\u00a0<\/strong><\/p>\n<p><strong>QUEL EST LE BUT DU TRAITEMENT\u00a0? QUELLE EST LA L\u00c9GALIT\u00c9 DU TRAITEMENT\u00a0?<\/strong><\/p>\n<p>Les donn\u00e9es personnelles des int\u00e9ress\u00e9s sont trait\u00e9es par INDUSTRIAS DAVID, S.L.U. aux fins suivantes, en fonction du moment o\u00f9 ces informations sont fournies :<\/p>\n<ol>\n<li>Afin de r\u00e9pondre \u00e0 vos questions ou de vous envoyer des informations \u00e0 votre demande, nous pouvons \u00eatre amen\u00e9s \u00e0 collecter des informations aupr\u00e8s de vous, auquel cas nous vous demanderons de nous les fournir volontairement directement. Vous ne devez nous transmettre vos donn\u00e9es ou des donn\u00e9es de tiers que si vous \u00eates leur repr\u00e9sentant l\u00e9gal ou avez re\u00e7u leur consentement expr\u00e8s. La base juridique du recours correspond \u00e0 l&#8217;art. 6.1 a) RGPD (consentement de l&#8217;int\u00e9ress\u00e9).<\/li>\n<li>Pour vous inscrire en tant que client, mettre \u00e0 jour les donn\u00e9es et g\u00e9rer les relations commerciales existantes. Les donn\u00e9es sont d&#8217;abord collect\u00e9es via le formulaire d&#8217;inscription respectif, puis \u00e0 partir de transactions commerciales. En particulier, les actions suivantes sont incluses\u00a0:<\/li>\n<\/ol>\n<ul>\n<li>Cr\u00e9er un compte en tant que client sur Internet en utilisant les diff\u00e9rents liens autoris\u00e9s pour ce INDUSTRIAS DAVID, S.L.U. Il y a des motifs juridiques \u00e0 cela en vertu de l&#8217;art. 6.1 a) RGPD (consentement de l&#8217;int\u00e9ress\u00e9).<\/li>\n<li>Administration et gestion de la relation contractuelle existante avec le client conform\u00e9ment \u00e0 l&#8217;art. 6.1 b) RGPD.<\/li>\n<li>Ex\u00e9cution de nos obligations contractuelles dans le cas o\u00f9 vous d\u00e9cideriez d&#8217;acheter l&#8217;un de nos produits et\/ou services, ainsi que la mise en \u0153uvre de la gestion administrative, fiscale et comptable d\u00e9coulant du travail que nous effectuons. Cet objectif repose sur l&#8217;article 6.1 c) du RGPD : Respect d&#8217;une obligation l\u00e9gale applicable \u00e0 une entreprise.<\/li>\n<\/ul>\n<ol start=\"3\">\n<li>Gestion des abonnements pour recevoir des informations commerciales sur INDUSTRIAS DAVID, S.L.U., pour lesquelles le consentement de l&#8217;int\u00e9ress\u00e9 \u00e0 notre newsletter a \u00e9t\u00e9 obtenu en utilisant les m\u00e9canismes disponibles \u00e0 cet effet sur Internet. Le traitement est bas\u00e9 sur les dispositions de l&#8217;art. 6.1 a) GDPR (consentement de l&#8217;int\u00e9ress\u00e9), il peut \u00eatre retir\u00e9 \u00e0 tout moment sans pr\u00e9judice de la l\u00e9galit\u00e9 du recours avant son retrait.<\/li>\n<li>G\u00e9rer les commentaires sur notre blog d&#8217;actualit\u00e9s. Le traitement est bas\u00e9 sur l&#8217;art. 6.1 a) RGPD (consentement de l&#8217;int\u00e9ress\u00e9).<\/li>\n<li>A des fins analytiques et\/ou statistiques, si vous acceptez les cookies utilis\u00e9s par le site \u00e0 ces fins. Le traitement a lieu avec le consentement de l&#8217;utilisateur conform\u00e9ment \u00e0 l&#8217;article 6.1 a) du RGPD et \u00e0 l&#8217;art. 22LSSI<\/li>\n<li>Participation aux \u00e9ventuels processus de recrutement que nous pourrions mener si vous nous envoyez votre curriculum vitae. La base juridique du recours est le consentement de l&#8217;int\u00e9ress\u00e9 conform\u00e9ment \u00e0 l&#8217;art. 6.1 a) RGPD.<\/li>\n<\/ol>\n<p><strong>\u00a0<\/strong><\/p>\n<p><strong>QUELS SONT LES CRIT\u00c8RES DE R\u00c9TENTION DES DONN\u00c9ES\u00a0?<\/strong><\/p>\n<p>Vos donn\u00e9es seront conserv\u00e9es pendant le temps strictement n\u00e9cessaire \u00e0 la r\u00e9alisation de la finalit\u00e9 pour laquelle elles ont \u00e9t\u00e9 collect\u00e9es et resteront ensuite bloqu\u00e9es jusqu&#8217;\u00e0 ce que la responsabilit\u00e9 du traitement et\/ou de la finalit\u00e9 n&#8217;apparaisse.<\/p>\n<p>Dans les cas o\u00f9 le consentement a \u00e9t\u00e9 donn\u00e9 pour le traitement, elles seront conserv\u00e9es jusqu&#8217;\u00e0 ce que le consentement soit retir\u00e9.<\/p>\n<p>Les CV re\u00e7us seront d\u00e9truits s&#8217;ils sont exclus des \u00e9ventuels processus de s\u00e9lection que nous pourrions mener, avec une p\u00e9riode de conservation ne d\u00e9passant pas un an.<\/p>\n<p>&nbsp;<\/p>\n<p><strong>COMMENT DOIS-JE METTRE \u00c0 JOUR MES DONN\u00c9ES PERSONNELLES ?<\/strong><\/p>\n<p>L&#8217;utilisateur garantit l&#8217;exactitude, l&#8217;actualit\u00e9 et l&#8217;exhaustivit\u00e9 des donn\u00e9es personnelles qu&#8217;il nous a fournies via ce site Web. L&#8217;utilisateur doit nous signaler toute modification ou mise \u00e0 jour en envoyant un message aux adresses postales ou e-mail indiqu\u00e9es dans la rubrique \u00ab O\u00f9 puis-je exercer mes droits ?<\/p>\n<p><strong>\u00a0<\/strong><\/p>\n<p><strong>QUI SONT LES DESTINATAIRES DES INFORMATIONS ?<\/strong><\/p>\n<p>Nous ne partagerons pas d&#8217;informations avec des tiers, sauf lorsque la loi l&#8217;exige, ou lorsque les informations sont n\u00e9cessaires pour fournir des services, ou si vous y consentez explicitement et sans ambigu\u00eft\u00e9.<\/p>\n<p><strong>\u00a0<\/strong><\/p>\n<p><strong>EXISTE-T-IL UN TRANSFERT INTERNATIONAL DE DONN\u00c9ES\u00a0?<\/strong><\/p>\n<p>INDUSTRIAS DAVID, S.L.U. n&#8217;a pas l&#8217;intention de transf\u00e9rer vos donn\u00e9es \u00e0 l&#8217;international. Cependant, nous pouvons utiliser des fournisseurs de services et des processeurs de donn\u00e9es qui travaillent pour le compte de INDUSTRIAS DAVID, S.L.U. La maintenance peut inclure des services d&#8217;h\u00e9bergement et de maintenance du syst\u00e8me, des services d&#8217;analyse, des services de messagerie \u00e9lectronique, etc. Ces soci\u00e9t\u00e9s tierces sont tenues de s&#8217;assurer que les informations sont trait\u00e9es conform\u00e9ment \u00e0 la loi applicable. Pour notre part, nous ferons toujours de notre mieux pour nous assurer que les tiers avec lesquels nous travaillons gardent vos donn\u00e9es personnelles en s\u00e9curit\u00e9.<\/p>\n<p>&nbsp;<\/p>\n<p><strong>QUELS DROITS LES PARTIES PRENANTES ONT-ELLES ?<\/strong><\/p>\n<p>Toute personne a le droit d&#8217;obtenir la confirmation que nous traitons ses donn\u00e9es personnelles. Les personnes concern\u00e9es ont le droit d&#8217;acc\u00e9der \u00e0 leurs donn\u00e9es personnelles, ainsi que de demander la correction de donn\u00e9es inexactes ou, si n\u00e9cessaire, de demander leur suppression, m\u00eame si les donn\u00e9es ne sont plus n\u00e9cessaires aux fins pour lesquelles elles ont \u00e9t\u00e9 collect\u00e9es.<\/p>\n<p>Dans certaines circonstances, les personnes concern\u00e9es peuvent demander la limitation du traitement de leurs donn\u00e9es, auquel cas nous les conserverons uniquement pour la constatation ou la d\u00e9fense de r\u00e9clamations. Dans certaines circonstances et pour des raisons li\u00e9es \u00e0 leur situation particuli\u00e8re, les int\u00e9ress\u00e9s peuvent s&#8217;opposer au traitement de leurs donn\u00e9es. Dans ce cas, nous cesserons de traiter les donn\u00e9es, sauf pour des raisons l\u00e9gitimes imp\u00e9rieuses, ainsi que l&#8217;exercice ou la d\u00e9fense d&#8217;\u00e9ventuelles r\u00e9clamations. Ils ont \u00e9galement le droit de retirer leur consentement au traitement de leurs donn\u00e9es \u00e0 tout moment lorsque la base pour cela est d&#8217;obtenir le consentement de l&#8217;int\u00e9ress\u00e9.<\/p>\n<p>Ils peuvent d\u00e9poser une r\u00e9clamation aupr\u00e8s d&#8217;une autorit\u00e9 comp\u00e9tente en mati\u00e8re de protection des donn\u00e9es, telle que l&#8217;Agence espagnole de protection des donn\u00e9es, notamment s&#8217;ils ne sont pas satisfaits de l&#8217;exercice de leurs droits ou s&#8217;ils consid\u00e8rent que le traitement des donn\u00e9es n&#8217;est pas conforme aux exigences de la loi applicable.<\/p>\n<p><strong>\u00a0<\/strong><\/p>\n<p><strong>O\u00d9 POUVEZ-VOUS EXERCER LES DROITS ?<\/strong><\/p>\n<p>Par communication \u00e9crite \u00e0 INDUSTRIAS DAVID, S.L.U., PI URBAYECLA II, S\/N PARCELAS 28\/30 APDO 6, YECLA, 30510 (MURCIA) ou en envoyant un e-mail \u00e0 info@industriasdavid.com, en indiquant vos coordonn\u00e9es et votre demande.<\/p>\n<p>Dans les communications commerciales, y compris les newsletters, vous pouvez retirer votre consentement en envoyant un e-mail \u00e0 notre adresse info@industriasdavid.com, en ajoutant la phrase &#8220;Se d\u00e9sabonner du service de communication&#8221; dans le message, ou en cliquant sur le lien de d\u00e9sabonnement, si indiqu\u00e9. dans le courrier \u00e9lectronique.<\/p>\n<p><strong>\u00a0<\/strong><\/p>\n<p><strong>MESURES DE S\u00c9CURIT\u00c9<\/strong><\/p>\n<p>Conform\u00e9ment aux dispositions de la r\u00e9glementation applicable en mati\u00e8re de protection des donn\u00e9es, la PERSONNE RESPONSABLE doit se conformer \u00e0 toutes les dispositions du R\u00c8GLEMENT G\u00c9N\u00c9RAL SUR LA PROTECTION DES DONN\u00c9ES (RGPD) pour le traitement des donn\u00e9es personnelles dont elle est responsable, dans le plein respect des principes d\u00e9crits dans Article 5, selon lequel elles sont trait\u00e9es de mani\u00e8re licite, fiable et transparente \u00e0 l&#8217;\u00e9gard de l&#8217;int\u00e9ress\u00e9 et de mani\u00e8re ad\u00e9quate, pertinente et limit\u00e9e \u00e0 ce qui est n\u00e9cessaire pour atteindre les finalit\u00e9s pour lesquelles elles sont trait\u00e9es. La PERSONNE RESPONSABLE garantit avoir mis en \u0153uvre les mesures techniques et organisationnelles appropri\u00e9es pour appliquer les mesures de s\u00e9curit\u00e9 \u00e9tablies par le RGPD, prot\u00e9ger les droits et libert\u00e9s des Utilisateurs, et avoir transmis les informations pertinentes pour leur mise en \u0153uvre.<\/p>\n<p><strong>\u00a0<\/strong><\/p>\n<p><strong>ACCEPTATION ET CONSENTEMENT<\/strong><\/p>\n<p>L&#8217;utilisateur d\u00e9clare avoir \u00e9t\u00e9 inform\u00e9 de notre politique de protection des donn\u00e9es et consent \u00e0 leur traitement pour les finalit\u00e9s ci-dessus. Veuillez noter que certains des services fournis sur Internet peuvent avoir des conditions particuli\u00e8res, auquel cas les utilisateurs en seront d\u00fbment inform\u00e9s.<\/p>\n<p>&nbsp;<\/p>\n","protected":false},"excerpt":{"rendered":"<p>POLITIQUE DE CONFIDENTIALIT\u00c9 DU SITE https:\/\/id-david.com\/ Cette politique de confidentialit\u00e9 d\u00e9crit la mani\u00e8re dont nous recueillons des informations, \u00e0 quelles fins nous les utilisons et comment nous les g\u00e9rons. Votre&#8230;<\/p>\n","protected":false},"author":1,"featured_media":0,"parent":0,"menu_order":0,"comment_status":"closed","ping_status":"closed","template":"","meta":{"inline_featured_image":false},"yoast_head":"<!-- This site is optimized with the Yoast SEO Premium plugin v18.5 (Yoast SEO v19.13) - https:\/\/yoast.com\/wordpress\/plugins\/seo\/ -->\n<title>Politique de confidentialit\u00e9 - ID-DAVID<\/title>\n<meta name=\"robots\" content=\"noindex, follow\" \/>\n<meta property=\"og:locale\" content=\"fr_FR\" \/>\n<meta property=\"og:type\" content=\"article\" \/>\n<meta property=\"og:title\" content=\"Politique de confidentialit\u00e9\" \/>\n<meta property=\"og:description\" content=\"POLITIQUE DE CONFIDENTIALIT\u00c9 DU SITE https:\/\/id-david.com\/ Cette politique de confidentialit\u00e9 d\u00e9crit la mani\u00e8re dont nous recueillons des informations, \u00e0 quelles fins nous les utilisons et comment nous les g\u00e9rons. Votre...\" \/>\n<meta property=\"og:url\" content=\"https:\/\/id-david.com\/fr\/politique-de-confidentialite\/\" \/>\n<meta property=\"og:site_name\" content=\"ID-DAVID\" \/>\n<meta property=\"article:publisher\" content=\"https:\/\/www.facebook.com\/industriasdavid\/\" \/>\n<meta property=\"article:modified_time\" content=\"2023-05-17T08:06:37+00:00\" \/>\n<meta name=\"twitter:card\" content=\"summary_large_image\" \/>\n<meta name=\"twitter:site\" content=\"@IDdavidslu\" \/>\n<meta name=\"twitter:label1\" content=\"Dur\u00e9e de lecture estim\u00e9e\" \/>\n\t<meta name=\"twitter:data1\" content=\"7 minutes\" \/>\n<script type=\"application\/ld+json\" class=\"yoast-schema-graph\">{\"@context\":\"https:\/\/schema.org\",\"@graph\":[{\"@type\":\"WebPage\",\"@id\":\"https:\/\/id-david.com\/fr\/politique-de-confidentialite\/\",\"url\":\"https:\/\/id-david.com\/fr\/politique-de-confidentialite\/\",\"name\":\"Politique de confidentialit\u00e9 - ID-DAVID\",\"isPartOf\":{\"@id\":\"https:\/\/id-david.com\/#website\"},\"datePublished\":\"2018-05-22T08:58:32+00:00\",\"dateModified\":\"2023-05-17T08:06:37+00:00\",\"breadcrumb\":{\"@id\":\"https:\/\/id-david.com\/fr\/politique-de-confidentialite\/#breadcrumb\"},\"inLanguage\":\"fr-FR\",\"potentialAction\":[{\"@type\":\"ReadAction\",\"target\":[\"https:\/\/id-david.com\/fr\/politique-de-confidentialite\/\"]}]},{\"@type\":\"BreadcrumbList\",\"@id\":\"https:\/\/id-david.com\/fr\/politique-de-confidentialite\/#breadcrumb\",\"itemListElement\":[{\"@type\":\"ListItem\",\"position\":1,\"name\":\"Home\",\"item\":\"https:\/\/id-david.com\/fr\/\"},{\"@type\":\"ListItem\",\"position\":2,\"name\":\"Politique de confidentialit\u00e9\"}]},{\"@type\":\"WebSite\",\"@id\":\"https:\/\/id-david.com\/#website\",\"url\":\"https:\/\/id-david.com\/\",\"name\":\"ID-DAVID\",\"description\":\"Eficacia y tecnolog\u00eda para sus cultivos\",\"publisher\":{\"@id\":\"https:\/\/id-david.com\/#organization\"},\"potentialAction\":[{\"@type\":\"SearchAction\",\"target\":{\"@type\":\"EntryPoint\",\"urlTemplate\":\"https:\/\/id-david.com\/?s={search_term_string}\"},\"query-input\":\"required name=search_term_string\"}],\"inLanguage\":\"fr-FR\"},{\"@type\":\"Organization\",\"@id\":\"https:\/\/id-david.com\/#organization\",\"name\":\"Industrias David S.L.U.\",\"url\":\"https:\/\/id-david.com\/\",\"logo\":{\"@type\":\"ImageObject\",\"inLanguage\":\"fr-FR\",\"@id\":\"https:\/\/id-david.com\/#\/schema\/logo\/image\/\",\"url\":\"https:\/\/id-david.com\/wp-content\/uploads\/2017\/03\/id-david_logo_2017.png\",\"contentUrl\":\"https:\/\/id-david.com\/wp-content\/uploads\/2017\/03\/id-david_logo_2017.png\",\"width\":350,\"height\":128,\"caption\":\"Industrias David S.L.U.\"},\"image\":{\"@id\":\"https:\/\/id-david.com\/#\/schema\/logo\/image\/\"},\"sameAs\":[\"https:\/\/es.linkedin.com\/company\/industrias-david-s-l-u\",\"https:\/\/www.youtube.com\/user\/industriasdavid\",\"https:\/\/www.facebook.com\/industriasdavid\/\",\"https:\/\/twitter.com\/IDdavidslu\"]}]}<\/script>\n<!-- \/ Yoast SEO Premium plugin. -->","yoast_head_json":{"title":"Politique de confidentialit\u00e9 - ID-DAVID","robots":{"index":"noindex","follow":"follow"},"og_locale":"fr_FR","og_type":"article","og_title":"Politique de confidentialit\u00e9","og_description":"POLITIQUE DE CONFIDENTIALIT\u00c9 DU SITE https:\/\/id-david.com\/ Cette politique de confidentialit\u00e9 d\u00e9crit la mani\u00e8re dont nous recueillons des informations, \u00e0 quelles fins nous les utilisons et comment nous les g\u00e9rons. Votre...","og_url":"https:\/\/id-david.com\/fr\/politique-de-confidentialite\/","og_site_name":"ID-DAVID","article_publisher":"https:\/\/www.facebook.com\/industriasdavid\/","article_modified_time":"2023-05-17T08:06:37+00:00","twitter_card":"summary_large_image","twitter_site":"@IDdavidslu","twitter_misc":{"Dur\u00e9e de lecture estim\u00e9e":"7 minutes"},"schema":{"@context":"https:\/\/schema.org","@graph":[{"@type":"WebPage","@id":"https:\/\/id-david.com\/fr\/politique-de-confidentialite\/","url":"https:\/\/id-david.com\/fr\/politique-de-confidentialite\/","name":"Politique de confidentialit\u00e9 - ID-DAVID","isPartOf":{"@id":"https:\/\/id-david.com\/#website"},"datePublished":"2018-05-22T08:58:32+00:00","dateModified":"2023-05-17T08:06:37+00:00","breadcrumb":{"@id":"https:\/\/id-david.com\/fr\/politique-de-confidentialite\/#breadcrumb"},"inLanguage":"fr-FR","potentialAction":[{"@type":"ReadAction","target":["https:\/\/id-david.com\/fr\/politique-de-confidentialite\/"]}]},{"@type":"BreadcrumbList","@id":"https:\/\/id-david.com\/fr\/politique-de-confidentialite\/#breadcrumb","itemListElement":[{"@type":"ListItem","position":1,"name":"Home","item":"https:\/\/id-david.com\/fr\/"},{"@type":"ListItem","position":2,"name":"Politique de confidentialit\u00e9"}]},{"@type":"WebSite","@id":"https:\/\/id-david.com\/#website","url":"https:\/\/id-david.com\/","name":"ID-DAVID","description":"Eficacia y tecnolog\u00eda para sus cultivos","publisher":{"@id":"https:\/\/id-david.com\/#organization"},"potentialAction":[{"@type":"SearchAction","target":{"@type":"EntryPoint","urlTemplate":"https:\/\/id-david.com\/?s={search_term_string}"},"query-input":"required name=search_term_string"}],"inLanguage":"fr-FR"},{"@type":"Organization","@id":"https:\/\/id-david.com\/#organization","name":"Industrias David S.L.U.","url":"https:\/\/id-david.com\/","logo":{"@type":"ImageObject","inLanguage":"fr-FR","@id":"https:\/\/id-david.com\/#\/schema\/logo\/image\/","url":"https:\/\/id-david.com\/wp-content\/uploads\/2017\/03\/id-david_logo_2017.png","contentUrl":"https:\/\/id-david.com\/wp-content\/uploads\/2017\/03\/id-david_logo_2017.png","width":350,"height":128,"caption":"Industrias David S.L.U."},"image":{"@id":"https:\/\/id-david.com\/#\/schema\/logo\/image\/"},"sameAs":["https:\/\/es.linkedin.com\/company\/industrias-david-s-l-u","https:\/\/www.youtube.com\/user\/industriasdavid","https:\/\/www.facebook.com\/industriasdavid\/","https:\/\/twitter.com\/IDdavidslu"]}]}},"jetpack_sharing_enabled":true,"jetpack_shortlink":"https:\/\/wp.me\/PgBPkj-1wK","_links":{"self":[{"href":"https:\/\/id-david.com\/fr\/wp-json\/wp\/v2\/pages\/5874"}],"collection":[{"href":"https:\/\/id-david.com\/fr\/wp-json\/wp\/v2\/pages"}],"about":[{"href":"https:\/\/id-david.com\/fr\/wp-json\/wp\/v2\/types\/page"}],"author":[{"embeddable":true,"href":"https:\/\/id-david.com\/fr\/wp-json\/wp\/v2\/users\/1"}],"replies":[{"embeddable":true,"href":"https:\/\/id-david.com\/fr\/wp-json\/wp\/v2\/comments?post=5874"}],"version-history":[{"count":1,"href":"https:\/\/id-david.com\/fr\/wp-json\/wp\/v2\/pages\/5874\/revisions"}],"predecessor-version":[{"id":12723,"href":"https:\/\/id-david.com\/fr\/wp-json\/wp\/v2\/pages\/5874\/revisions\/12723"}],"wp:attachment":[{"href":"https:\/\/id-david.com\/fr\/wp-json\/wp\/v2\/media?parent=5874"}],"curies":[{"name":"wp","href":"https:\/\/api.w.org\/{rel}","templated":true}]}}