{"id":5907,"date":"2021-04-29T11:10:08","date_gmt":"2021-04-29T09:10:08","guid":{"rendered":"https:\/\/id-david.com\/equipement-auxiliaire\/"},"modified":"2023-08-29T17:49:03","modified_gmt":"2023-08-29T15:49:03","slug":"equipement-auxiliaire","status":"publish","type":"page","link":"https:\/\/id-david.com\/fr\/nos-produits\/equipement-auxiliaire\/","title":{"rendered":"\u00c9quipement Auxiliaire"},"content":{"rendered":"[vc_row type=&#8221;in_container&#8221; full_screen_row_position=&#8221;middle&#8221; scene_position=&#8221;center&#8221; text_color=&#8221;dark&#8221; text_align=&#8221;left&#8221; overlay_strength=&#8221;0.3&#8243; shape_divider_position=&#8221;bottom&#8221; bg_image_animation=&#8221;none&#8221;][vc_column column_padding=&#8221;no-extra-padding&#8221; column_padding_position=&#8221;all&#8221; background_color_opacity=&#8221;1&#8243; background_hover_color_opacity=&#8221;1&#8243; column_link_target=&#8221;_self&#8221; column_shadow=&#8221;none&#8221; column_border_radius=&#8221;none&#8221; width=&#8221;1\/1&#8243; tablet_width_inherit=&#8221;default&#8221; tablet_text_alignment=&#8221;default&#8221; phone_text_alignment=&#8221;default&#8221; column_border_width=&#8221;none&#8221; column_border_style=&#8221;solid&#8221; bg_image_animation=&#8221;none&#8221;]\t\n\t\n\n\n\t<div class=\"portfolio-wrap \">\n\t\t\t\n\t\t\t\n\t\t\t<span class=\"portfolio-loading  none\">   <\/span>\n\n\t\t\t\n\t\t\t\t\t\t\n\t\t\t<div class=\"row portfolio-items no-masonry  \" data-rcp=\"false\" data-masonry-type=\"default\" data-ps=\"9\" data-starting-filter=\"\" data-gutter=\"default\" data-categories-to-show=\"equipos-auxiliares\" data-bypass-cropping=\"\" data-lightbox-only=\"0\" data-col-num=\"cols-4\">\n\t\t\t\t\t\t\t\t\t\n\t\t\t\t\t\t\t\t\t\t\n\t\t\t\t\t<div class=\"col span_3  element equipement-auxiliaire viti-fr arbo-fr seto-fr horti-fr \"  data-project-cat=\"equipement-auxiliaire viti-fr arbo-fr seto-fr horti-fr \" data-project-color=\"#cc5755\" data-title-color=\"\" data-subtitle-color=\"\">\n\t\t\t\t\t\t\n\t\t\t\t\t\t<div class=\"inner-wrap animated\" data-animation=\"none\">\n\n\t\t\t\t\t\t              \n            <div class=\"work-item style-1\" data-custom-content=\"off\">\n               \n              <img class=\"size- skip-lazy\" src=\"https:\/\/id-david.com\/wp-content\/uploads\/2021\/03\/DESTACADA-ID-CONTROL-1.png\" alt=\"\" height=\"\" width=\"\" srcset=\"https:\/\/id-david.com\/wp-content\/uploads\/2021\/03\/DESTACADA-ID-CONTROL-1.png 600w, https:\/\/id-david.com\/wp-content\/uploads\/2021\/03\/DESTACADA-ID-CONTROL-1-400x269.png 400w\" sizes=\"(min-width: 1000px) 25vw, (min-width: 690px) 50vw, 100vw\" \/>              \n\n              <div class=\"work-info\"> \n                \n              \n                                  \n                  <a href=\"https:\/\/id-david.com\/fr\/producto\/id-control\/\"><\/a>\n                \n                                      \n      \n              <\/div>\n                \n              <\/div><!--work-item-->\n              \n              <div class=\"work-meta\">\n                <h4 class=\"title\">Joystick multifonction ID-CONTROL<\/h4>\n                \n                                \n              <\/div>\n\n          \n          \t\t\t\t\t\t\n\t\t\t\t\t\t\n\t\t\t\t\t<\/div><!--\/inner-wrap-->\n\t\t\t\t\t<\/div><!--\/col-->\n\t\t\t\t\t\n\t\t\t\t\t\t\t\t\t\n\t\t\t\t\t\t\t\t\t\t\n\t\t\t\t\t<div class=\"col span_3  element equipement-auxiliaire viti-fr arbo-fr seto-fr horti-fr \"  data-project-cat=\"equipement-auxiliaire viti-fr arbo-fr seto-fr horti-fr \" data-project-color=\"#cc5755\" data-title-color=\"\" data-subtitle-color=\"\">\n\t\t\t\t\t\t\n\t\t\t\t\t\t<div class=\"inner-wrap animated\" data-animation=\"none\">\n\n\t\t\t\t\t\t              \n            <div class=\"work-item style-1\" data-custom-content=\"off\">\n               \n              <img class=\"size- skip-lazy\" src=\"https:\/\/id-david.com\/wp-content\/uploads\/2025\/08\/DESTACADA-CONTROL-NEO.png\" alt=\"\" height=\"\" width=\"\" srcset=\"https:\/\/id-david.com\/wp-content\/uploads\/2025\/08\/DESTACADA-CONTROL-NEO.png 600w, https:\/\/id-david.com\/wp-content\/uploads\/2025\/08\/DESTACADA-CONTROL-NEO-400x269.png 400w\" sizes=\"(min-width: 1000px) 25vw, (min-width: 690px) 50vw, 100vw\" \/>              \n\n              <div class=\"work-info\"> \n                \n              \n                                  \n                  <a href=\"https:\/\/id-david.com\/fr\/producto\/control-neo\/\"><\/a>\n                \n                                      \n      \n              <\/div>\n                \n              <\/div><!--work-item-->\n              \n              <div class=\"work-meta\">\n                <h4 class=\"title\">Joystick multifonction CONTROL NEO<\/h4>\n                \n                                \n              <\/div>\n\n          \n          \t\t\t\t\t\t\n\t\t\t\t\t\t\n\t\t\t\t\t<\/div><!--\/inner-wrap-->\n\t\t\t\t\t<\/div><!--\/col-->\n\t\t\t\t\t\n\t\t\t\t\n\t\t\t<\/div><!--\/portfolio-->\n\t   <\/div><!--\/portfolio wrap-->\n\t\t\n\t\t[\/vc_column][\/vc_row]\n","protected":false},"excerpt":{"rendered":"<p>[vc_row type=&#8221;in_container&#8221; full_screen_row_position=&#8221;middle&#8221; scene_position=&#8221;center&#8221; text_color=&#8221;dark&#8221; text_align=&#8221;left&#8221; overlay_strength=&#8221;0.3&#8243; shape_divider_position=&#8221;bottom&#8221; bg_image_animation=&#8221;none&#8221;][vc_column column_padding=&#8221;no-extra-padding&#8221; column_padding_position=&#8221;all&#8221; background_color_opacity=&#8221;1&#8243; background_hover_color_opacity=&#8221;1&#8243; column_link_target=&#8221;_self&#8221; column_shadow=&#8221;none&#8221; column_border_radius=&#8221;none&#8221; width=&#8221;1\/1&#8243; tablet_width_inherit=&#8221;default&#8221; tablet_text_alignment=&#8221;default&#8221; phone_text_alignment=&#8221;default&#8221; column_border_width=&#8221;none&#8221; column_border_style=&#8221;solid&#8221; bg_image_animation=&#8221;none&#8221;][\/vc_column][\/vc_row]<\/p>\n","protected":false},"author":2,"featured_media":0,"parent":5870,"menu_order":0,"comment_status":"closed","ping_status":"closed","template":"","meta":{"inline_featured_image":false},"yoast_head":"<!-- This site is optimized with the Yoast SEO Premium plugin v18.5 (Yoast SEO v19.13) - https:\/\/yoast.com\/wordpress\/plugins\/seo\/ -->\n<title>\u00c9quipement Auxiliaire - ID-DAVID<\/title>\n<meta name=\"description\" content=\"ID-DAVID fabrique des \u00e9quipements auxiliaires pour machines agricoles, compl\u00e9tant vos outils pour un meilleur travail.\" \/>\n<meta name=\"robots\" content=\"index, follow, max-snippet:-1, max-image-preview:large, max-video-preview:-1\" \/>\n<link rel=\"canonical\" href=\"https:\/\/id-david.com\/fr\/nos-produits\/equipement-auxiliaire\/\" \/>\n<meta property=\"og:locale\" content=\"fr_FR\" \/>\n<meta property=\"og:type\" content=\"article\" \/>\n<meta property=\"og:title\" content=\"\u00c9quipement Auxiliaire\" \/>\n<meta property=\"og:description\" content=\"ID-DAVID fabrique des \u00e9quipements auxiliaires pour machines agricoles, compl\u00e9tant vos outils pour un meilleur travail.\" \/>\n<meta property=\"og:url\" content=\"https:\/\/id-david.com\/fr\/nos-produits\/equipement-auxiliaire\/\" \/>\n<meta property=\"og:site_name\" content=\"ID-DAVID\" \/>\n<meta property=\"article:publisher\" content=\"https:\/\/www.facebook.com\/industriasdavid\/\" \/>\n<meta property=\"article:modified_time\" content=\"2023-08-29T15:49:03+00:00\" \/>\n<meta name=\"twitter:card\" content=\"summary_large_image\" \/>\n<meta name=\"twitter:site\" content=\"@IDdavidslu\" \/>\n<script type=\"application\/ld+json\" class=\"yoast-schema-graph\">{\"@context\":\"https:\/\/schema.org\",\"@graph\":[{\"@type\":\"WebPage\",\"@id\":\"https:\/\/id-david.com\/fr\/nos-produits\/equipement-auxiliaire\/\",\"url\":\"https:\/\/id-david.com\/fr\/nos-produits\/equipement-auxiliaire\/\",\"name\":\"\u00c9quipement Auxiliaire - ID-DAVID\",\"isPartOf\":{\"@id\":\"https:\/\/id-david.com\/#website\"},\"datePublished\":\"2021-04-29T09:10:08+00:00\",\"dateModified\":\"2023-08-29T15:49:03+00:00\",\"description\":\"ID-DAVID fabrique des \u00e9quipements auxiliaires pour machines agricoles, compl\u00e9tant vos outils pour un meilleur travail.\",\"breadcrumb\":{\"@id\":\"https:\/\/id-david.com\/fr\/nos-produits\/equipement-auxiliaire\/#breadcrumb\"},\"inLanguage\":\"fr-FR\",\"potentialAction\":[{\"@type\":\"ReadAction\",\"target\":[\"https:\/\/id-david.com\/fr\/nos-produits\/equipement-auxiliaire\/\"]}]},{\"@type\":\"BreadcrumbList\",\"@id\":\"https:\/\/id-david.com\/fr\/nos-produits\/equipement-auxiliaire\/#breadcrumb\",\"itemListElement\":[{\"@type\":\"ListItem\",\"position\":1,\"name\":\"Home\",\"item\":\"https:\/\/id-david.com\/fr\/\"},{\"@type\":\"ListItem\",\"position\":2,\"name\":\"Nos produits\",\"item\":\"https:\/\/id-david.com\/fr\/nos-produits\/\"},{\"@type\":\"ListItem\",\"position\":3,\"name\":\"\u00c9quipement Auxiliaire\"}]},{\"@type\":\"WebSite\",\"@id\":\"https:\/\/id-david.com\/#website\",\"url\":\"https:\/\/id-david.com\/\",\"name\":\"ID-DAVID\",\"description\":\"Eficacia y tecnolog\u00eda para sus cultivos\",\"publisher\":{\"@id\":\"https:\/\/id-david.com\/#organization\"},\"potentialAction\":[{\"@type\":\"SearchAction\",\"target\":{\"@type\":\"EntryPoint\",\"urlTemplate\":\"https:\/\/id-david.com\/?s={search_term_string}\"},\"query-input\":\"required name=search_term_string\"}],\"inLanguage\":\"fr-FR\"},{\"@type\":\"Organization\",\"@id\":\"https:\/\/id-david.com\/#organization\",\"name\":\"Industrias David S.L.U.\",\"url\":\"https:\/\/id-david.com\/\",\"logo\":{\"@type\":\"ImageObject\",\"inLanguage\":\"fr-FR\",\"@id\":\"https:\/\/id-david.com\/#\/schema\/logo\/image\/\",\"url\":\"https:\/\/id-david.com\/wp-content\/uploads\/2017\/03\/id-david_logo_2017.png\",\"contentUrl\":\"https:\/\/id-david.com\/wp-content\/uploads\/2017\/03\/id-david_logo_2017.png\",\"width\":350,\"height\":128,\"caption\":\"Industrias David S.L.U.\"},\"image\":{\"@id\":\"https:\/\/id-david.com\/#\/schema\/logo\/image\/\"},\"sameAs\":[\"https:\/\/es.linkedin.com\/company\/industrias-david-s-l-u\",\"https:\/\/www.youtube.com\/user\/industriasdavid\",\"https:\/\/www.facebook.com\/industriasdavid\/\",\"https:\/\/twitter.com\/IDdavidslu\"]}]}<\/script>\n<!-- \/ Yoast SEO Premium plugin. -->","yoast_head_json":{"title":"\u00c9quipement Auxiliaire - ID-DAVID","description":"ID-DAVID fabrique des \u00e9quipements auxiliaires pour machines agricoles, compl\u00e9tant vos outils pour un meilleur travail.","robots":{"index":"index","follow":"follow","max-snippet":"max-snippet:-1","max-image-preview":"max-image-preview:large","max-video-preview":"max-video-preview:-1"},"canonical":"https:\/\/id-david.com\/fr\/nos-produits\/equipement-auxiliaire\/","og_locale":"fr_FR","og_type":"article","og_title":"\u00c9quipement Auxiliaire","og_description":"ID-DAVID fabrique des \u00e9quipements auxiliaires pour machines agricoles, compl\u00e9tant vos outils pour un meilleur travail.","og_url":"https:\/\/id-david.com\/fr\/nos-produits\/equipement-auxiliaire\/","og_site_name":"ID-DAVID","article_publisher":"https:\/\/www.facebook.com\/industriasdavid\/","article_modified_time":"2023-08-29T15:49:03+00:00","twitter_card":"summary_large_image","twitter_site":"@IDdavidslu","schema":{"@context":"https:\/\/schema.org","@graph":[{"@type":"WebPage","@id":"https:\/\/id-david.com\/fr\/nos-produits\/equipement-auxiliaire\/","url":"https:\/\/id-david.com\/fr\/nos-produits\/equipement-auxiliaire\/","name":"\u00c9quipement Auxiliaire - ID-DAVID","isPartOf":{"@id":"https:\/\/id-david.com\/#website"},"datePublished":"2021-04-29T09:10:08+00:00","dateModified":"2023-08-29T15:49:03+00:00","description":"ID-DAVID fabrique des \u00e9quipements auxiliaires pour machines agricoles, compl\u00e9tant vos outils pour un meilleur travail.","breadcrumb":{"@id":"https:\/\/id-david.com\/fr\/nos-produits\/equipement-auxiliaire\/#breadcrumb"},"inLanguage":"fr-FR","potentialAction":[{"@type":"ReadAction","target":["https:\/\/id-david.com\/fr\/nos-produits\/equipement-auxiliaire\/"]}]},{"@type":"BreadcrumbList","@id":"https:\/\/id-david.com\/fr\/nos-produits\/equipement-auxiliaire\/#breadcrumb","itemListElement":[{"@type":"ListItem","position":1,"name":"Home","item":"https:\/\/id-david.com\/fr\/"},{"@type":"ListItem","position":2,"name":"Nos produits","item":"https:\/\/id-david.com\/fr\/nos-produits\/"},{"@type":"ListItem","position":3,"name":"\u00c9quipement Auxiliaire"}]},{"@type":"WebSite","@id":"https:\/\/id-david.com\/#website","url":"https:\/\/id-david.com\/","name":"ID-DAVID","description":"Eficacia y tecnolog\u00eda para sus cultivos","publisher":{"@id":"https:\/\/id-david.com\/#organization"},"potentialAction":[{"@type":"SearchAction","target":{"@type":"EntryPoint","urlTemplate":"https:\/\/id-david.com\/?s={search_term_string}"},"query-input":"required name=search_term_string"}],"inLanguage":"fr-FR"},{"@type":"Organization","@id":"https:\/\/id-david.com\/#organization","name":"Industrias David S.L.U.","url":"https:\/\/id-david.com\/","logo":{"@type":"ImageObject","inLanguage":"fr-FR","@id":"https:\/\/id-david.com\/#\/schema\/logo\/image\/","url":"https:\/\/id-david.com\/wp-content\/uploads\/2017\/03\/id-david_logo_2017.png","contentUrl":"https:\/\/id-david.com\/wp-content\/uploads\/2017\/03\/id-david_logo_2017.png","width":350,"height":128,"caption":"Industrias David S.L.U."},"image":{"@id":"https:\/\/id-david.com\/#\/schema\/logo\/image\/"},"sameAs":["https:\/\/es.linkedin.com\/company\/industrias-david-s-l-u","https:\/\/www.youtube.com\/user\/industriasdavid","https:\/\/www.facebook.com\/industriasdavid\/","https:\/\/twitter.com\/IDdavidslu"]}]}},"jetpack_sharing_enabled":true,"jetpack_shortlink":"https:\/\/wp.me\/PgBPkj-1xh","_links":{"self":[{"href":"https:\/\/id-david.com\/fr\/wp-json\/wp\/v2\/pages\/5907"}],"collection":[{"href":"https:\/\/id-david.com\/fr\/wp-json\/wp\/v2\/pages"}],"about":[{"href":"https:\/\/id-david.com\/fr\/wp-json\/wp\/v2\/types\/page"}],"author":[{"embeddable":true,"href":"https:\/\/id-david.com\/fr\/wp-json\/wp\/v2\/users\/2"}],"replies":[{"embeddable":true,"href":"https:\/\/id-david.com\/fr\/wp-json\/wp\/v2\/comments?post=5907"}],"version-history":[{"count":1,"href":"https:\/\/id-david.com\/fr\/wp-json\/wp\/v2\/pages\/5907\/revisions"}],"predecessor-version":[{"id":12757,"href":"https:\/\/id-david.com\/fr\/wp-json\/wp\/v2\/pages\/5907\/revisions\/12757"}],"up":[{"embeddable":true,"href":"https:\/\/id-david.com\/fr\/wp-json\/wp\/v2\/pages\/5870"}],"wp:attachment":[{"href":"https:\/\/id-david.com\/fr\/wp-json\/wp\/v2\/media?parent=5907"}],"curies":[{"name":"wp","href":"https:\/\/api.w.org\/{rel}","templated":true}]}}