{"id":5808,"date":"2012-06-19T14:55:47","date_gmt":"2012-06-19T12:55:47","guid":{"rendered":"https:\/\/id-david.com\/qualita\/"},"modified":"2024-09-17T16:29:26","modified_gmt":"2024-09-17T14:29:26","slug":"qualita","status":"publish","type":"page","link":"https:\/\/id-david.com\/it\/qualita\/","title":{"rendered":"Qualit\u00e0"},"content":{"rendered":"[vc_row type=&#8221;in_container&#8221; full_screen_row_position=&#8221;middle&#8221; scene_position=&#8221;center&#8221; text_color=&#8221;dark&#8221; text_align=&#8221;left&#8221; overlay_strength=&#8221;0.3&#8243; shape_divider_position=&#8221;bottom&#8221;][vc_column column_padding=&#8221;no-extra-padding&#8221; column_padding_position=&#8221;all&#8221; background_color_opacity=&#8221;1&#8243; background_hover_color_opacity=&#8221;1&#8243; column_shadow=&#8221;none&#8221; column_border_radius=&#8221;none&#8221; top_margin=&#8221;50&#8243; width=&#8221;1\/1&#8243; tablet_text_alignment=&#8221;default&#8221; phone_text_alignment=&#8221;default&#8221; column_border_width=&#8221;none&#8221; column_border_style=&#8221;solid&#8221;][vc_column_text]\n<p style=\"text-align: justify;\"><strong>La qualit\u00e0<\/strong> \u00e8 ora vista come una variabile che determina la competitivit\u00e0 dell&#8217;azienda e influenza in modo significativo i suoi rapporti con i clienti. La parola QUALIT\u00c0 ha diversi significati. La qualit\u00e0 di un prodotto o servizio \u00e8 la percezione che il cliente ne ha e che suppone la conformit\u00e0 con detto prodotto o servizio e la sua capacit\u00e0 di soddisfare le loro necessit\u00e0 <strong>Industrias David \u00e8 accreditata con i certificati di qualit\u00e0 ISO9001 e la gestione ambientale ISO14001. <\/strong><\/p>\n<p style=\"text-align: justify;\">Ottenere questi riconoscimenti non ha significato solo un miglioramento significativo in termini di organizzazione ed efficienza, ma ha rafforzato il nostro impegno per l&#8217;ambiente e la qualit\u00e0 dei nostri prodotti. Tutto ci\u00f2 ci aiuta a raggiungere il nostro obiettivo principale: la piena soddisfazione dei nostri clienti. Migliorando sempre l&#8217;automazione dei processi industriali, continuiamo a valutare la qualit\u00e0 delle nostre risorse umane e la loro formazione. L&#8217;accuratezza, la professionalit\u00e0 e le capacit\u00e0 tecniche dei nostri dipendenti sono essenziali per il nostro successo.<\/p>\n<p style=\"text-align: justify;\">Siamo soci fondatori di due importanti progetti tecnologici della regione di Murcia e collaboriamo con universit\u00e0 e politecnici. Politica per la qualit\u00e0 e l&#8217;ambiente.<\/p>\n[\/vc_column_text]<div class=\"divider-wrap\" data-alignment=\"default\"><div style=\"height: 40px;\" class=\"divider\"><\/div><\/div>[vc_gallery type=&#8221;nectarslider_style&#8221; images=&#8221;1393,1395,1398,1394,1392,1399,1396,1397,1423,1424,1425,1426,1427,1428,1429&#8243; flexible_slider_height=&#8221;true&#8221; bullet_navigation=&#8221;true&#8221; bullet_navigation_style=&#8221;see_through&#8221; onclick=&#8221;link_no&#8221; img_size=&#8221;1500&#8243;][\/vc_column][\/vc_row][vc_row type=&#8221;in_container&#8221; full_screen_row_position=&#8221;middle&#8221; scene_position=&#8221;center&#8221; text_color=&#8221;dark&#8221; text_align=&#8221;left&#8221; overlay_strength=&#8221;0.3&#8243; shape_divider_position=&#8221;bottom&#8221;][vc_column enable_animation=&#8221;true&#8221; animation=&#8221;fade-in&#8221; centered_text=&#8221;true&#8221; column_padding=&#8221;no-extra-padding&#8221; column_padding_position=&#8221;all&#8221; background_color_opacity=&#8221;1&#8243; background_hover_color_opacity=&#8221;1&#8243; column_shadow=&#8221;none&#8221; column_border_radius=&#8221;none&#8221; top_margin=&#8221;50&#8243; width=&#8221;1\/1&#8243; tablet_text_alignment=&#8221;default&#8221; phone_text_alignment=&#8221;default&#8221; column_border_width=&#8221;none&#8221; column_border_style=&#8221;solid&#8221;][vc_custom_heading text=&#8221;ISO9001 \/ ISO14001&#8243; font_container=&#8221;tag:h3|text_align:center|color:%23306f93&#8243; use_theme_fonts=&#8221;yes&#8221;]<div class=\"divider-wrap\" data-alignment=\"default\"><div style=\"margin-top: 20px; height: 1px; margin-bottom: 20px;\" data-width=\"100%\" data-animate=\"yes\" data-animation-delay=\"\" data-color=\"extra-color-1\" class=\"divider-border\"><\/div><\/div><div class=\"img-with-aniamtion-wrap center\" data-max-width=\"100%\" data-border-radius=\"none\"><div class=\"inner\"><img data-shadow=\"none\" data-shadow-direction=\"middle\" class=\"img-with-animation skip-lazy \" data-delay=\"0\" height=\"212\" width=\"387\"  data-animation=\"fade-in\" src=\"https:\/\/id-david.com\/wp-content\/uploads\/2012\/06\/iso.jpg\" srcset=\"https:\/\/id-david.com\/wp-content\/uploads\/2012\/06\/iso.jpg 387w, https:\/\/id-david.com\/wp-content\/uploads\/2012\/06\/iso-300x164.jpg 300w\" sizes=\"100vw\" alt=\"\" \/><\/div><\/div>[\/vc_column][\/vc_row][vc_row type=&#8221;in_container&#8221; full_screen_row_position=&#8221;middle&#8221; scene_position=&#8221;center&#8221; text_color=&#8221;dark&#8221; text_align=&#8221;left&#8221; overlay_strength=&#8221;0.3&#8243; shape_divider_position=&#8221;bottom&#8221;][vc_column column_padding=&#8221;no-extra-padding&#8221; column_padding_position=&#8221;all&#8221; background_color_opacity=&#8221;1&#8243; background_hover_color_opacity=&#8221;1&#8243; column_shadow=&#8221;none&#8221; column_border_radius=&#8221;none&#8221; width=&#8221;1\/1&#8243; tablet_text_alignment=&#8221;default&#8221; phone_text_alignment=&#8221;default&#8221; column_border_width=&#8221;none&#8221; column_border_style=&#8221;solid&#8221;][vc_custom_heading text=&#8221;Pol\u00edtica de calidad y medio ambiente<br \/>\n&#8221; font_container=&#8221;tag:h3|text_align:center|color:%23306f93&#8243; use_theme_fonts=&#8221;yes&#8221;]<div class=\"divider-wrap\" data-alignment=\"default\"><div style=\"margin-top: 20px; height: 1px; margin-bottom: 20px;\" data-width=\"100%\" data-animate=\"yes\" data-animation-delay=\"\" data-color=\"extra-color-1\" class=\"divider-border\"><\/div><\/div>[vc_column_text]\n<p style=\"text-align: justify;\"><strong>INDUSTRIAS DAVID, S.L.U<\/strong>, la cui attivit\u00e0 \u00e8 la progettazione, produzione e commercializzazione di macchine agricole e servizio di assistenza tecnica, assume i PRINCIPI che costituiscono la sua POLITICA DI QUALIT\u00c0 E AMBIENTE, specificata in: Soddisfare le aspettative dei clienti, che significa essere in grado di offrire, nel rispetto delle esigenze ambientali e di sicurezza, prodotti e servizi che presentano caratteristiche tecniche e di qualit\u00e0 Inoltre l\u2019Azienda si impegna a rendere compatibile il precedente concetto con la prevenzione dell&#8217;inquinamento ambientale, non solo rispettando le leggi e le normative vigenti, ma anche estendendo i suoi requisiti quando questo fosse ritenuto essenziale per l&#8217;ambiente naturale.<\/p>\n<p style=\"text-align: justify;\">Questo implica stabilire linee di azione con obiettivi e scopi specifici che assicurino un processo di miglioramento continuo Realizzazione di servizi di progettazione, produzione, marketing e assistenza tecnica per macchine agricole in grado di soddisfare sia le esigenze dei clienti che i requisiti a norma di legge. Utilizzare in tutti i nostri servizi, le pratiche e le tecnologie pi\u00f9 appropriate per prevenire, ridurre e, per quanto possibile, eliminare i disturbi di qualsiasi natura che possano influire sull&#8217;ambiente, impegnandoci cos\u00ec a prevenire l&#8217;inquinamento.<\/p>\n<p style=\"text-align: justify;\">Garantire che i nostri servizi contemplino e rispettino tutti i requisiti legali ambientali applicabili Fornire una guida di riferimento a determinazione degli obiettivi della qualit\u00e0 e i traguardi ambientali Migliorare continuamente il sistema di gestione integrato Migliorare la gestione dei rifiuti applicando misure adeguate per la riduzione, il recupero e il riciclaggio e la corretta eliminazione dei materiali non recuperabili.<\/p>\n[\/vc_column_text]<div class=\"divider-wrap\" data-alignment=\"default\"><div style=\"height: 40px;\" class=\"divider\"><\/div><\/div>[vc_column_text]\n<p style=\"text-align: justify;\"><strong>INDUSTRIAS DAVID S.L.U<\/strong>. mette la sua <strong>Politica per la Qualit\u00e0 e l&#8217;Ambiente<\/strong> accessibile al pubblico e a tutte le parti interessate.<\/p>\n<p style=\"text-align: justify;\"><strong>Yecla il 16 luglio 2008\u00a0<\/strong><\/p>\n[\/vc_column_text]<div class=\"divider-wrap\" data-alignment=\"default\"><div style=\"height: 40px;\" class=\"divider\"><\/div><\/div>[nectar_btn size=&#8221;large&#8221; open_new_tab=&#8221;true&#8221; button_style=&#8221;see-through-2&#8243; hover_text_color_override=&#8221;#ffffff&#8221; icon_family=&#8221;steadysets&#8221; text=&#8221;Scarica il documento&#8221; url=&#8221;https:\/\/id-david.com\/wp-content\/uploads\/2017\/03\/Politica-de-calidad-y-medio-ambiente.pdf&#8221; css_animation=&#8221;fadeIn&#8221; icon_steadysets=&#8221;steadysets-icon-arrow-down&#8221;][\/vc_column][\/vc_row][vc_row type=&#8221;in_container&#8221; full_screen_row_position=&#8221;middle&#8221; scene_position=&#8221;center&#8221; text_color=&#8221;dark&#8221; text_align=&#8221;left&#8221; overlay_strength=&#8221;0.3&#8243; shape_divider_position=&#8221;bottom&#8221;][vc_column enable_animation=&#8221;true&#8221; animation=&#8221;fade-in&#8221; centered_text=&#8221;true&#8221; column_padding=&#8221;no-extra-padding&#8221; column_padding_position=&#8221;all&#8221; background_color_opacity=&#8221;1&#8243; background_hover_color_opacity=&#8221;1&#8243; column_shadow=&#8221;none&#8221; column_border_radius=&#8221;none&#8221; top_margin=&#8221;50&#8243; bottom_margin=&#8221;50&#8243; width=&#8221;1\/1&#8243; tablet_text_alignment=&#8221;default&#8221; phone_text_alignment=&#8221;default&#8221; column_border_width=&#8221;none&#8221; column_border_style=&#8221;solid&#8221;][vc_custom_heading text=&#8221;Premios&#8221; font_container=&#8221;tag:h3|text_align:center|color:%23306f93&#8243; use_theme_fonts=&#8221;yes&#8221;]<div class=\"divider-wrap\" data-alignment=\"default\"><div style=\"margin-top: 20px; height: 1px; margin-bottom: 20px;\" data-width=\"100%\" data-animate=\"yes\" data-animation-delay=\"\" data-color=\"extra-color-1\" class=\"divider-border\"><\/div><\/div>[vc_column_text]\n<p style=\"text-align: justify;\"><strong>I PREMI<\/strong> ricevuti in tutti questi anni, sono stati ottenuti grazie al lavoro, alla perseveranza e alla dedizione al nostro lavoro. Riconoscimento della nostra costante crescita in innovazione ed evoluzione tecnologica dei nostri prodotti.<\/p>\n[\/vc_column_text]<div class=\"divider-wrap\" data-alignment=\"default\"><div style=\"height: 60px;\" class=\"divider\"><\/div><\/div><div class=\"iwithtext\"><div class=\"iwt-icon\"> <i class=\"icon-default-style icon-trophy extra-color-1\"><\/i> <\/div><div class=\"iwt-text\"> \n<p style=\"text-align: justify;\"><strong>1975:<\/strong> Premio di innovazione tecnologica al FIMA, Fiera Internazionale di Macchine agricole di Saragozza, con INTERCEPPO ELETTROIDRAULICO.<\/p>\n <\/div><div class=\"clear\"><\/div><\/div><div class=\"iwithtext\"><div class=\"iwt-icon\"> <i class=\"icon-default-style icon-trophy extra-color-1\"><\/i> <\/div><div class=\"iwt-text\"> \n<p style=\"text-align: justify;\"><strong>1976:\u00a0<\/strong>Premio di innovazione tecnologica al FIMA, Fiera Internazionale di Macchine agricole di Saragozza, con COLTIVATORE ESTENSIBILE IDRAULICO<\/p>\n <\/div><div class=\"clear\"><\/div><\/div><div class=\"iwithtext\"><div class=\"iwt-icon\"> <i class=\"icon-default-style icon-trophy extra-color-1\"><\/i> <\/div><div class=\"iwt-text\"> \n<p style=\"text-align: justify;\"><strong>2000:<\/strong> PREMIO METAL 2000 nella categoria dell&#8217;innovazione tecnologica.<\/p>\n <\/div><div class=\"clear\"><\/div><\/div><div class=\"iwithtext\"><div class=\"iwt-icon\"> <i class=\"icon-default-style icon-trophy extra-color-1\"><\/i> <\/div><div class=\"iwt-text\"> <strong>2005:<\/strong>\u00a0Premio di innovazione tecnologia alla\u00a0<span style=\"font-weight: 400;\"><a href=\"http:\/\/www.feriazaragoza.es\/fima_agricola.aspx\" target=\"_blank\" rel=\"noopener\">FIMA, Fiera Internazionale delle macchine agricole di Saragozza<\/a><\/span>, con THERMAL SCREEN, sviluppato in collaborazione con REPSOL (premio condiviso). Dispositivo applicabile ai nostri interceppi e destinato al controllo delle erbe infestanti. <\/div><div class=\"clear\"><\/div><\/div><div class=\"iwithtext\"><div class=\"iwt-icon\"> <i class=\"icon-default-style icon-trophy extra-color-1\"><\/i> <\/div><div class=\"iwt-text\"> \n<p style=\"text-align: justify;\"><span style=\"font-weight: 400;\"><strong>2010<\/strong>:\u00a0<strong>PREMIO MERCURIO DE INDUSTRIA. <\/strong><\/span><\/p>\n <\/div><div class=\"clear\"><\/div><\/div>[\/vc_column][\/vc_row]\n","protected":false},"excerpt":{"rendered":"<p>[vc_row type=&#8221;in_container&#8221; full_screen_row_position=&#8221;middle&#8221; scene_position=&#8221;center&#8221; text_color=&#8221;dark&#8221; text_align=&#8221;left&#8221; overlay_strength=&#8221;0.3&#8243; shape_divider_position=&#8221;bottom&#8221;][vc_column column_padding=&#8221;no-extra-padding&#8221; column_padding_position=&#8221;all&#8221; background_color_opacity=&#8221;1&#8243; background_hover_color_opacity=&#8221;1&#8243; column_shadow=&#8221;none&#8221; column_border_radius=&#8221;none&#8221; top_margin=&#8221;50&#8243; width=&#8221;1\/1&#8243; tablet_text_alignment=&#8221;default&#8221; phone_text_alignment=&#8221;default&#8221; column_border_width=&#8221;none&#8221; column_border_style=&#8221;solid&#8221;][vc_column_text] La qualit\u00e0 \u00e8 ora vista come una variabile che determina&#8230;<\/p>\n","protected":false},"author":1,"featured_media":0,"parent":0,"menu_order":0,"comment_status":"open","ping_status":"open","template":"","meta":{"inline_featured_image":false},"yoast_head":"<!-- This site is optimized with the Yoast SEO Premium plugin v18.5 (Yoast SEO v19.13) - https:\/\/yoast.com\/wordpress\/plugins\/seo\/ -->\n<title>Qualit\u00e0 - ID-DAVID, produttore di macchinari agricoli.<\/title>\n<meta name=\"description\" content=\"Siamo certificati ISO9001 e ISO14001, per migliorare l&#039;organizzazione, l&#039;efficienza e l&#039;impegno verso l&#039;ambiente e la qualit\u00e0 dei prodotti.\" \/>\n<meta name=\"robots\" content=\"index, follow, max-snippet:-1, max-image-preview:large, max-video-preview:-1\" \/>\n<link rel=\"canonical\" href=\"https:\/\/id-david.com\/it\/qualita\/\" \/>\n<meta property=\"og:locale\" content=\"it_IT\" \/>\n<meta property=\"og:type\" content=\"article\" \/>\n<meta property=\"og:title\" content=\"Qualit\u00e0\" \/>\n<meta property=\"og:description\" content=\"Siamo certificati ISO9001 e ISO14001, per migliorare l&#039;organizzazione, l&#039;efficienza e l&#039;impegno verso l&#039;ambiente e la qualit\u00e0 dei prodotti.\" \/>\n<meta property=\"og:url\" content=\"https:\/\/id-david.com\/it\/qualita\/\" \/>\n<meta property=\"og:site_name\" content=\"ID-DAVID\" \/>\n<meta property=\"article:publisher\" content=\"https:\/\/www.facebook.com\/industriasdavid\/\" \/>\n<meta property=\"article:modified_time\" content=\"2024-09-17T14:29:26+00:00\" \/>\n<meta name=\"twitter:card\" content=\"summary_large_image\" \/>\n<meta name=\"twitter:site\" content=\"@IDdavidslu\" \/>\n<meta name=\"twitter:label1\" content=\"Tempo di lettura stimato\" \/>\n\t<meta name=\"twitter:data1\" content=\"6 minuti\" \/>\n<script type=\"application\/ld+json\" class=\"yoast-schema-graph\">{\"@context\":\"https:\/\/schema.org\",\"@graph\":[{\"@type\":\"WebPage\",\"@id\":\"https:\/\/id-david.com\/it\/qualita\/\",\"url\":\"https:\/\/id-david.com\/it\/qualita\/\",\"name\":\"Qualit\u00e0 - ID-DAVID, produttore di macchinari agricoli.\",\"isPartOf\":{\"@id\":\"https:\/\/id-david.com\/#website\"},\"datePublished\":\"2012-06-19T12:55:47+00:00\",\"dateModified\":\"2024-09-17T14:29:26+00:00\",\"description\":\"Siamo certificati ISO9001 e ISO14001, per migliorare l'organizzazione, l'efficienza e l'impegno verso l'ambiente e la qualit\u00e0 dei prodotti.\",\"breadcrumb\":{\"@id\":\"https:\/\/id-david.com\/it\/qualita\/#breadcrumb\"},\"inLanguage\":\"it-IT\",\"potentialAction\":[{\"@type\":\"ReadAction\",\"target\":[\"https:\/\/id-david.com\/it\/qualita\/\"]}]},{\"@type\":\"BreadcrumbList\",\"@id\":\"https:\/\/id-david.com\/it\/qualita\/#breadcrumb\",\"itemListElement\":[{\"@type\":\"ListItem\",\"position\":1,\"name\":\"Home\",\"item\":\"https:\/\/id-david.com\/it\/\"},{\"@type\":\"ListItem\",\"position\":2,\"name\":\"Qualit\u00e0\"}]},{\"@type\":\"WebSite\",\"@id\":\"https:\/\/id-david.com\/#website\",\"url\":\"https:\/\/id-david.com\/\",\"name\":\"ID-DAVID\",\"description\":\"Eficacia y tecnolog\u00eda para sus cultivos\",\"publisher\":{\"@id\":\"https:\/\/id-david.com\/#organization\"},\"potentialAction\":[{\"@type\":\"SearchAction\",\"target\":{\"@type\":\"EntryPoint\",\"urlTemplate\":\"https:\/\/id-david.com\/?s={search_term_string}\"},\"query-input\":\"required name=search_term_string\"}],\"inLanguage\":\"it-IT\"},{\"@type\":\"Organization\",\"@id\":\"https:\/\/id-david.com\/#organization\",\"name\":\"Industrias David S.L.U.\",\"url\":\"https:\/\/id-david.com\/\",\"logo\":{\"@type\":\"ImageObject\",\"inLanguage\":\"it-IT\",\"@id\":\"https:\/\/id-david.com\/#\/schema\/logo\/image\/\",\"url\":\"https:\/\/id-david.com\/wp-content\/uploads\/2017\/03\/id-david_logo_2017.png\",\"contentUrl\":\"https:\/\/id-david.com\/wp-content\/uploads\/2017\/03\/id-david_logo_2017.png\",\"width\":350,\"height\":128,\"caption\":\"Industrias David S.L.U.\"},\"image\":{\"@id\":\"https:\/\/id-david.com\/#\/schema\/logo\/image\/\"},\"sameAs\":[\"https:\/\/es.linkedin.com\/company\/industrias-david-s-l-u\",\"https:\/\/www.youtube.com\/user\/industriasdavid\",\"https:\/\/www.facebook.com\/industriasdavid\/\",\"https:\/\/twitter.com\/IDdavidslu\"]}]}<\/script>\n<!-- \/ Yoast SEO Premium plugin. -->","yoast_head_json":{"title":"Qualit\u00e0 - ID-DAVID, produttore di macchinari agricoli.","description":"Siamo certificati ISO9001 e ISO14001, per migliorare l'organizzazione, l'efficienza e l'impegno verso l'ambiente e la qualit\u00e0 dei prodotti.","robots":{"index":"index","follow":"follow","max-snippet":"max-snippet:-1","max-image-preview":"max-image-preview:large","max-video-preview":"max-video-preview:-1"},"canonical":"https:\/\/id-david.com\/it\/qualita\/","og_locale":"it_IT","og_type":"article","og_title":"Qualit\u00e0","og_description":"Siamo certificati ISO9001 e ISO14001, per migliorare l'organizzazione, l'efficienza e l'impegno verso l'ambiente e la qualit\u00e0 dei prodotti.","og_url":"https:\/\/id-david.com\/it\/qualita\/","og_site_name":"ID-DAVID","article_publisher":"https:\/\/www.facebook.com\/industriasdavid\/","article_modified_time":"2024-09-17T14:29:26+00:00","twitter_card":"summary_large_image","twitter_site":"@IDdavidslu","twitter_misc":{"Tempo di lettura stimato":"6 minuti"},"schema":{"@context":"https:\/\/schema.org","@graph":[{"@type":"WebPage","@id":"https:\/\/id-david.com\/it\/qualita\/","url":"https:\/\/id-david.com\/it\/qualita\/","name":"Qualit\u00e0 - ID-DAVID, produttore di macchinari agricoli.","isPartOf":{"@id":"https:\/\/id-david.com\/#website"},"datePublished":"2012-06-19T12:55:47+00:00","dateModified":"2024-09-17T14:29:26+00:00","description":"Siamo certificati ISO9001 e ISO14001, per migliorare l'organizzazione, l'efficienza e l'impegno verso l'ambiente e la qualit\u00e0 dei prodotti.","breadcrumb":{"@id":"https:\/\/id-david.com\/it\/qualita\/#breadcrumb"},"inLanguage":"it-IT","potentialAction":[{"@type":"ReadAction","target":["https:\/\/id-david.com\/it\/qualita\/"]}]},{"@type":"BreadcrumbList","@id":"https:\/\/id-david.com\/it\/qualita\/#breadcrumb","itemListElement":[{"@type":"ListItem","position":1,"name":"Home","item":"https:\/\/id-david.com\/it\/"},{"@type":"ListItem","position":2,"name":"Qualit\u00e0"}]},{"@type":"WebSite","@id":"https:\/\/id-david.com\/#website","url":"https:\/\/id-david.com\/","name":"ID-DAVID","description":"Eficacia y tecnolog\u00eda para sus cultivos","publisher":{"@id":"https:\/\/id-david.com\/#organization"},"potentialAction":[{"@type":"SearchAction","target":{"@type":"EntryPoint","urlTemplate":"https:\/\/id-david.com\/?s={search_term_string}"},"query-input":"required name=search_term_string"}],"inLanguage":"it-IT"},{"@type":"Organization","@id":"https:\/\/id-david.com\/#organization","name":"Industrias David S.L.U.","url":"https:\/\/id-david.com\/","logo":{"@type":"ImageObject","inLanguage":"it-IT","@id":"https:\/\/id-david.com\/#\/schema\/logo\/image\/","url":"https:\/\/id-david.com\/wp-content\/uploads\/2017\/03\/id-david_logo_2017.png","contentUrl":"https:\/\/id-david.com\/wp-content\/uploads\/2017\/03\/id-david_logo_2017.png","width":350,"height":128,"caption":"Industrias David S.L.U."},"image":{"@id":"https:\/\/id-david.com\/#\/schema\/logo\/image\/"},"sameAs":["https:\/\/es.linkedin.com\/company\/industrias-david-s-l-u","https:\/\/www.youtube.com\/user\/industriasdavid","https:\/\/www.facebook.com\/industriasdavid\/","https:\/\/twitter.com\/IDdavidslu"]}]}},"jetpack_sharing_enabled":true,"jetpack_shortlink":"https:\/\/wp.me\/PgBPkj-1vG","_links":{"self":[{"href":"https:\/\/id-david.com\/it\/wp-json\/wp\/v2\/pages\/5808"}],"collection":[{"href":"https:\/\/id-david.com\/it\/wp-json\/wp\/v2\/pages"}],"about":[{"href":"https:\/\/id-david.com\/it\/wp-json\/wp\/v2\/types\/page"}],"author":[{"embeddable":true,"href":"https:\/\/id-david.com\/it\/wp-json\/wp\/v2\/users\/1"}],"replies":[{"embeddable":true,"href":"https:\/\/id-david.com\/it\/wp-json\/wp\/v2\/comments?post=5808"}],"version-history":[{"count":1,"href":"https:\/\/id-david.com\/it\/wp-json\/wp\/v2\/pages\/5808\/revisions"}],"predecessor-version":[{"id":15520,"href":"https:\/\/id-david.com\/it\/wp-json\/wp\/v2\/pages\/5808\/revisions\/15520"}],"wp:attachment":[{"href":"https:\/\/id-david.com\/it\/wp-json\/wp\/v2\/media?parent=5808"}],"curies":[{"name":"wp","href":"https:\/\/api.w.org\/{rel}","templated":true}]}}