{"id":5828,"date":"2017-03-23T16:02:20","date_gmt":"2017-03-23T14:02:20","guid":{"rendered":"https:\/\/id-david.com\/avviso-legale\/"},"modified":"2022-06-29T11:46:55","modified_gmt":"2022-06-29T09:46:55","slug":"avviso-legale","status":"publish","type":"page","link":"https:\/\/id-david.com\/it\/avviso-legale\/","title":{"rendered":"Avviso legale"},"content":{"rendered":"[vc_row type=&#8221;in_container&#8221; full_screen_row_position=&#8221;middle&#8221; scene_position=&#8221;center&#8221; text_color=&#8221;dark&#8221; text_align=&#8221;left&#8221; overlay_strength=&#8221;0.3&#8243; shape_divider_position=&#8221;bottom&#8221; bg_image_animation=&#8221;none&#8221;][vc_column column_padding=&#8221;no-extra-padding&#8221; column_padding_position=&#8221;all&#8221; background_color_opacity=&#8221;1&#8243; background_hover_color_opacity=&#8221;1&#8243; column_link_target=&#8221;_self&#8221; column_shadow=&#8221;none&#8221; column_border_radius=&#8221;none&#8221; width=&#8221;1\/1&#8243; tablet_width_inherit=&#8221;default&#8221; tablet_text_alignment=&#8221;default&#8221; phone_text_alignment=&#8221;default&#8221; column_border_width=&#8221;none&#8221; column_border_style=&#8221;solid&#8221; bg_image_animation=&#8221;none&#8221;][vc_column_text]<strong>Avviso legale per il sito web<\/strong><\/p>\n<p>&nbsp;<\/p>\n<p>Al fine di rispettare l&#8217;articolo 10 della Legge 34\/2002 sui Servizi della Societ\u00e0 dell&#8217;Informazione e del Commercio Elettronico, informiamo l&#8217;utente dei nostri dati:<\/p>\n<p>&nbsp;<\/p>\n<p>Denominazione sociale: INDUSTRIES DAVID, S.L.U.<\/p>\n<p>Sede legale: P.I. URBAYECLA II, S\/N PARCELLE 28\/30 APDO 6 &#8211; 30510 &#8211; YECLA &#8211; MURCIA<\/p>\n<p>Codice fiscale NIF: B30019616<\/p>\n<p>Telefono: 968718119<\/p>\n<p>e-mail: info@industriasdavid.com<\/p>\n<p>Dati di registrazione: Iscritta nel Registro delle Imprese di MURCIA T 454, F 108, S 8, H MU 8677<\/p>\n<p>Sito Web: https:\/\/id-david.com\/.<\/p>\n<p>&nbsp;<\/p>\n<p><strong>Oggetto<\/strong><\/p>\n<p>Il fornitore, responsabile del sito web, mette a disposizione degli utenti il presente documento con il quale intende adempiere agli obblighi previsti dalla Legge 34\/2002, sui Servizi della Societ\u00e0 dell&#8217;Informazione e del Commercio Elettronico (LSSI-CE), nonch\u00e9 informare tutti gli utenti del sito web sulle condizioni di utilizzo del sito stesso.<\/p>\n<p>Chiunque acceda a questo sito web assume il ruolo di utente, impegnandosi a osservare e rispettare rigorosamente le disposizioni del presente documento, nonch\u00e9 qualsiasi altra disposizione di legge applicabile.<\/p>\n<p>Il fornitore si riserva il diritto di modificare qualsiasi tipo di informazione che possa apparire sul sito web, senza che vi sia alcun obbligo di preavviso o di informare gli utenti di tali obblighi, intendendosi come sufficiente la pubblicazione sul sito web del fornitore.<\/p>\n<p>&nbsp;<\/p>\n<p>&nbsp;<\/p>\n<p><strong>Responsabilit\u00e0<\/strong><\/p>\n<p>Il fornitore declina ogni responsabilit\u00e0 per le informazioni pubblicate sul proprio sito web, nel caso in cui tali informazioni siano state manipolate o introdotte da terzi esterni allo stesso.<\/p>\n<p>Il sito web del fornitore pu\u00f2 utilizzare i cookie (piccoli file di informazioni che il server invia al dispositivo di chi accede alla pagina). Per ulteriori informazioni, consulta la nostra Politica sui cookie.<\/p>\n<p>&nbsp;<\/p>\n<p>\u00c8 possibile che dal sito web del cliente si venga reindirizzati a dei contenuti di siti web di terzi. Dal momento che il fornitore non pu\u00f2 controllare sempre i contenuti inseriti da terzi nei propri siti web, egli non si assume alcun tipo di responsabilit\u00e0 relativamente a tali contenuti. Ad ogni modo, il fornitore garantisce di procedere alla rimozione immediata di qualsiasi contenuto che potrebbe violare la legislazione nazionale o internazionale, la morale o l&#8217;ordine pubblico, procedendo alla rimozione immediata del reindirizzamento a detto sito web e comunicando alle autorit\u00e0 competenti il contenuto in questione.<\/p>\n<p>&nbsp;<\/p>\n<p>Il fornitore non \u00e8 responsabile delle informazioni e dei contenuti memorizzati, inclusi, a titolo esemplificativo, forum, chat, generatori di blog, commenti, social network o qualsiasi altro mezzo che consenta a terzi di pubblicare contenuti in modo indipendente sul sito web del fornitore. Tuttavia, e nel rispetto di quanto previsto dagli articoli 11 e 16 della LSSI-CE, il fornitore si rende disponibile a tutti gli utenti, autorit\u00e0 e forze di sicurezza e collabora attivamente al ritiro o, se del caso, al blocco di tutti i contenuti che potrebbero influenzare o contravvenire alla legislazione diritti o morali e ordine pubblico nazionali o internazionali. Nel caso in cui l&#8217;utente ritenga che nel Sito Web vi sia qualche contenuto che potrebbe essere classificato in questo modo, \u00e8 pregato di notificarlo immediatamente all&#8217;amministratore del sito web.<\/p>\n<p>&nbsp;<\/p>\n<p>Questo sito web \u00e8 stato esaminato e testato per garantirne il corretto funzionamento. In linea di principio, il corretto funzionamento pu\u00f2 essere garantito 365 giorni all&#8217;anno, 24 ore al giorno. Tuttavia, il fornitore non esclude l&#8217;esistenza di alcuni errori di programmazione o il verificarsi di cause di forza maggiore, catastrofi naturali, scioperi o circostanze simili che rendano impossibile l&#8217;accesso al sito web.<\/p>\n<p>&nbsp;<\/p>\n<p>&nbsp;<\/p>\n<p><strong>Propriet\u00e0 intellettuale e industriale<\/strong><\/p>\n<p>Il sito web, compresi, a titolo esemplificativo e non esaustivo, la programmazione, la redazione, la compilazione e gli altri elementi necessari al suo funzionamento, i disegni, i loghi, i testi e\/o la grafica sono di propriet\u00e0 del fornitore o, se del caso, sono concessi in licenza o espressamente autorizzati dagli autori. Tutti i contenuti del sito web sono debitamente protetti dalla normativa sulla propriet\u00e0 intellettuale e industriale, nonch\u00e9 registrati nei corrispondenti registri pubblici.<\/p>\n<p>&nbsp;<\/p>\n<p>IIndipendentemente dallo scopo per cui sono stati concepiti, la riproduzione totale o parziale, l&#8217;uso, lo sfruttamento, la distribuzione e la commercializzazione richiedono in ogni caso la previa autorizzazione scritta del fornitore. Qualsiasi uso non autorizzato da parte del fornitore sar\u00e0 considerato una grave violazione dei diritti di propriet\u00e0 intellettuale o industriale dell&#8217;autore.<\/p>\n<p>&nbsp;<\/p>\n<p>I disegni, i loghi, i testi e\/o la grafica che non appartengono al fornitore e che possono comparire sul sito web appartengono ai rispettivi proprietari, i quali sono responsabili di ogni eventuale controversia che possa sorgere in merito. In ogni caso, il fornitore ha l&#8217;autorizzazione espressa e preventiva da parte degli stessi.<\/p>\n<p>&nbsp;<\/p>\n<p>Il fornitore NON AUTORIZZA espressamente terzi a reindirizzare direttamente ai contenuti specifici del sito web, e in ogni caso deve reindirizzare al sito web principale del fornitore.<\/p>\n<p>&nbsp;<\/p>\n<p>Il fornitore riconosce i corrispondenti diritti di propriet\u00e0 industriale e intellettuale a favore dei loro proprietari, e la loro semplice menzione o apparizione sul sito web non implica l&#8217;esistenza di alcun diritto o responsabilit\u00e0 da parte del fornitore in relazione agli stessi, n\u00e9 alcun avallo, sponsorizzazione o raccomandazione da parte dello stesso.<\/p>\n<p>Per qualsiasi tipo di osservazione in merito a eventuali violazioni dei diritti di propriet\u00e0 intellettuale o industriale, nonch\u00e9 su qualsiasi contenuto del sito web, \u00e8 possibile inviare un&#8217;e-mail al seguente indirizzo.<\/p>\n<p>&nbsp;<\/p>\n<p>&nbsp;<\/p>\n<p><strong>Veridicit\u00e0 delle informazioni e minori.<\/strong><\/p>\n<p>Tutte le informazioni fornite dall&#8217;Utente devono essere veritiere. A tal fine, l&#8217;Utente garantisce l&#8217;autenticit\u00e0 dei dati comunicati attraverso i moduli per la sottoscrizione dei Servizi. Sar\u00e0 responsabilit\u00e0 dell&#8217;Utente mantenere costantemente aggiornate tutte le informazioni fornite a INDUSTRIAS DAVID, S.L.U. in modo che corrispondano, in ogni momento, alla sua situazione reale. In ogni caso, l&#8217;Utente sar\u00e0 l&#8217;unico responsabile delle dichiarazioni false o inesatte e di eventuali danni causati al fornitore o a terzi. Per poter utilizzare i servizi di questo sito web, i minori devono sempre ottenere il consenso preventivo dei genitori, dei tutori o dei rappresentanti legali, che sono in ultima analisi responsabili di tutti gli atti compiuti dai minori a loro affidati. La responsabilit\u00e0 di determinare i contenuti specifici a cui i minori accedono ricade sui minori stessi; per questo motivo, se accedono a contenuti inappropriati su Internet, \u00e8 necessario mettere in atto meccanismi sui loro computer, in particolare software, filtri e blocchi, per limitare i contenuti disponibili e, sebbene non siano infallibili, sono particolarmente utili per controllare e limitare il materiale a cui i minori possono accedere.<\/p>\n<p>&nbsp;<\/p>\n<p>&nbsp;<\/p>\n<p><strong>Obbligo di utilizzare correttamente il sito web.<\/strong><\/p>\n<p>L&#8217;Utente si impegna a utilizzare il sito web in conformit\u00e0 con la Legge e le presenti Note Legali, nonch\u00e9 alla morale e al buon costume. A tal fine, l&#8217;Utente si asterr\u00e0 dall&#8217;utilizzare il sito per scopi illeciti o proibiti, lesivi dei diritti e degli interessi di terzi, o che in qualsiasi modo possano danneggiare, disabilitare, sovraccaricare, deteriorare o impedire il normale utilizzo di apparecchiature informatiche o documenti, file e tutti i tipi di contenuti memorizzati in qualsiasi apparecchiatura informatica del fornitore.<\/p>\n<p>In particolare, e a titolo indicativo ma non esaustivo, l&#8217;Utente si impegna a non trasmettere, diffondere o mettere a disposizione di terzi informazioni, dati, contenuti, messaggi, grafici, disegni, file audio o immagini, fotografie, registrazioni, software e, in generale, qualsiasi tipo di materiale che:<\/p>\n<p>&nbsp;<\/p>\n<p>(a) sia contrario, disprezzi o violi i diritti fondamentali e le libert\u00e0 pubbliche riconosciute costituzionalmente, nei trattati internazionali e in altre norme vigenti;<\/p>\n<p>(b) induca, inciti o promuova azioni criminali, denigratorie, diffamatorie, violente o, in generale, contrarie alla legge, alla morale e all&#8217;ordine pubblico;<\/p>\n<p>(c) induca, inciti o promuova azioni, atteggiamenti o pensieri discriminatori basati su sesso, razza, religione, credenze, et\u00e0 o status;<\/p>\n<p>(d) sia contrario al diritto, all&#8217;onore, alla privacy personale o familiare o all&#8217;immagine stessa delle persone;<\/p>\n<p>(e) in qualsiasi modo pregiudichi la credibilit\u00e0 del fornitore o di terzi; e<\/p>\n<p>(f) costituisca pubblicit\u00e0 illecita, ingannevole o sleale.<\/p>\n<p>&nbsp;<\/p>\n<p>&nbsp;<\/p>\n<p><strong>Legge applicabile e giurisdizione.<\/strong><\/p>\n<p>Per la risoluzione di controversie o questioni relative a questo sito web o alle attivit\u00e0 svolte su di esso, si applicher\u00e0 la legislazione spagnola, alla quale le parti si sottomettono espressamente, e le Corti e i Tribunali di YECLA saranno competenti per la risoluzione di tutte le controversie derivanti da o relative al suo utilizzo.<\/p>\n[\/vc_column_text][\/vc_column][\/vc_row]\n","protected":false},"excerpt":{"rendered":"<p>[vc_row type=&#8221;in_container&#8221; full_screen_row_position=&#8221;middle&#8221; scene_position=&#8221;center&#8221; text_color=&#8221;dark&#8221; text_align=&#8221;left&#8221; overlay_strength=&#8221;0.3&#8243; shape_divider_position=&#8221;bottom&#8221; bg_image_animation=&#8221;none&#8221;][vc_column column_padding=&#8221;no-extra-padding&#8221; column_padding_position=&#8221;all&#8221; background_color_opacity=&#8221;1&#8243; background_hover_color_opacity=&#8221;1&#8243; column_link_target=&#8221;_self&#8221; column_shadow=&#8221;none&#8221; column_border_radius=&#8221;none&#8221; width=&#8221;1\/1&#8243; tablet_width_inherit=&#8221;default&#8221; tablet_text_alignment=&#8221;default&#8221; phone_text_alignment=&#8221;default&#8221; column_border_width=&#8221;none&#8221; column_border_style=&#8221;solid&#8221; bg_image_animation=&#8221;none&#8221;][vc_column_text]Avviso legale per il sito web &nbsp; Al&#8230;<\/p>\n","protected":false},"author":1,"featured_media":0,"parent":0,"menu_order":0,"comment_status":"closed","ping_status":"closed","template":"","meta":{"inline_featured_image":false},"yoast_head":"<!-- This site is optimized with the Yoast SEO Premium plugin v18.5 (Yoast SEO v19.13) - https:\/\/yoast.com\/wordpress\/plugins\/seo\/ -->\n<title>Avviso legale - ID-DAVID<\/title>\n<meta name=\"robots\" content=\"noindex, follow\" \/>\n<meta property=\"og:locale\" content=\"it_IT\" \/>\n<meta property=\"og:type\" content=\"article\" \/>\n<meta property=\"og:title\" content=\"Avviso legale\" \/>\n<meta property=\"og:description\" content=\"[vc_row type=&#8221;in_container&#8221; full_screen_row_position=&#8221;middle&#8221; scene_position=&#8221;center&#8221; text_color=&#8221;dark&#8221; text_align=&#8221;left&#8221; overlay_strength=&#8221;0.3&#8243; shape_divider_position=&#8221;bottom&#8221; bg_image_animation=&#8221;none&#8221;][vc_column column_padding=&#8221;no-extra-padding&#8221; column_padding_position=&#8221;all&#8221; background_color_opacity=&#8221;1&#8243; background_hover_color_opacity=&#8221;1&#8243; column_link_target=&#8221;_self&#8221; column_shadow=&#8221;none&#8221; column_border_radius=&#8221;none&#8221; width=&#8221;1\/1&#8243; tablet_width_inherit=&#8221;default&#8221; tablet_text_alignment=&#8221;default&#8221; phone_text_alignment=&#8221;default&#8221; column_border_width=&#8221;none&#8221; column_border_style=&#8221;solid&#8221; bg_image_animation=&#8221;none&#8221;][vc_column_text]Avviso legale per il sito web &nbsp; Al...\" \/>\n<meta property=\"og:url\" content=\"https:\/\/id-david.com\/it\/avviso-legale\/\" \/>\n<meta property=\"og:site_name\" content=\"ID-DAVID\" \/>\n<meta property=\"article:publisher\" content=\"https:\/\/www.facebook.com\/industriasdavid\/\" \/>\n<meta property=\"article:modified_time\" content=\"2022-06-29T09:46:55+00:00\" \/>\n<meta name=\"twitter:card\" content=\"summary_large_image\" \/>\n<meta name=\"twitter:site\" content=\"@IDdavidslu\" \/>\n<meta name=\"twitter:label1\" content=\"Tempo di lettura stimato\" \/>\n\t<meta name=\"twitter:data1\" content=\"7 minuti\" \/>\n<script type=\"application\/ld+json\" class=\"yoast-schema-graph\">{\"@context\":\"https:\/\/schema.org\",\"@graph\":[{\"@type\":\"WebPage\",\"@id\":\"https:\/\/id-david.com\/it\/avviso-legale\/\",\"url\":\"https:\/\/id-david.com\/it\/avviso-legale\/\",\"name\":\"Avviso legale - ID-DAVID\",\"isPartOf\":{\"@id\":\"https:\/\/id-david.com\/#website\"},\"datePublished\":\"2017-03-23T14:02:20+00:00\",\"dateModified\":\"2022-06-29T09:46:55+00:00\",\"breadcrumb\":{\"@id\":\"https:\/\/id-david.com\/it\/avviso-legale\/#breadcrumb\"},\"inLanguage\":\"it-IT\",\"potentialAction\":[{\"@type\":\"ReadAction\",\"target\":[\"https:\/\/id-david.com\/it\/avviso-legale\/\"]}]},{\"@type\":\"BreadcrumbList\",\"@id\":\"https:\/\/id-david.com\/it\/avviso-legale\/#breadcrumb\",\"itemListElement\":[{\"@type\":\"ListItem\",\"position\":1,\"name\":\"Home\",\"item\":\"https:\/\/id-david.com\/it\/\"},{\"@type\":\"ListItem\",\"position\":2,\"name\":\"Avviso legale\"}]},{\"@type\":\"WebSite\",\"@id\":\"https:\/\/id-david.com\/#website\",\"url\":\"https:\/\/id-david.com\/\",\"name\":\"ID-DAVID\",\"description\":\"Eficacia y tecnolog\u00eda para sus cultivos\",\"publisher\":{\"@id\":\"https:\/\/id-david.com\/#organization\"},\"potentialAction\":[{\"@type\":\"SearchAction\",\"target\":{\"@type\":\"EntryPoint\",\"urlTemplate\":\"https:\/\/id-david.com\/?s={search_term_string}\"},\"query-input\":\"required name=search_term_string\"}],\"inLanguage\":\"it-IT\"},{\"@type\":\"Organization\",\"@id\":\"https:\/\/id-david.com\/#organization\",\"name\":\"Industrias David S.L.U.\",\"url\":\"https:\/\/id-david.com\/\",\"logo\":{\"@type\":\"ImageObject\",\"inLanguage\":\"it-IT\",\"@id\":\"https:\/\/id-david.com\/#\/schema\/logo\/image\/\",\"url\":\"https:\/\/id-david.com\/wp-content\/uploads\/2017\/03\/id-david_logo_2017.png\",\"contentUrl\":\"https:\/\/id-david.com\/wp-content\/uploads\/2017\/03\/id-david_logo_2017.png\",\"width\":350,\"height\":128,\"caption\":\"Industrias David S.L.U.\"},\"image\":{\"@id\":\"https:\/\/id-david.com\/#\/schema\/logo\/image\/\"},\"sameAs\":[\"https:\/\/es.linkedin.com\/company\/industrias-david-s-l-u\",\"https:\/\/www.youtube.com\/user\/industriasdavid\",\"https:\/\/www.facebook.com\/industriasdavid\/\",\"https:\/\/twitter.com\/IDdavidslu\"]}]}<\/script>\n<!-- \/ Yoast SEO Premium plugin. -->","yoast_head_json":{"title":"Avviso legale - ID-DAVID","robots":{"index":"noindex","follow":"follow"},"og_locale":"it_IT","og_type":"article","og_title":"Avviso legale","og_description":"[vc_row type=&#8221;in_container&#8221; full_screen_row_position=&#8221;middle&#8221; scene_position=&#8221;center&#8221; text_color=&#8221;dark&#8221; text_align=&#8221;left&#8221; overlay_strength=&#8221;0.3&#8243; shape_divider_position=&#8221;bottom&#8221; bg_image_animation=&#8221;none&#8221;][vc_column column_padding=&#8221;no-extra-padding&#8221; column_padding_position=&#8221;all&#8221; background_color_opacity=&#8221;1&#8243; background_hover_color_opacity=&#8221;1&#8243; column_link_target=&#8221;_self&#8221; column_shadow=&#8221;none&#8221; column_border_radius=&#8221;none&#8221; width=&#8221;1\/1&#8243; tablet_width_inherit=&#8221;default&#8221; tablet_text_alignment=&#8221;default&#8221; phone_text_alignment=&#8221;default&#8221; column_border_width=&#8221;none&#8221; column_border_style=&#8221;solid&#8221; bg_image_animation=&#8221;none&#8221;][vc_column_text]Avviso legale per il sito web &nbsp; Al...","og_url":"https:\/\/id-david.com\/it\/avviso-legale\/","og_site_name":"ID-DAVID","article_publisher":"https:\/\/www.facebook.com\/industriasdavid\/","article_modified_time":"2022-06-29T09:46:55+00:00","twitter_card":"summary_large_image","twitter_site":"@IDdavidslu","twitter_misc":{"Tempo di lettura stimato":"7 minuti"},"schema":{"@context":"https:\/\/schema.org","@graph":[{"@type":"WebPage","@id":"https:\/\/id-david.com\/it\/avviso-legale\/","url":"https:\/\/id-david.com\/it\/avviso-legale\/","name":"Avviso legale - ID-DAVID","isPartOf":{"@id":"https:\/\/id-david.com\/#website"},"datePublished":"2017-03-23T14:02:20+00:00","dateModified":"2022-06-29T09:46:55+00:00","breadcrumb":{"@id":"https:\/\/id-david.com\/it\/avviso-legale\/#breadcrumb"},"inLanguage":"it-IT","potentialAction":[{"@type":"ReadAction","target":["https:\/\/id-david.com\/it\/avviso-legale\/"]}]},{"@type":"BreadcrumbList","@id":"https:\/\/id-david.com\/it\/avviso-legale\/#breadcrumb","itemListElement":[{"@type":"ListItem","position":1,"name":"Home","item":"https:\/\/id-david.com\/it\/"},{"@type":"ListItem","position":2,"name":"Avviso legale"}]},{"@type":"WebSite","@id":"https:\/\/id-david.com\/#website","url":"https:\/\/id-david.com\/","name":"ID-DAVID","description":"Eficacia y tecnolog\u00eda para sus cultivos","publisher":{"@id":"https:\/\/id-david.com\/#organization"},"potentialAction":[{"@type":"SearchAction","target":{"@type":"EntryPoint","urlTemplate":"https:\/\/id-david.com\/?s={search_term_string}"},"query-input":"required name=search_term_string"}],"inLanguage":"it-IT"},{"@type":"Organization","@id":"https:\/\/id-david.com\/#organization","name":"Industrias David S.L.U.","url":"https:\/\/id-david.com\/","logo":{"@type":"ImageObject","inLanguage":"it-IT","@id":"https:\/\/id-david.com\/#\/schema\/logo\/image\/","url":"https:\/\/id-david.com\/wp-content\/uploads\/2017\/03\/id-david_logo_2017.png","contentUrl":"https:\/\/id-david.com\/wp-content\/uploads\/2017\/03\/id-david_logo_2017.png","width":350,"height":128,"caption":"Industrias David S.L.U."},"image":{"@id":"https:\/\/id-david.com\/#\/schema\/logo\/image\/"},"sameAs":["https:\/\/es.linkedin.com\/company\/industrias-david-s-l-u","https:\/\/www.youtube.com\/user\/industriasdavid","https:\/\/www.facebook.com\/industriasdavid\/","https:\/\/twitter.com\/IDdavidslu"]}]}},"jetpack_sharing_enabled":true,"jetpack_shortlink":"https:\/\/wp.me\/PgBPkj-1w0","_links":{"self":[{"href":"https:\/\/id-david.com\/it\/wp-json\/wp\/v2\/pages\/5828"}],"collection":[{"href":"https:\/\/id-david.com\/it\/wp-json\/wp\/v2\/pages"}],"about":[{"href":"https:\/\/id-david.com\/it\/wp-json\/wp\/v2\/types\/page"}],"author":[{"embeddable":true,"href":"https:\/\/id-david.com\/it\/wp-json\/wp\/v2\/users\/1"}],"replies":[{"embeddable":true,"href":"https:\/\/id-david.com\/it\/wp-json\/wp\/v2\/comments?post=5828"}],"version-history":[{"count":0,"href":"https:\/\/id-david.com\/it\/wp-json\/wp\/v2\/pages\/5828\/revisions"}],"wp:attachment":[{"href":"https:\/\/id-david.com\/it\/wp-json\/wp\/v2\/media?parent=5828"}],"curies":[{"name":"wp","href":"https:\/\/api.w.org\/{rel}","templated":true}]}}